{"id":10583,"date":"2022-06-10T20:39:28","date_gmt":"2022-06-10T18:39:28","guid":{"rendered":"http:\/\/lfv-oberholz.de\/cms\/?page_id=10583"},"modified":"2023-06-27T21:07:35","modified_gmt":"2023-06-27T19:07:35","slug":"intersport-runclub","status":"publish","type":"page","link":"https:\/\/lfv-oberholz.de\/cms\/intersport-runclub\/","title":{"rendered":"INTERSPORT RUNCLUB"},"content":{"rendered":"<p>&#8211; Entwurf &#8211;<\/p>\n<h2>Informationen zum INTERSPORT RUNCLUB<\/h2>\n<h3>Ein Service von INTERSPORT und Veranstalter<\/h3>\n<p>DER INTERSPORT RUNCLUB ist zur Zeit im Aufbau. In Zusammenarbeit mit INTERSPORT werden ausgew\u00e4hlte Laufevents mit diversen Serviceleistungen zum Vorteil der Teilnehmer unterst\u00fctzt. Die Art und Gr\u00f6\u00dfe der Unterst\u00fctzung ist abh\u00e4ngig von der Gr\u00f6\u00dfe der Veranstaltung, letztlich den Teilnehmerzahlen.<\/p>\n<p>Die Leistungen k\u00f6nnen beinhalten:<\/p>\n<p>&#8211; ein pers\u00f6nliches Motivationsvideo<\/p>\n<p><a href=\"https:\/\/lfv-oberholz.de\/cms\/wp-content\/uploads\/Post-Motivationsvideo.png\"><img loading=\"lazy\" decoding=\"async\" class=\"alignnone wp-image-13890\" src=\"https:\/\/lfv-oberholz.de\/cms\/wp-content\/uploads\/Post-Motivationsvideo-300x300.png\" alt=\"\" width=\"199\" height=\"199\" srcset=\"https:\/\/lfv-oberholz.de\/cms\/wp-content\/uploads\/Post-Motivationsvideo-300x300.png 300w, https:\/\/lfv-oberholz.de\/cms\/wp-content\/uploads\/Post-Motivationsvideo-1024x1024.png 1024w, https:\/\/lfv-oberholz.de\/cms\/wp-content\/uploads\/Post-Motivationsvideo-150x150.png 150w, https:\/\/lfv-oberholz.de\/cms\/wp-content\/uploads\/Post-Motivationsvideo-768x768.png 768w, https:\/\/lfv-oberholz.de\/cms\/wp-content\/uploads\/Post-Motivationsvideo-1536x1536.png 1536w, https:\/\/lfv-oberholz.de\/cms\/wp-content\/uploads\/Post-Motivationsvideo-2048x2048.png 2048w\" sizes=\"auto, (max-width: 199px) 100vw, 199px\" \/><\/a> Link ist nicht mehr verf\u00fcgbar. Diese Veranstaltung hat bereits stattgefunden.<\/p>\n<p>&#8211; ein pers\u00f6nliches Finishervideo<br \/>\n<a href=\"https:\/\/lfv-oberholz.de\/cms\/wp-content\/uploads\/Post-generisches-Finisher-Video.png\"><img loading=\"lazy\" decoding=\"async\" class=\"alignnone wp-image-13900 size-medium\" src=\"https:\/\/lfv-oberholz.de\/cms\/wp-content\/uploads\/Post-generisches-Finisher-Video-300x300.png\" alt=\"\" width=\"300\" height=\"300\" srcset=\"https:\/\/lfv-oberholz.de\/cms\/wp-content\/uploads\/Post-generisches-Finisher-Video-300x300.png 300w, https:\/\/lfv-oberholz.de\/cms\/wp-content\/uploads\/Post-generisches-Finisher-Video-1024x1024.png 1024w, https:\/\/lfv-oberholz.de\/cms\/wp-content\/uploads\/Post-generisches-Finisher-Video-150x150.png 150w, https:\/\/lfv-oberholz.de\/cms\/wp-content\/uploads\/Post-generisches-Finisher-Video-768x768.png 768w, https:\/\/lfv-oberholz.de\/cms\/wp-content\/uploads\/Post-generisches-Finisher-Video-1536x1536.png 1536w, https:\/\/lfv-oberholz.de\/cms\/wp-content\/uploads\/Post-generisches-Finisher-Video-2048x2048.png 2048w\" sizes=\"auto, (max-width: 300px) 100vw, 300px\" \/><\/a>\u00a0<a href=\"https:\/\/intersport-runclub.de\/events\/23-stoermthaler-seelauf\/results\">Link zum Video SSL 2023<\/a><\/p>\n<p>&#8211; Teilnehmerurkunden<\/p>\n<p>&#8211; Eine Anmeldung via APP ist f\u00fcr die Zukunft angedacht..<\/p>\n<h1>Die Veranstaltungen des LFV Oberholz e.V. werden von INTERSPORT H\u00fcbner unterst\u00fctzt.<\/h1>\n<p>Filialen:<br \/>\nP\u00f6snaPark Gro\u00dfp\u00f6sna<br \/>\nNOVA Leipzig<br \/>\nElbepark Dresden<br \/>\nFlorapark Magdeburg<br \/>\nHavelpark Dalgow-D\u00f6beritz<br \/>\nEKZ Wust Brandenburg<\/p>\n","protected":false},"excerpt":{"rendered":"<p>&#8211; Entwurf &#8211; Informationen zum INTERSPORT RUNCLUB Ein Service von INTERSPORT und Veranstalter DER INTERSPORT RUNCLUB ist zur Zeit im Aufbau. In Zusammenarbeit mit INTERSPORT werden ausgew\u00e4hlte Laufevents mit diversen Serviceleistungen zum Vorteil der Teilnehmer unterst\u00fctzt. Die Art und Gr\u00f6\u00dfe &hellip; <a href=\"https:\/\/lfv-oberholz.de\/cms\/intersport-runclub\/\">Weiterlesen <span class=\"meta-nav\">&rarr;<\/span><\/a><\/p>\n","protected":false},"author":6,"featured_media":0,"parent":0,"menu_order":0,"comment_status":"closed","ping_status":"closed","template":"","meta":{"pgc_sgb_lightbox_settings":"","footnotes":""},"class_list":["post-10583","page","type-page","status-publish","hentry"],"_links":{"self":[{"href":"https:\/\/lfv-oberholz.de\/cms\/wp-json\/wp\/v2\/pages\/10583","targetHints":{"allow":["GET"]}}],"collection":[{"href":"https:\/\/lfv-oberholz.de\/cms\/wp-json\/wp\/v2\/pages"}],"about":[{"href":"https:\/\/lfv-oberholz.de\/cms\/wp-json\/wp\/v2\/types\/page"}],"author":[{"embeddable":true,"href":"https:\/\/lfv-oberholz.de\/cms\/wp-json\/wp\/v2\/users\/6"}],"replies":[{"embeddable":true,"href":"https:\/\/lfv-oberholz.de\/cms\/wp-json\/wp\/v2\/comments?post=10583"}],"version-history":[{"count":0,"href":"https:\/\/lfv-oberholz.de\/cms\/wp-json\/wp\/v2\/pages\/10583\/revisions"}],"wp:attachment":[{"href":"https:\/\/lfv-oberholz.de\/cms\/wp-json\/wp\/v2\/media?parent=10583"}],"curies":[{"name":"wp","href":"https:\/\/api.w.org\/{rel}","templated":true}]}}