{"id":15280,"date":"2023-11-16T19:06:11","date_gmt":"2023-11-16T18:06:11","guid":{"rendered":"http:\/\/lfv-oberholz.de\/cms\/?page_id=15280"},"modified":"2024-05-23T11:52:19","modified_gmt":"2024-05-23T09:52:19","slug":"koal-katja","status":"publish","type":"page","link":"https:\/\/lfv-oberholz.de\/cms\/athleten\/koal-katja\/","title":{"rendered":"Koal, Katja"},"content":{"rendered":"\n\n\n<p>\u00a0<\/p>\n<p>(Dieses Seite wurde mit Einwilligung der betreffenden Person erstellt und ver\u00f6ffentlicht.)<\/p>\n<ul>\n<li style=\"text-align: justify;\"><strong>Mitglied seit:<\/strong><a href=\"https:\/\/lfv-oberholz.de\/cms\/wp-content\/uploads\/1700116501856a.jpg\"><img loading=\"lazy\" decoding=\"async\" class=\"alignright wp-image-15206\" src=\"https:\/\/lfv-oberholz.de\/cms\/wp-content\/uploads\/1700116501856a-300x227.jpg\" alt=\"\" width=\"253\" height=\"192\" srcset=\"https:\/\/lfv-oberholz.de\/cms\/wp-content\/uploads\/1700116501856a-300x227.jpg 300w, https:\/\/lfv-oberholz.de\/cms\/wp-content\/uploads\/1700116501856a-1024x775.jpg 1024w, https:\/\/lfv-oberholz.de\/cms\/wp-content\/uploads\/1700116501856a-768x581.jpg 768w, https:\/\/lfv-oberholz.de\/cms\/wp-content\/uploads\/1700116501856a-1536x1163.jpg 1536w, https:\/\/lfv-oberholz.de\/cms\/wp-content\/uploads\/1700116501856a-2048x1550.jpg 2048w\" sizes=\"auto, (max-width: 253px) 100vw, 253px\" \/><\/a>\u00a0\u00a0\n<ul style=\"list-style-type: circle;\">\n<li>Juni 2023<\/li>\n<\/ul>\n<\/li>\n<li style=\"text-align: justify;\"><strong>Beruf\/T\u00e4tigkeit:<\/strong>\n<ul style=\"list-style-type: circle;\">\n<li style=\"text-align: justify;\">Sachbearbeiterin bei ASB Zwenkau<\/li>\n<\/ul>\n<\/li>\n<li style=\"text-align: justify;\"><strong>Wohnort:<\/strong>\n<ul style=\"list-style-type: circle;\">\n<li style=\"text-align: justify;\">Leipzig<\/li>\n<\/ul>\n<\/li>\n<li style=\"text-align: justify;\"><strong>Jahrgang:<\/strong>\n<ul style=\"list-style-type: circle;\">\n<li style=\"text-align: justify;\">1982<\/li>\n<\/ul>\n<\/li>\n<li style=\"text-align: justify;\"><strong>Sportarten:\u00a0 \u00a0<\/strong> \u00a0 \u00a0 \u00a0 \u00a0\n<ul style=\"list-style-type: circle;\">\n<li>Laufen, Fitness, inaktiv Schwimmen<\/li>\n<\/ul>\n<\/li>\n<li><strong>Sportlich aktiv:\u00a0 \u00a0<\/strong>\n<ul style=\"list-style-type: circle;\">\n<li>seit 1987<\/li>\n<\/ul>\n<\/li>\n<\/ul>\n<ul>\n<li><strong>pers\u00f6nliche Erfolge \/ H\u00f6hepunkte: \u00a0<br \/><\/strong><\/li>\n<\/ul>\n<ul>\n<li style=\"list-style-type: none;\">\n<ul style=\"list-style-type: circle;\">\n<li><strong>Laufen:<a href=\"https:\/\/lfv-oberholz.de\/cms\/wp-content\/uploads\/IMG_20230916_115435-e1700156243231.jpg\"><img loading=\"lazy\" decoding=\"async\" class=\"alignright wp-image-15281\" src=\"https:\/\/lfv-oberholz.de\/cms\/wp-content\/uploads\/IMG_20230916_115435-e1700156243231-128x300.jpg\" alt=\"\" width=\"122\" height=\"286\" srcset=\"https:\/\/lfv-oberholz.de\/cms\/wp-content\/uploads\/IMG_20230916_115435-e1700156243231-128x300.jpg 128w, https:\/\/lfv-oberholz.de\/cms\/wp-content\/uploads\/IMG_20230916_115435-e1700156243231.jpg 193w\" sizes=\"auto, (max-width: 122px) 100vw, 122px\" \/><\/a> <a href=\"https:\/\/lfv-oberholz.de\/cms\/wp-content\/uploads\/IMG_20230916_101445-e1700156349494.jpg\"><img loading=\"lazy\" decoding=\"async\" class=\"alignright wp-image-15282\" src=\"https:\/\/lfv-oberholz.de\/cms\/wp-content\/uploads\/IMG_20230916_101445-e1700156349494-148x300.jpg\" alt=\"\" width=\"141\" height=\"286\" srcset=\"https:\/\/lfv-oberholz.de\/cms\/wp-content\/uploads\/IMG_20230916_101445-e1700156349494-148x300.jpg 148w, https:\/\/lfv-oberholz.de\/cms\/wp-content\/uploads\/IMG_20230916_101445-e1700156349494.jpg 286w\" sizes=\"auto, (max-width: 141px) 100vw, 141px\" \/><\/a><\/strong>\n<ul style=\"list-style-type: disc;\">\n<li>100 m in 18,11 sec (Regis-Breitingen 2023) <strong>1. Platz W40<\/strong><\/li>\n<li>5k in sub 30 min (Firmenlauf Zwenkau 2023)<\/li>\n<\/ul>\n<\/li>\n<\/ul>\n<\/li>\n<\/ul>\n<p><strong><a href=\"https:\/\/lfv-oberholz.de\/cms\/wp-content\/uploads\/IMG_20230524_190034.jpg\"><img loading=\"lazy\" decoding=\"async\" class=\"alignnone wp-image-15284 size-medium\" src=\"https:\/\/lfv-oberholz.de\/cms\/wp-content\/uploads\/IMG_20230524_190034-300x225.jpg\" alt=\"\" width=\"300\" height=\"225\" srcset=\"https:\/\/lfv-oberholz.de\/cms\/wp-content\/uploads\/IMG_20230524_190034-300x225.jpg 300w, https:\/\/lfv-oberholz.de\/cms\/wp-content\/uploads\/IMG_20230524_190034-1024x768.jpg 1024w, https:\/\/lfv-oberholz.de\/cms\/wp-content\/uploads\/IMG_20230524_190034-768x576.jpg 768w, https:\/\/lfv-oberholz.de\/cms\/wp-content\/uploads\/IMG_20230524_190034.jpg 1227w\" sizes=\"auto, (max-width: 300px) 100vw, 300px\" \/><\/a> \u00a0<\/strong><strong><img loading=\"lazy\" decoding=\"async\" class=\"alignnone wp-image-17643 size-medium\" src=\"https:\/\/lfv-oberholz.de\/cms\/wp-content\/uploads\/1716439204829-scaled-e1716443218646-263x300.jpg\" alt=\"\" width=\"263\" height=\"300\" srcset=\"https:\/\/lfv-oberholz.de\/cms\/wp-content\/uploads\/1716439204829-scaled-e1716443218646-263x300.jpg 263w, https:\/\/lfv-oberholz.de\/cms\/wp-content\/uploads\/1716439204829-scaled-e1716443218646-899x1024.jpg 899w, https:\/\/lfv-oberholz.de\/cms\/wp-content\/uploads\/1716439204829-scaled-e1716443218646-768x875.jpg 768w, https:\/\/lfv-oberholz.de\/cms\/wp-content\/uploads\/1716439204829-scaled-e1716443218646-1349x1536.jpg 1349w, https:\/\/lfv-oberholz.de\/cms\/wp-content\/uploads\/1716439204829-scaled-e1716443218646.jpg 1412w\" sizes=\"auto, (max-width: 263px) 100vw, 263px\" \/> <\/strong><strong> <a href=\"https:\/\/lfv-oberholz.de\/cms\/wp-content\/uploads\/IMG_20230916_115733.jpg\"><img loading=\"lazy\" decoding=\"async\" class=\"alignnone wp-image-15285 size-medium\" src=\"https:\/\/lfv-oberholz.de\/cms\/wp-content\/uploads\/IMG_20230916_115733-225x300.jpg\" alt=\"\" width=\"225\" height=\"300\" srcset=\"https:\/\/lfv-oberholz.de\/cms\/wp-content\/uploads\/IMG_20230916_115733-225x300.jpg 225w, https:\/\/lfv-oberholz.de\/cms\/wp-content\/uploads\/IMG_20230916_115733.jpg 690w\" sizes=\"auto, (max-width: 225px) 100vw, 225px\" \/><\/a> <a href=\"https:\/\/lfv-oberholz.de\/cms\/wp-content\/uploads\/IMG-20230701-WA0006-e1700157835974.jpg\"><img loading=\"lazy\" decoding=\"async\" class=\"alignnone wp-image-14017\" src=\"https:\/\/lfv-oberholz.de\/cms\/wp-content\/uploads\/IMG-20230701-WA0006-e1700157835974-300x300.jpg\" alt=\"\" width=\"399\" height=\"399\" srcset=\"https:\/\/lfv-oberholz.de\/cms\/wp-content\/uploads\/IMG-20230701-WA0006-e1700157835974-300x300.jpg 300w, https:\/\/lfv-oberholz.de\/cms\/wp-content\/uploads\/IMG-20230701-WA0006-e1700157835974-1024x1021.jpg 1024w, https:\/\/lfv-oberholz.de\/cms\/wp-content\/uploads\/IMG-20230701-WA0006-e1700157835974-150x150.jpg 150w, https:\/\/lfv-oberholz.de\/cms\/wp-content\/uploads\/IMG-20230701-WA0006-e1700157835974-768x766.jpg 768w, https:\/\/lfv-oberholz.de\/cms\/wp-content\/uploads\/IMG-20230701-WA0006-e1700157835974.jpg 1095w\" sizes=\"auto, (max-width: 399px) 100vw, 399px\" \/><\/a><\/strong><\/p>\n<ul>\n<li style=\"list-style-type: none;\">\n<ul style=\"list-style-type: circle;\">\n<li><strong>Schwimmen:<\/strong>\n<ul style=\"list-style-type: disc;\">\n<li>Seit dem 5. Lj. auf Wettkampfniveau<\/li>\n<li>Teilnahme an unz\u00e4hligen regionalen und \u00fcberregionalen Wettk\u00e4mpfen<\/li>\n<\/ul>\n<\/li>\n<\/ul>\n<\/li>\n<\/ul>\n","protected":false},"excerpt":{"rendered":"<p>\u00a0 (Dieses Seite wurde mit Einwilligung der betreffenden Person erstellt und ver\u00f6ffentlicht.) Mitglied seit:\u00a0\u00a0 Juni 2023 Beruf\/T\u00e4tigkeit: Sachbearbeiterin bei ASB Zwenkau Wohnort: Leipzig Jahrgang: 1982 Sportarten:\u00a0 \u00a0 \u00a0 \u00a0 \u00a0 \u00a0 Laufen, Fitness, inaktiv Schwimmen Sportlich aktiv:\u00a0 \u00a0 seit 1987 &hellip; <a href=\"https:\/\/lfv-oberholz.de\/cms\/athleten\/koal-katja\/\">Weiterlesen <span class=\"meta-nav\">&rarr;<\/span><\/a><\/p>\n","protected":false},"author":13,"featured_media":0,"parent":257,"menu_order":0,"comment_status":"closed","ping_status":"closed","template":"","meta":{"pgc_sgb_lightbox_settings":"","footnotes":""},"class_list":["post-15280","page","type-page","status-publish","hentry"],"_links":{"self":[{"href":"https:\/\/lfv-oberholz.de\/cms\/wp-json\/wp\/v2\/pages\/15280","targetHints":{"allow":["GET"]}}],"collection":[{"href":"https:\/\/lfv-oberholz.de\/cms\/wp-json\/wp\/v2\/pages"}],"about":[{"href":"https:\/\/lfv-oberholz.de\/cms\/wp-json\/wp\/v2\/types\/page"}],"author":[{"embeddable":true,"href":"https:\/\/lfv-oberholz.de\/cms\/wp-json\/wp\/v2\/users\/13"}],"replies":[{"embeddable":true,"href":"https:\/\/lfv-oberholz.de\/cms\/wp-json\/wp\/v2\/comments?post=15280"}],"version-history":[{"count":0,"href":"https:\/\/lfv-oberholz.de\/cms\/wp-json\/wp\/v2\/pages\/15280\/revisions"}],"up":[{"embeddable":true,"href":"https:\/\/lfv-oberholz.de\/cms\/wp-json\/wp\/v2\/pages\/257"}],"wp:attachment":[{"href":"https:\/\/lfv-oberholz.de\/cms\/wp-json\/wp\/v2\/media?parent=15280"}],"curies":[{"name":"wp","href":"https:\/\/api.w.org\/{rel}","templated":true}]}}