{"id":16,"date":"2014-09-27T02:05:13","date_gmt":"2014-09-27T00:05:13","guid":{"rendered":"http:\/\/lfv-oberholz.de\/cms\/?page_id=16"},"modified":"2019-12-29T17:56:46","modified_gmt":"2019-12-29T16:56:46","slug":"impressum","status":"publish","type":"page","link":"https:\/\/lfv-oberholz.de\/cms\/impressum\/","title":{"rendered":"Impressum"},"content":{"rendered":"<h2>Impressum<\/h2>\n<p><b>Lauf- und Freizeit-Verein (LFV) Oberholz e.V.<\/b><\/p>\n<h3>Sitz \/ Anschrift<\/h3>\n<p>Hauptstra\u00dfe 39<br \/>\n04463 Gro\u00dfp\u00f6sna<\/p>\n<h3>Infotelefon<\/h3>\n<p>0177 21 321 57<\/p>\n<h3>Mail<\/h3>\n<p>lfv(at)lfv-oberholz.de<\/p>\n<h3>Registriergericht<\/h3>\n<p>Leipzig VR 10626<\/p>\n<h3>Vertretungsberechtigter Vorstand<\/h3>\n<p>Vorsitzender J\u00f6rg Bauer,<br \/>\nstellv. Vorsitzender Eric Michel<br \/>\n(i. V. Schatzmeisterin Heike J\u00e4hnig)<\/p>\n<h3>Gemeinn\u00fctzigkeit \/ Steuernummer<\/h3>\n<p>235\/143\/01875<\/p>\n<h3>Vorsitzender<\/h3>\n<p>J\u00f6rg Bauer, Hauptstra\u00dfe 39, 4463 Gro\u00dfp\u00f6sna<br \/>\nTel.: 0177 2132157, E-Mail: LFV(at)lfv-oberholz.de<\/p>\n<h3>Wartung des Internetauftritts<\/h3>\n<p>Rocco Oehme, RO Systems, E-Mail: webmaster(at)lfv-oberholz.de,<br \/>\nAdministratoren\/Redakteure:<br \/>\nDr. Olaf Uebersch\u00e4r, E-Mail: lfv(at)olafueberschaer.de,<br \/>\nJ\u00f6rg Bauer, E-Mail: joerg(at)lfv-oberholz.de.<\/p>\n<p><b>Rechtliche Hinweise<\/b><\/p>\n<p>Die \u00dcbernahme von Artikeln aus diesem Angebot ist nur mit ausdr\u00fccklicher schriftlicher Genehmigung des Vorstandes erlaubt. Texte und Bilder sind urheberrechtlich gesch\u00fctzt und d\u00fcrfen weder reproduziert noch wiederverwendet oder f\u00fcr gewerbliche Zwecke verwendet werden. Die Redaktion \u00fcbernimmt keine Haftung f\u00fcr unverlangt eingesandte Manuskripte, Fotos und Illustrationen<\/p>\n<p>Gem\u00e4\u00df \u00a7 5 Abs.1 TDG sind wir ausschlie\u00dflich nur f\u00fcr die eigenen Inhalte verantwortlich. F\u00fcr Links auf fremde Inhalte dritter Anbieter sind wir gem\u00e4\u00df \u00a7 5 Abs.2 TDG nur verantwortlich, wenn wir von einem rechtswidrigen oder strafbaren Gehalt positive Kenntnis haben und es technisch m\u00f6glich und zumutbar ist, deren Nutzung zu verhindern.<\/p>\n<p>Auch sind wir nicht verpflichtet, in periodischen Abst\u00e4nden den Inhalt von Angeboten Dritter auf deren Rechtswidrigkeit oder Strafbarkeit zu \u00fcberpr\u00fcfen. Sobald wir von dem rechtswidrigen Inhalt der Web-Seiten Dritter erfahren, wird der entsprechende Link von unserer Seite entfernt. Weiterhin m\u00f6chten wir ausdr\u00fccklich betonen, dass wir keinerlei Einfluss auf die Gestaltung und die Inhalte der gelinkten Seiten haben. Deshalb distanzieren wir uns hiermit ausdr\u00fccklich von allen Inhalten aller gelinkten Seiten auf der gesamten Website inkl. aller Unterseiten.<\/p>\n<p>Diese Erkl\u00e4rung gilt f\u00fcr alle auf der Homepage ausgebrachten Links und f\u00fcr alle Inhalte der Seiten, zu denen Links oder Banner f\u00fchren. Sollten Inhalte dieser Internetangebote gegen geltendes Urheberrecht oder das Markengesetz versto\u00dfen, werden diese auf Hinweis schnellstm\u00f6glich entfernt.<\/p>\n<p><b>Bildnachweis<\/b><\/p>\n<p>Die Bilder auf dieser Website unterliegen dem Urheberrecht der jeweiligen Fotografen. Sie wurden gr\u00f6\u00dftenteils durch Vereinsmitglieder bei den jeweiligen Veranstaltungen aufgenommen. Gelegentlich nutzen wir Fotos der Website <a title=\"www.laufszene-leipzig.de\" href=\"http:\/\/www.laufszene-leipzig.de\">www.laufszene-leipzig.de<\/a>. Vielen Dank f\u00fcr die freundliche Genehmigung.<\/p>\n<p><b>Feedback und Kommentare:<\/b><\/p>\n<p>Wir behalten uns vor, Beitragskommentare, welche reine Werbung darstellen zu l\u00f6schen bzw. nicht vereinsbezogene Werbung aus Eintr\u00e4gen zu entfernen.<\/p>\n<p>Der Vorstand des LFV-Oberholz e.V.<\/p>\n","protected":false},"excerpt":{"rendered":"<p>Impressum Lauf- und Freizeit-Verein (LFV) Oberholz e.V. Sitz \/ Anschrift Hauptstra\u00dfe 39 04463 Gro\u00dfp\u00f6sna Infotelefon 0177 21 321 57 Mail lfv(at)lfv-oberholz.de Registriergericht Leipzig VR 10626 Vertretungsberechtigter Vorstand Vorsitzender J\u00f6rg Bauer, stellv. Vorsitzender Eric Michel (i. V. Schatzmeisterin Heike J\u00e4hnig) Gemeinn\u00fctzigkeit &hellip; <a href=\"https:\/\/lfv-oberholz.de\/cms\/impressum\/\">Weiterlesen <span class=\"meta-nav\">&rarr;<\/span><\/a><\/p>\n","protected":false},"author":1,"featured_media":0,"parent":0,"menu_order":0,"comment_status":"closed","ping_status":"closed","template":"","meta":{"pgc_sgb_lightbox_settings":"","footnotes":""},"class_list":["post-16","page","type-page","status-publish","hentry"],"_links":{"self":[{"href":"https:\/\/lfv-oberholz.de\/cms\/wp-json\/wp\/v2\/pages\/16","targetHints":{"allow":["GET"]}}],"collection":[{"href":"https:\/\/lfv-oberholz.de\/cms\/wp-json\/wp\/v2\/pages"}],"about":[{"href":"https:\/\/lfv-oberholz.de\/cms\/wp-json\/wp\/v2\/types\/page"}],"author":[{"embeddable":true,"href":"https:\/\/lfv-oberholz.de\/cms\/wp-json\/wp\/v2\/users\/1"}],"replies":[{"embeddable":true,"href":"https:\/\/lfv-oberholz.de\/cms\/wp-json\/wp\/v2\/comments?post=16"}],"version-history":[{"count":0,"href":"https:\/\/lfv-oberholz.de\/cms\/wp-json\/wp\/v2\/pages\/16\/revisions"}],"wp:attachment":[{"href":"https:\/\/lfv-oberholz.de\/cms\/wp-json\/wp\/v2\/media?parent=16"}],"curies":[{"name":"wp","href":"https:\/\/api.w.org\/{rel}","templated":true}]}}