{"id":208,"date":"2014-09-26T17:19:10","date_gmt":"2014-09-26T15:19:10","guid":{"rendered":"http:\/\/lfv-oberholz.de\/cms\/?page_id=208"},"modified":"2026-02-03T21:50:38","modified_gmt":"2026-02-03T20:50:38","slug":"trainingszeiten","status":"publish","type":"page","link":"https:\/\/lfv-oberholz.de\/cms\/trainingszeiten\/","title":{"rendered":"Trainingszeiten &#038; Trainer \/ \u00dcbungsleiter"},"content":{"rendered":"<p><a href=\"https:\/\/lfv-oberholz.de\/cms\/wp-content\/uploads\/47036914_1923760384368554_6481355234508537856_n.jpg\"><img loading=\"lazy\" decoding=\"async\" class=\"alignnone  wp-image-6155\" src=\"https:\/\/lfv-oberholz.de\/cms\/wp-content\/uploads\/47036914_1923760384368554_6481355234508537856_n1-300x199.jpg\" alt=\"47036914_1923760384368554_6481355234508537856_n\" width=\"90\" height=\"60\" srcset=\"https:\/\/lfv-oberholz.de\/cms\/wp-content\/uploads\/47036914_1923760384368554_6481355234508537856_n1-300x199.jpg 300w, https:\/\/lfv-oberholz.de\/cms\/wp-content\/uploads\/47036914_1923760384368554_6481355234508537856_n1.jpg 960w\" sizes=\"auto, (max-width: 90px) 100vw, 90px\" \/><\/a> <a href=\"https:\/\/lfv-oberholz.de\/cms\/wp-content\/uploads\/IMG-20190211-WA0001.jpg\"><img loading=\"lazy\" decoding=\"async\" class=\"alignnone  wp-image-6238\" src=\"https:\/\/lfv-oberholz.de\/cms\/wp-content\/uploads\/IMG-20190211-WA0001-300x225.jpg\" alt=\"IMG-20190211-WA0001\" width=\"80\" height=\"60\" srcset=\"https:\/\/lfv-oberholz.de\/cms\/wp-content\/uploads\/IMG-20190211-WA0001-300x225.jpg 300w, https:\/\/lfv-oberholz.de\/cms\/wp-content\/uploads\/IMG-20190211-WA0001-1024x768.jpg 1024w, https:\/\/lfv-oberholz.de\/cms\/wp-content\/uploads\/IMG-20190211-WA0001.jpg 1600w\" sizes=\"auto, (max-width: 80px) 100vw, 80px\" \/><\/a> <a href=\"https:\/\/lfv-oberholz.de\/cms\/wp-content\/uploads\/IMG-20190209-WA0008.jpg\"><img loading=\"lazy\" decoding=\"async\" class=\"alignnone  wp-image-6215\" src=\"https:\/\/lfv-oberholz.de\/cms\/wp-content\/uploads\/IMG-20190209-WA0008-300x227.jpg\" alt=\"IMG-20190209-WA0008\" width=\"79\" height=\"60\" srcset=\"https:\/\/lfv-oberholz.de\/cms\/wp-content\/uploads\/IMG-20190209-WA0008-300x227.jpg 300w, https:\/\/lfv-oberholz.de\/cms\/wp-content\/uploads\/IMG-20190209-WA0008-1024x776.jpg 1024w, https:\/\/lfv-oberholz.de\/cms\/wp-content\/uploads\/IMG-20190209-WA0008.jpg 1600w\" sizes=\"auto, (max-width: 79px) 100vw, 79px\" \/><\/a> <a href=\"https:\/\/lfv-oberholz.de\/cms\/wp-content\/uploads\/IMG_20190131_192658.jpg\"><img loading=\"lazy\" decoding=\"async\" class=\"alignnone  wp-image-6197\" src=\"https:\/\/lfv-oberholz.de\/cms\/wp-content\/uploads\/IMG_20190131_192658-300x224.jpg\" alt=\"bty\" width=\"81\" height=\"60\" srcset=\"https:\/\/lfv-oberholz.de\/cms\/wp-content\/uploads\/IMG_20190131_192658-300x224.jpg 300w, https:\/\/lfv-oberholz.de\/cms\/wp-content\/uploads\/IMG_20190131_192658-1024x768.jpg 1024w\" sizes=\"auto, (max-width: 81px) 100vw, 81px\" \/><\/a> <a href=\"https:\/\/lfv-oberholz.de\/cms\/wp-content\/uploads\/47004335_1921841784560414_7449574234646380544_n.jpg\"><img loading=\"lazy\" decoding=\"async\" class=\"alignnone  wp-image-6095\" src=\"https:\/\/lfv-oberholz.de\/cms\/wp-content\/uploads\/47004335_1921841784560414_7449574234646380544_n-300x168.jpg\" alt=\"47004335_1921841784560414_7449574234646380544_n\" width=\"106\" height=\"60\" srcset=\"https:\/\/lfv-oberholz.de\/cms\/wp-content\/uploads\/47004335_1921841784560414_7449574234646380544_n-300x168.jpg 300w, https:\/\/lfv-oberholz.de\/cms\/wp-content\/uploads\/47004335_1921841784560414_7449574234646380544_n.jpg 960w\" sizes=\"auto, (max-width: 106px) 100vw, 106px\" \/><\/a> <a href=\"https:\/\/lfv-oberholz.de\/cms\/wp-content\/uploads\/36505195_1708818785840058_5955297001460465664_n.jpg\"><img loading=\"lazy\" decoding=\"async\" class=\"alignnone  wp-image-5476\" src=\"https:\/\/lfv-oberholz.de\/cms\/wp-content\/uploads\/36505195_1708818785840058_5955297001460465664_n-300x300.jpg\" alt=\"36505195_1708818785840058_5955297001460465664_n\" width=\"60\" height=\"60\" srcset=\"https:\/\/lfv-oberholz.de\/cms\/wp-content\/uploads\/36505195_1708818785840058_5955297001460465664_n-300x300.jpg 300w, https:\/\/lfv-oberholz.de\/cms\/wp-content\/uploads\/36505195_1708818785840058_5955297001460465664_n-150x150.jpg 150w, https:\/\/lfv-oberholz.de\/cms\/wp-content\/uploads\/36505195_1708818785840058_5955297001460465664_n.jpg 700w\" sizes=\"auto, (max-width: 60px) 100vw, 60px\" \/><\/a> <a href=\"https:\/\/lfv-oberholz.de\/cms\/wp-content\/uploads\/IMG_20181223_100154.jpg\"><img loading=\"lazy\" decoding=\"async\" class=\"alignnone  wp-image-6091\" src=\"https:\/\/lfv-oberholz.de\/cms\/wp-content\/uploads\/IMG_20181223_100441-300x224.jpg\" alt=\"bdr\" width=\"80\" height=\"60\" srcset=\"https:\/\/lfv-oberholz.de\/cms\/wp-content\/uploads\/IMG_20181223_100441-300x224.jpg 300w, https:\/\/lfv-oberholz.de\/cms\/wp-content\/uploads\/IMG_20181223_100441-1024x768.jpg 1024w\" sizes=\"auto, (max-width: 80px) 100vw, 80px\" \/><\/a> <a href=\"https:\/\/lfv-oberholz.de\/cms\/wp-content\/uploads\/IMG_20180312_175555.jpg\"><img loading=\"lazy\" decoding=\"async\" class=\"alignnone wp-image-847\" src=\"https:\/\/lfv-oberholz.de\/cms\/wp-content\/uploads\/IMAG1606-300x179.jpg\" alt=\"IMAG1606\" width=\"99\" height=\"59\" srcset=\"https:\/\/lfv-oberholz.de\/cms\/wp-content\/uploads\/IMAG1606-300x179.jpg 300w, https:\/\/lfv-oberholz.de\/cms\/wp-content\/uploads\/IMAG1606-1024x613.jpg 1024w\" sizes=\"auto, (max-width: 99px) 100vw, 99px\" \/><\/a> <a href=\"https:\/\/lfv-oberholz.de\/cms\/wp-content\/uploads\/IMG_20180312_175555.jpg\"><img loading=\"lazy\" decoding=\"async\" class=\"alignnone  wp-image-2821\" src=\"https:\/\/lfv-oberholz.de\/cms\/wp-content\/uploads\/IMG-20170515-WA0008-300x224.jpg\" alt=\"IMG-20170515-WA0008\" width=\"79\" height=\"59\" srcset=\"https:\/\/lfv-oberholz.de\/cms\/wp-content\/uploads\/IMG-20170515-WA0008-300x224.jpg 300w, https:\/\/lfv-oberholz.de\/cms\/wp-content\/uploads\/IMG-20170515-WA0008-1024x768.jpg 1024w, https:\/\/lfv-oberholz.de\/cms\/wp-content\/uploads\/IMG-20170515-WA0008.jpg 1040w\" sizes=\"auto, (max-width: 79px) 100vw, 79px\" \/><\/a> <img loading=\"lazy\" decoding=\"async\" class=\"alignnone  wp-image-6249\" src=\"https:\/\/lfv-oberholz.de\/cms\/wp-content\/uploads\/IMG_20180312_175555-300x224.jpg\" alt=\"dav\" width=\"80\" height=\"60\" srcset=\"https:\/\/lfv-oberholz.de\/cms\/wp-content\/uploads\/IMG_20180312_175555-300x224.jpg 300w, https:\/\/lfv-oberholz.de\/cms\/wp-content\/uploads\/IMG_20180312_175555-1024x768.jpg 1024w\" sizes=\"auto, (max-width: 80px) 100vw, 80px\" \/> <a href=\"https:\/\/lfv-oberholz.de\/cms\/wp-content\/uploads\/IMG_20180502_171005.jpg\"><img loading=\"lazy\" decoding=\"async\" class=\"alignnone  wp-image-6254\" src=\"https:\/\/lfv-oberholz.de\/cms\/wp-content\/uploads\/IMG_20180502_171005-300x224.jpg\" alt=\"dav\" width=\"81\" height=\"60\" srcset=\"https:\/\/lfv-oberholz.de\/cms\/wp-content\/uploads\/IMG_20180502_171005-300x224.jpg 300w, https:\/\/lfv-oberholz.de\/cms\/wp-content\/uploads\/IMG_20180502_171005-1024x768.jpg 1024w\" sizes=\"auto, (max-width: 81px) 100vw, 81px\" \/><\/a><\/p>\n<h2>feste Trainingszeiten des LFV Oberholz (<a href=\"https:\/\/lfv-oberholz.de\/cms\/wp-content\/uploads\/Feste-Trainingszeiten-des-LFV-Oberholz-2024.doc\">\u00dcbersicht als PDF<\/a>)<\/h2>\n<p><a href=\"https:\/\/lfv-oberholz.de\/cms\/wp-content\/uploads\/IMG_20180312_175555.jpg\"><img loading=\"lazy\" decoding=\"async\" class=\"wp-image-6249 alignleft\" src=\"https:\/\/lfv-oberholz.de\/cms\/wp-content\/uploads\/IMG_20180312_175555-300x224.jpg\" alt=\"dav\" width=\"80\" height=\"60\" srcset=\"https:\/\/lfv-oberholz.de\/cms\/wp-content\/uploads\/IMG_20180312_175555-300x224.jpg 300w, https:\/\/lfv-oberholz.de\/cms\/wp-content\/uploads\/IMG_20180312_175555-1024x768.jpg 1024w\" sizes=\"auto, (max-width: 80px) 100vw, 80px\" \/><\/a><strong>Montag<\/strong> (nur an Schultagen)<br \/>\n&#8211; in der Turnhalle des Vereins- und B\u00fcrgerhaus, Rittergut 1, 04463 Gro\u00dfp\u00f6sna<br \/>\n(1. Etage)<\/p>\n<ul>\n<li>16.00-16.45 Uhr Allgemeinsport, Kinder 3 &#8211; 4 Jahre<\/li>\n<li>17.00-18.00 Uhr Allgemeinsport, Kinder 5 &#8211; 7 Jahre<\/li>\n<li>18.00-19.30 Uhr Allgemeinsport, Kinder ab 7 Jahre, Jugend, Erwachsene<\/li>\n<\/ul>\n<p><strong>Montag<\/strong> (parallel zum Kindersport auch f\u00fcr die Eltern, nur an Schultagen)<br \/>\n&#8211; in der Gymnastikhalle des Vereins- und B\u00fcrgerhaus, Rittergut 1, 04463 Gro\u00dfp\u00f6sna<br \/>\n(1. Etage)<br \/>\n<a href=\"https:\/\/lfv-oberholz.de\/cms\/fitnesskraftaufbau\/\">&#8222;Queens of Muskelkater&#8220;<\/a><\/p>\n<ul>\n<li>17.00-18.00 Uhr\u00a0 Fitness &amp; Kraftaufbau<\/li>\n<li>18.00-19.00 Uhr\u00a0 Fitness &amp; Kraftaufbau<\/li>\n<\/ul>\n<p><strong>Dienstag<\/strong><br \/>\n&#8211; im Spiegelsaal des Vereins- und B\u00fcrgerhaus, Rittergut 1, 04463 Gro\u00dfp\u00f6sna<br \/>\n(Erdgeschoss)<\/p>\n<ul>\n<li>14.00-15.00 Uhr Gesundheitssport &#8222;Fit &amp; Vital&#8220; \u00dc60<\/li>\n<\/ul>\n<p><strong> <a href=\"https:\/\/lfv-oberholz.de\/cms\/wp-content\/uploads\/IMG-20250325-WA0004-1.jpg\"><img loading=\"lazy\" decoding=\"async\" class=\"alignleft wp-image-21919\" src=\"https:\/\/lfv-oberholz.de\/cms\/wp-content\/uploads\/IMG-20250325-WA0004-1-300x300.jpg\" alt=\"\" width=\"75\" height=\"75\" srcset=\"https:\/\/lfv-oberholz.de\/cms\/wp-content\/uploads\/IMG-20250325-WA0004-1-300x300.jpg 300w, https:\/\/lfv-oberholz.de\/cms\/wp-content\/uploads\/IMG-20250325-WA0004-1-1024x1024.jpg 1024w, https:\/\/lfv-oberholz.de\/cms\/wp-content\/uploads\/IMG-20250325-WA0004-1-150x150.jpg 150w, https:\/\/lfv-oberholz.de\/cms\/wp-content\/uploads\/IMG-20250325-WA0004-1-768x768.jpg 768w, https:\/\/lfv-oberholz.de\/cms\/wp-content\/uploads\/IMG-20250325-WA0004-1.jpg 1080w\" sizes=\"auto, (max-width: 75px) 100vw, 75px\" \/><\/a> <a href=\"https:\/\/lfv-oberholz.de\/cms\/wp-content\/uploads\/IMG-20250401-WA0011-scaled.jpg\"><img loading=\"lazy\" decoding=\"async\" class=\"alignright wp-image-21920\" src=\"https:\/\/lfv-oberholz.de\/cms\/wp-content\/uploads\/IMG-20250401-WA0011-140x300.jpg\" alt=\"\" width=\"28\" height=\"60\" srcset=\"https:\/\/lfv-oberholz.de\/cms\/wp-content\/uploads\/IMG-20250401-WA0011-140x300.jpg 140w, https:\/\/lfv-oberholz.de\/cms\/wp-content\/uploads\/IMG-20250401-WA0011-478x1024.jpg 478w, https:\/\/lfv-oberholz.de\/cms\/wp-content\/uploads\/IMG-20250401-WA0011-768x1645.jpg 768w, https:\/\/lfv-oberholz.de\/cms\/wp-content\/uploads\/IMG-20250401-WA0011-717x1536.jpg 717w, https:\/\/lfv-oberholz.de\/cms\/wp-content\/uploads\/IMG-20250401-WA0011-956x2048.jpg 956w, https:\/\/lfv-oberholz.de\/cms\/wp-content\/uploads\/IMG-20250401-WA0011-scaled.jpg 1196w\" sizes=\"auto, (max-width: 28px) 100vw, 28px\" \/><\/a> <a href=\"https:\/\/lfv-oberholz.de\/cms\/wp-content\/uploads\/IMG-20250401-WA0029-scaled.jpg\"><img loading=\"lazy\" decoding=\"async\" class=\"alignright wp-image-21921\" src=\"https:\/\/lfv-oberholz.de\/cms\/wp-content\/uploads\/IMG-20250401-WA0029-140x300.jpg\" alt=\"\" width=\"28\" height=\"60\" srcset=\"https:\/\/lfv-oberholz.de\/cms\/wp-content\/uploads\/IMG-20250401-WA0029-140x300.jpg 140w, https:\/\/lfv-oberholz.de\/cms\/wp-content\/uploads\/IMG-20250401-WA0029-478x1024.jpg 478w, https:\/\/lfv-oberholz.de\/cms\/wp-content\/uploads\/IMG-20250401-WA0029-768x1645.jpg 768w, https:\/\/lfv-oberholz.de\/cms\/wp-content\/uploads\/IMG-20250401-WA0029-717x1536.jpg 717w, https:\/\/lfv-oberholz.de\/cms\/wp-content\/uploads\/IMG-20250401-WA0029-956x2048.jpg 956w, https:\/\/lfv-oberholz.de\/cms\/wp-content\/uploads\/IMG-20250401-WA0029-scaled.jpg 1196w\" sizes=\"auto, (max-width: 28px) 100vw, 28px\" \/><\/a>Dienstag<\/strong><br \/>\n&#8211; Leipzig, am Auensee, Treff Spielplatz Haus Auensee<\/p>\n<ul>\n<li>17.00-18.00 Uhr offener Lauftreff<\/li>\n<\/ul>\n<p><a href=\"https:\/\/lfv-oberholz.de\/cms\/wp-content\/uploads\/IMG-20170515-WA0008.jpg\"><img loading=\"lazy\" decoding=\"async\" class=\"alignleft wp-image-2821\" src=\"https:\/\/lfv-oberholz.de\/cms\/wp-content\/uploads\/IMG-20170515-WA0008-300x224.jpg\" alt=\"IMG-20170515-WA0008\" width=\"79\" height=\"59\" srcset=\"https:\/\/lfv-oberholz.de\/cms\/wp-content\/uploads\/IMG-20170515-WA0008-300x224.jpg 300w, https:\/\/lfv-oberholz.de\/cms\/wp-content\/uploads\/IMG-20170515-WA0008-1024x768.jpg 1024w, https:\/\/lfv-oberholz.de\/cms\/wp-content\/uploads\/IMG-20170515-WA0008.jpg 1040w\" sizes=\"auto, (max-width: 79px) 100vw, 79px\" \/><\/a><strong>Dienstag<\/strong><br \/>\n&#8211; Rudolf-Breitscheid-Str. 32, 04463 Gro\u00dfp\u00f6sna<br \/>\n(Parkfl\u00e4chen zw. Br\u00fccke und Bahnhof Oberholz)<\/p>\n<ul>\n<li>18.00-ca.19.00 Uhr Walking \/ NordicWalking<\/li>\n<\/ul>\n<p><a href=\"https:\/\/lfv-oberholz.de\/cms\/wp-content\/uploads\/IMG_20180502_171005.jpg\"><img loading=\"lazy\" decoding=\"async\" class=\"alignleft wp-image-6254\" src=\"https:\/\/lfv-oberholz.de\/cms\/wp-content\/uploads\/IMG_20180502_171005-300x224.jpg\" alt=\"dav\" width=\"81\" height=\"60\" srcset=\"https:\/\/lfv-oberholz.de\/cms\/wp-content\/uploads\/IMG_20180502_171005-300x224.jpg 300w, https:\/\/lfv-oberholz.de\/cms\/wp-content\/uploads\/IMG_20180502_171005-1024x768.jpg 1024w\" sizes=\"auto, (max-width: 81px) 100vw, 81px\" \/><\/a><a href=\"https:\/\/lfv-oberholz.de\/cms\/wp-content\/uploads\/IMG_20230426_171929-scaled.jpg\"><img loading=\"lazy\" decoding=\"async\" class=\"alignleft wp-image-13582\" src=\"https:\/\/lfv-oberholz.de\/cms\/wp-content\/uploads\/IMG_20230426_171929-300x225.jpg\" alt=\"\" width=\"80\" height=\"60\" srcset=\"https:\/\/lfv-oberholz.de\/cms\/wp-content\/uploads\/IMG_20230426_171929-300x225.jpg 300w, https:\/\/lfv-oberholz.de\/cms\/wp-content\/uploads\/IMG_20230426_171929-1024x768.jpg 1024w, https:\/\/lfv-oberholz.de\/cms\/wp-content\/uploads\/IMG_20230426_171929-768x576.jpg 768w, https:\/\/lfv-oberholz.de\/cms\/wp-content\/uploads\/IMG_20230426_171929-1536x1152.jpg 1536w, https:\/\/lfv-oberholz.de\/cms\/wp-content\/uploads\/IMG_20230426_171929-2048x1536.jpg 2048w\" sizes=\"auto, (max-width: 80px) 100vw, 80px\" \/><\/a><a href=\"https:\/\/lfv-oberholz.de\/cms\/wp-content\/uploads\/IMAG1606.jpg\"><img loading=\"lazy\" decoding=\"async\" class=\"alignleft wp-image-847\" src=\"https:\/\/lfv-oberholz.de\/cms\/wp-content\/uploads\/IMAG1606-300x179.jpg\" alt=\"IMAG1606\" width=\"100\" height=\"60\" srcset=\"https:\/\/lfv-oberholz.de\/cms\/wp-content\/uploads\/IMAG1606-300x179.jpg 300w, https:\/\/lfv-oberholz.de\/cms\/wp-content\/uploads\/IMAG1606-1024x613.jpg 1024w\" sizes=\"auto, (max-width: 100px) 100vw, 100px\" \/><\/a><strong>Mittwoch<\/strong> (nur an Schultagen)<br \/>\n&#8211; Parkplatz von SCONTO-M\u00f6bel im P\u00f6snaPark<br \/>\n(in Absprache auch\u00a0 anderorts)<\/p>\n<ul>\n<li>Treff 17.00 Uhr<br \/>\n17.15-18.15 Uhr Inlineskating \/ Skirollerlauf, Anf\u00e4nger<br \/>\n17.15-18.45 Uhr Inlineskating \/ Skirollerlauf, Fortgeschrittene + Erwachsene<\/li>\n<\/ul>\n<p><strong><a href=\"https:\/\/lfv-oberholz.de\/cms\/wp-content\/uploads\/IMG-20220309-WA0012.jpg\"><img loading=\"lazy\" decoding=\"async\" class=\"wp-image-10211 alignleft\" src=\"https:\/\/lfv-oberholz.de\/cms\/wp-content\/uploads\/IMG-20220309-WA0012-300x225.jpg\" alt=\"IMG-20220309-WA0012\" width=\"87\" height=\"66\" srcset=\"https:\/\/lfv-oberholz.de\/cms\/wp-content\/uploads\/IMG-20220309-WA0012-300x225.jpg 300w, https:\/\/lfv-oberholz.de\/cms\/wp-content\/uploads\/IMG-20220309-WA0012-1024x769.jpg 1024w, https:\/\/lfv-oberholz.de\/cms\/wp-content\/uploads\/IMG-20220309-WA0012.jpg 1600w\" sizes=\"auto, (max-width: 87px) 100vw, 87px\" \/><\/a>Mittwoch<\/strong> (nur an Schultagen)<br \/>\n&#8211; Oktober-M\u00e4rz Parkplatz von SCONTO-M\u00f6bel im P\u00f6snaPark<br \/>\n&#8211; April-September Oberholz am Dammwildgehege (Gro\u00dfp\u00f6sna, M\u00fchlweg4)<br \/>\n(in Absprache auch\u00a0 anderorts)<\/p>\n<ul>\n<li>17.15-18.15 Uhr Lauf,\u00a0 Kinder &amp; Jugend, Erwachsene<\/li>\n<\/ul>\n<p><a href=\"https:\/\/lfv-oberholz.de\/cms\/wp-content\/uploads\/IMG-20190211-WA0001.jpg\"><img loading=\"lazy\" decoding=\"async\" class=\"wp-image-6238 alignleft\" src=\"https:\/\/lfv-oberholz.de\/cms\/wp-content\/uploads\/IMG-20190211-WA0001-300x225.jpg\" alt=\"IMG-20190211-WA0001\" width=\"80\" height=\"60\" srcset=\"https:\/\/lfv-oberholz.de\/cms\/wp-content\/uploads\/IMG-20190211-WA0001-300x225.jpg 300w, https:\/\/lfv-oberholz.de\/cms\/wp-content\/uploads\/IMG-20190211-WA0001-1024x768.jpg 1024w, https:\/\/lfv-oberholz.de\/cms\/wp-content\/uploads\/IMG-20190211-WA0001.jpg 1600w\" sizes=\"auto, (max-width: 80px) 100vw, 80px\" \/><\/a><strong>Mittwoch<\/strong><br \/>\n&#8211; Hauptstr. 39, 04463 Gro\u00dfp\u00f6sna<br \/>\n(Vereinssitz)<\/p>\n<ul>\n<li>19.30-20.45 Uhr\u00a0 Lauf, Erwachsene (z. Z. ausgesetzt, Training gemeinsam mit Kinderlaufgruppe 17.15 Uhr)<\/li>\n<\/ul>\n<p><strong><a href=\"https:\/\/lfv-oberholz.de\/cms\/wp-content\/uploads\/20250403_170950-scaled.jpg\"><img loading=\"lazy\" decoding=\"async\" class=\"alignleft wp-image-21916\" src=\"https:\/\/lfv-oberholz.de\/cms\/wp-content\/uploads\/20250403_170950-300x225.jpg\" alt=\"\" width=\"80\" height=\"60\" srcset=\"https:\/\/lfv-oberholz.de\/cms\/wp-content\/uploads\/20250403_170950-300x225.jpg 300w, https:\/\/lfv-oberholz.de\/cms\/wp-content\/uploads\/20250403_170950-1024x768.jpg 1024w, https:\/\/lfv-oberholz.de\/cms\/wp-content\/uploads\/20250403_170950-768x576.jpg 768w, https:\/\/lfv-oberholz.de\/cms\/wp-content\/uploads\/20250403_170950-1536x1152.jpg 1536w, https:\/\/lfv-oberholz.de\/cms\/wp-content\/uploads\/20250403_170950-2048x1536.jpg 2048w\" sizes=\"auto, (max-width: 80px) 100vw, 80px\" \/><\/a> <a href=\"https:\/\/lfv-oberholz.de\/cms\/wp-content\/uploads\/IMG-20250403-WA0011.jpg\"><img loading=\"lazy\" decoding=\"async\" class=\"alignright wp-image-21917\" src=\"https:\/\/lfv-oberholz.de\/cms\/wp-content\/uploads\/IMG-20250403-WA0011-300x225.jpg\" alt=\"\" width=\"91\" height=\"68\" srcset=\"https:\/\/lfv-oberholz.de\/cms\/wp-content\/uploads\/IMG-20250403-WA0011-300x225.jpg 300w, https:\/\/lfv-oberholz.de\/cms\/wp-content\/uploads\/IMG-20250403-WA0011-1024x768.jpg 1024w, https:\/\/lfv-oberholz.de\/cms\/wp-content\/uploads\/IMG-20250403-WA0011-768x576.jpg 768w, https:\/\/lfv-oberholz.de\/cms\/wp-content\/uploads\/IMG-20250403-WA0011-1536x1152.jpg 1536w, https:\/\/lfv-oberholz.de\/cms\/wp-content\/uploads\/IMG-20250403-WA0011.jpg 1600w\" sizes=\"auto, (max-width: 91px) 100vw, 91px\" \/><\/a>Donnerstag<\/strong><br \/>\n&#8211; Leipzig, Rennbahnweg , Treff nahe Br\u00fccke am Eingang Rennbahn<\/p>\n<ul>\n<li>17.00-18.00 Uhr offener Lauftreff<\/li>\n<\/ul>\n<p><a href=\"https:\/\/lfv-oberholz.de\/cms\/wp-content\/uploads\/IMG_20190131_192658.jpg\"><img loading=\"lazy\" decoding=\"async\" class=\"wp-image-6197 alignleft\" src=\"https:\/\/lfv-oberholz.de\/cms\/wp-content\/uploads\/IMG_20190131_192658-300x224.jpg\" alt=\"bty\" width=\"81\" height=\"60\" srcset=\"https:\/\/lfv-oberholz.de\/cms\/wp-content\/uploads\/IMG_20190131_192658-300x224.jpg 300w, https:\/\/lfv-oberholz.de\/cms\/wp-content\/uploads\/IMG_20190131_192658-1024x768.jpg 1024w\" sizes=\"auto, (max-width: 81px) 100vw, 81px\" \/><\/a><strong>Donnerstag<\/strong><br \/>\n&#8211; im Spiegelsaal des Vereins- und B\u00fcrgerhaus, Rittergut 1, 04463 Gro\u00dfp\u00f6sna<br \/>\n(Erdgeschoss)<\/p>\n<ul>\n<li>19.00-20.00 Uhr\u00a0 <a href=\"https:\/\/lfv-oberholz.de\/cms\/verein\/frauengymnastik\/\">Joyrobic &amp; Gymnastik<\/a>, Erwachsene<\/li>\n<\/ul>\n<p><strong><a href=\"https:\/\/lfv-oberholz.de\/cms\/wp-content\/uploads\/IMG_20230428_163325-scaled.jpg\"><img loading=\"lazy\" decoding=\"async\" class=\"alignleft wp-image-13588\" src=\"https:\/\/lfv-oberholz.de\/cms\/wp-content\/uploads\/IMG_20230428_163325-300x225.jpg\" alt=\"\" width=\"80\" height=\"60\" srcset=\"https:\/\/lfv-oberholz.de\/cms\/wp-content\/uploads\/IMG_20230428_163325-300x225.jpg 300w, https:\/\/lfv-oberholz.de\/cms\/wp-content\/uploads\/IMG_20230428_163325-1024x768.jpg 1024w, https:\/\/lfv-oberholz.de\/cms\/wp-content\/uploads\/IMG_20230428_163325-768x576.jpg 768w, https:\/\/lfv-oberholz.de\/cms\/wp-content\/uploads\/IMG_20230428_163325-1536x1152.jpg 1536w, https:\/\/lfv-oberholz.de\/cms\/wp-content\/uploads\/IMG_20230428_163325-2048x1536.jpg 2048w\" sizes=\"auto, (max-width: 80px) 100vw, 80px\" \/><\/a> <a href=\"https:\/\/lfv-oberholz.de\/cms\/wp-content\/uploads\/IMG-20230421-WA0008.jpg\"><img loading=\"lazy\" decoding=\"async\" class=\"alignleft wp-image-13589\" src=\"https:\/\/lfv-oberholz.de\/cms\/wp-content\/uploads\/IMG-20230421-WA0008-300x135.jpg\" alt=\"\" width=\"133\" height=\"60\" srcset=\"https:\/\/lfv-oberholz.de\/cms\/wp-content\/uploads\/IMG-20230421-WA0008-300x135.jpg 300w, https:\/\/lfv-oberholz.de\/cms\/wp-content\/uploads\/IMG-20230421-WA0008-1024x461.jpg 1024w, https:\/\/lfv-oberholz.de\/cms\/wp-content\/uploads\/IMG-20230421-WA0008-768x346.jpg 768w, https:\/\/lfv-oberholz.de\/cms\/wp-content\/uploads\/IMG-20230421-WA0008-1536x691.jpg 1536w, https:\/\/lfv-oberholz.de\/cms\/wp-content\/uploads\/IMG-20230421-WA0008.jpg 2000w\" sizes=\"auto, (max-width: 133px) 100vw, 133px\" \/><\/a> Freitag<\/strong><br \/>\n&#8211; Sporadisch (regelm\u00e4\u00dfig in Planung), Treff wird in der Gruppe bekannt gegeben<\/p>\n<ul>\n<li>(ab 16.00 Uhr Lauf Kinder \/ Jugend<\/li>\n<\/ul>\n<p><a href=\"https:\/\/lfv-oberholz.de\/cms\/wp-content\/uploads\/IMG_20181223_100154.jpg\"><img loading=\"lazy\" decoding=\"async\" class=\"wp-image-6091 alignleft\" src=\"https:\/\/lfv-oberholz.de\/cms\/wp-content\/uploads\/IMG_20181223_100441-300x224.jpg\" alt=\"bdr\" width=\"80\" height=\"60\" srcset=\"https:\/\/lfv-oberholz.de\/cms\/wp-content\/uploads\/IMG_20181223_100441-300x224.jpg 300w, https:\/\/lfv-oberholz.de\/cms\/wp-content\/uploads\/IMG_20181223_100441-1024x768.jpg 1024w\" sizes=\"auto, (max-width: 80px) 100vw, 80px\" \/><\/a><strong>Sonntag<\/strong><br \/>\n&#8211; <a href=\"https:\/\/lfv-oberholz.de\/cms\/lauftreff-oberholz\/\">Lauftreff Oberholz<\/a><br \/>\nTreff 9.55 Uhr M\u00fchlweg 4, 04463 Gro\u00dfp\u00f6sna (Forst Oberholz am Dammwildgehege)<\/p>\n<ul>\n<li>10.00 Uhr Lauf \/ Walking Kinder &#8211; Erwachsene<\/li>\n<\/ul>\n<h3>Trainer \/ \u00dcbungsleiter \/ Kursleiter<\/h3>\n<ul>\n<li><a href=\"https:\/\/lfv-oberholz.de\/cms\/athleten\/bauer-joerg\/\">J\u00f6rg Bauer<\/a> (Allgemeinsport \/ Lauf \/ Inliner \/ Rollski \/\u00a0 Ski \/ Walking)<\/li>\n<li>Janine Bauer Allgemeinsport \/ Inliner<\/li>\n<li>Beatrice Blankschein (Allgemeinsport \/ Fitness &amp; Kraftaufbau \/ Lauf)<\/li>\n<li>Kerstin B\u00f6nisch (Allgemeinsport \/ Gymnastik &#8211; Joyrobic)<\/li>\n<li>Katharina Dietrich (Allgemeinsport \/ Inliner)<\/li>\n<li><a href=\"http:\/\/(Fitnesstrainer)\" data-wplink-url-error=\"true\">Theresa D\u00f6pping<\/a> (Fitnesstrainerin)<\/li>\n<li><a href=\"https:\/\/lfv-oberholz.de\/cms\/athleten\/dost-sabine\/\">Sabine Dost<\/a> (Allgemeinsport \/ Gymnastik &#8211; Joyrobic)<\/li>\n<li>Benjamin Drabon (Allgemeinsport in Ausbildung)<\/li>\n<li>Jana Fischer (Allgemeinsport)<\/li>\n<li>Liane Gr\u00e4tsch (Lauf)<\/li>\n<li>Kathrin Herrmann (Allgemeinsport \/ Inliner \/ Rollski \/ Ski)<\/li>\n<li>David Kleinig (Allgemeinsport \/ Inliner \/ Ski)<\/li>\n<li><a href=\"https:\/\/lfv-oberholz.de\/cms\/athleten\/klemm-alexander\/\">Alexander Klemm<\/a> (Lauf \/ Triathlon)<\/li>\n<li><a href=\"https:\/\/lfv-oberholz.de\/cms\/athleten\/lehmann-silvio\/\">Silvio Lehmann<\/a> (Leichtathletik)<\/li>\n<li>Henri Leuschner (Fitnesstrainer)<\/li>\n<li>Ramona Miersch (Breitensport \/ Schwimmen)<\/li>\n<li>Nicole Moritz (Allgemeinsport)<\/li>\n<li>(<a href=\"https:\/\/lfv-oberholz.de\/cms\/athleten\/noack-katja\/\">Katja Noack<\/a> (Ski))<\/li>\n<li>Christiane Rabe (in Ausbildung)<\/li>\n<li><a href=\"https:\/\/lfv-oberholz.de\/cms\/athleten\/sander-marco\/\">Marco Sander<\/a> (Allgemeinsport \/ Lauf)<\/li>\n<li><a href=\"https:\/\/lfv-oberholz.de\/cms\/athleten\/weber-stephan\/\">Stephan Weber<\/a> (Allgemeinsport, Schwimmen)<\/li>\n<li><a href=\"https:\/\/lfv-oberholz.de\/cms\/athleten\/weidel-falk\/\">Falk Weidel<\/a> (Fitnesstrainer)<\/li>\n<li><a href=\"https:\/\/lfv-oberholz.de\/cms\/athleten\/wiedemann-ralph\/\">Ralph Wiedemann<\/a> (Allgemeinsport \/ Lauf)<\/li>\n<\/ul>\n","protected":false},"excerpt":{"rendered":"<p>feste Trainingszeiten des LFV Oberholz (\u00dcbersicht als PDF) Montag (nur an Schultagen) &#8211; in der Turnhalle des Vereins- und B\u00fcrgerhaus, Rittergut 1, 04463 Gro\u00dfp\u00f6sna (1. Etage) 16.00-16.45 Uhr Allgemeinsport, Kinder 3 &#8211; 4 Jahre 17.00-18.00 Uhr Allgemeinsport, Kinder 5 &#8211; &hellip; <a href=\"https:\/\/lfv-oberholz.de\/cms\/trainingszeiten\/\">Weiterlesen <span class=\"meta-nav\">&rarr;<\/span><\/a><\/p>\n","protected":false},"author":1,"featured_media":0,"parent":0,"menu_order":0,"comment_status":"closed","ping_status":"closed","template":"","meta":{"pgc_sgb_lightbox_settings":"","footnotes":""},"class_list":["post-208","page","type-page","status-publish","hentry"],"_links":{"self":[{"href":"https:\/\/lfv-oberholz.de\/cms\/wp-json\/wp\/v2\/pages\/208","targetHints":{"allow":["GET"]}}],"collection":[{"href":"https:\/\/lfv-oberholz.de\/cms\/wp-json\/wp\/v2\/pages"}],"about":[{"href":"https:\/\/lfv-oberholz.de\/cms\/wp-json\/wp\/v2\/types\/page"}],"author":[{"embeddable":true,"href":"https:\/\/lfv-oberholz.de\/cms\/wp-json\/wp\/v2\/users\/1"}],"replies":[{"embeddable":true,"href":"https:\/\/lfv-oberholz.de\/cms\/wp-json\/wp\/v2\/comments?post=208"}],"version-history":[{"count":2,"href":"https:\/\/lfv-oberholz.de\/cms\/wp-json\/wp\/v2\/pages\/208\/revisions"}],"predecessor-version":[{"id":24150,"href":"https:\/\/lfv-oberholz.de\/cms\/wp-json\/wp\/v2\/pages\/208\/revisions\/24150"}],"wp:attachment":[{"href":"https:\/\/lfv-oberholz.de\/cms\/wp-json\/wp\/v2\/media?parent=208"}],"curies":[{"name":"wp","href":"https:\/\/api.w.org\/{rel}","templated":true}]}}