{"id":21566,"date":"2025-03-27T15:49:21","date_gmt":"2025-03-27T14:49:21","guid":{"rendered":"https:\/\/lfv-oberholz.de\/cms\/?page_id=21566"},"modified":"2025-03-27T15:49:21","modified_gmt":"2025-03-27T14:49:21","slug":"reichel-maik","status":"publish","type":"page","link":"https:\/\/lfv-oberholz.de\/cms\/athleten\/reichel-maik\/","title":{"rendered":"Reichel, Maik"},"content":{"rendered":"\n<h2>Maik Reichel<\/h2>\n<p>(Dieses Seite wurde mit Einwilligung der betreffenden Person erstellt und ver\u00f6ffentlicht)<\/p>\n<ul>\n<li><a href=\"https:\/\/lfv-oberholz.de\/cms\/wp-content\/uploads\/Maik_000_Titelbild.jpg\"><img loading=\"lazy\" decoding=\"async\" class=\"alignright wp-image-21608\" src=\"https:\/\/lfv-oberholz.de\/cms\/wp-content\/uploads\/Maik_000_Titelbild-223x300.jpg\" alt=\"\" width=\"123\" height=\"165\" srcset=\"https:\/\/lfv-oberholz.de\/cms\/wp-content\/uploads\/Maik_000_Titelbild-223x300.jpg 223w, https:\/\/lfv-oberholz.de\/cms\/wp-content\/uploads\/Maik_000_Titelbild-760x1024.jpg 760w, https:\/\/lfv-oberholz.de\/cms\/wp-content\/uploads\/Maik_000_Titelbild-768x1035.jpg 768w, https:\/\/lfv-oberholz.de\/cms\/wp-content\/uploads\/Maik_000_Titelbild-1140x1536.jpg 1140w, https:\/\/lfv-oberholz.de\/cms\/wp-content\/uploads\/Maik_000_Titelbild.jpg 1520w\" sizes=\"auto, (max-width: 123px) 100vw, 123px\" \/><\/a>Mitglied seit:<strong> \u00a0\u00a0\u00a0 <\/strong>Januar 2025<\/li>\n<li>Beruf\/T\u00e4tigkeit: Kaufm\u00e4nnischer Assistent \/ Datenerfasser<\/li>\n<li>Wohnort:\u00a0\u00a0\u00a0\u00a0\u00a0\u00a0\u00a0\u00a0\u00a0\u00a0 Leipzig<\/li>\n<li>Jahrgang:\u00a0\u00a0\u00a0\u00a0\u00a0\u00a0\u00a0\u00a0 1980<\/li>\n<li>Sportlich aktiv: seit 1989 \/ Laufen seit 2015<\/li>\n<li>Sportarten:\u00a0\u00a0\u00a0\u00a0 \u00a0 Laufen, Wandern, Radfahren<\/li>\n<li>pers\u00f6nliche Erfolge \/ H\u00f6hepunkte:\n<ul>\n<li>Laufen:\n<ul>\n<li>3. Platz Stadtrangliste AK30 2019Stadtrangliste Leipzig: Top 3 Platzierungen in den Jahren 2020 bis 2024<\/li>\n<li>2 km in 06:50 min (2024 \u2013 Lauf gegen Krebs) Doppelsieg \u00fcber 2 und 6 km<\/li>\n<li>3 km in 10:11 min (2024 \u2013 Nachtlauf Leipzig) 2. Platz gesamt<\/li>\n<li>5 km in 18:21 min (2024 \u2013 Offene Stadtmeisterschaft Bahn Leipzig)<\/li>\n<li>10 km in 37:27 min (2024 \u2013 Leipziger AOK Plus Fr\u00fchjahrslauf)<\/li>\n<li>Halbmarathon in 1:25:48 h (2024 \u2013 Muldentaler St\u00e4dtelauf Wurzen-Grimma)<\/li>\n<li>1. Marathon in 3:27:14 h (2024 \u2013 K\u00f6nigsschl\u00f6sser Marathon F\u00fcssen)<\/li>\n<\/ul>\n<\/li>\n<li>Sonstiges:\n<ul>\n<li>Laufprojekt \u201eRunTheTram\u201c \u2013 Lauf aller Linien des Leipziger Stra\u00dfenbahnnetzes<\/li>\n<li>Laufprojekt \u201e1000 H\u00f6henmeter am Fockeberg\u201c ca. 43 km<\/li>\n<li>Zahlreiche Bergwanderungen, Tagesausfl\u00fcge, Seenwanderungen, Radtouren<\/li>\n<\/ul>\n<\/li>\n<\/ul>\n<\/li>\n<\/ul>\n<p><a href=\"https:\/\/lfv-oberholz.de\/cms\/wp-content\/uploads\/IMG-20250322-WA0164.jpg\"><img loading=\"lazy\" decoding=\"async\" class=\"alignnone wp-image-21624\" src=\"https:\/\/lfv-oberholz.de\/cms\/wp-content\/uploads\/IMG-20250322-WA0164-162x300.jpg\" alt=\"\" width=\"65\" height=\"120\" srcset=\"https:\/\/lfv-oberholz.de\/cms\/wp-content\/uploads\/IMG-20250322-WA0164-162x300.jpg 162w, https:\/\/lfv-oberholz.de\/cms\/wp-content\/uploads\/IMG-20250322-WA0164-553x1024.jpg 553w, https:\/\/lfv-oberholz.de\/cms\/wp-content\/uploads\/IMG-20250322-WA0164-768x1422.jpg 768w, https:\/\/lfv-oberholz.de\/cms\/wp-content\/uploads\/IMG-20250322-WA0164-829x1536.jpg 829w, https:\/\/lfv-oberholz.de\/cms\/wp-content\/uploads\/IMG-20250322-WA0164-1106x2048.jpg 1106w, https:\/\/lfv-oberholz.de\/cms\/wp-content\/uploads\/IMG-20250322-WA0164.jpg 1136w\" sizes=\"auto, (max-width: 65px) 100vw, 65px\" \/><\/a>\u00a0<a href=\"https:\/\/lfv-oberholz.de\/cms\/wp-content\/uploads\/Maik_001.jpg\"><img loading=\"lazy\" decoding=\"async\" class=\"alignnone wp-image-21610\" src=\"https:\/\/lfv-oberholz.de\/cms\/wp-content\/uploads\/Maik_001-300x218.jpg\" alt=\"\" width=\"165\" height=\"120\" srcset=\"https:\/\/lfv-oberholz.de\/cms\/wp-content\/uploads\/Maik_001-300x218.jpg 300w, https:\/\/lfv-oberholz.de\/cms\/wp-content\/uploads\/Maik_001-1024x745.jpg 1024w, https:\/\/lfv-oberholz.de\/cms\/wp-content\/uploads\/Maik_001-768x558.jpg 768w, https:\/\/lfv-oberholz.de\/cms\/wp-content\/uploads\/Maik_001-1536x1117.jpg 1536w, https:\/\/lfv-oberholz.de\/cms\/wp-content\/uploads\/Maik_001.jpg 2048w\" sizes=\"auto, (max-width: 165px) 100vw, 165px\" \/><\/a> <a href=\"https:\/\/lfv-oberholz.de\/cms\/wp-content\/uploads\/Maik_002.jpg\"><img loading=\"lazy\" decoding=\"async\" class=\"alignnone wp-image-21611\" src=\"https:\/\/lfv-oberholz.de\/cms\/wp-content\/uploads\/Maik_002-300x211.jpg\" alt=\"\" width=\"171\" height=\"120\" srcset=\"https:\/\/lfv-oberholz.de\/cms\/wp-content\/uploads\/Maik_002-300x211.jpg 300w, https:\/\/lfv-oberholz.de\/cms\/wp-content\/uploads\/Maik_002-1024x720.jpg 1024w, https:\/\/lfv-oberholz.de\/cms\/wp-content\/uploads\/Maik_002-768x540.jpg 768w, https:\/\/lfv-oberholz.de\/cms\/wp-content\/uploads\/Maik_002-1536x1079.jpg 1536w, https:\/\/lfv-oberholz.de\/cms\/wp-content\/uploads\/Maik_002.jpg 2048w\" sizes=\"auto, (max-width: 171px) 100vw, 171px\" \/><\/a> <a href=\"https:\/\/lfv-oberholz.de\/cms\/wp-content\/uploads\/Maik_003.jpg\"><img loading=\"lazy\" decoding=\"async\" class=\"alignnone wp-image-21612\" src=\"https:\/\/lfv-oberholz.de\/cms\/wp-content\/uploads\/Maik_003-300x248.jpg\" alt=\"\" width=\"145\" height=\"120\" srcset=\"https:\/\/lfv-oberholz.de\/cms\/wp-content\/uploads\/Maik_003-300x248.jpg 300w, https:\/\/lfv-oberholz.de\/cms\/wp-content\/uploads\/Maik_003-768x636.jpg 768w, https:\/\/lfv-oberholz.de\/cms\/wp-content\/uploads\/Maik_003.jpg 870w\" sizes=\"auto, (max-width: 145px) 100vw, 145px\" \/><\/a> <a href=\"https:\/\/lfv-oberholz.de\/cms\/wp-content\/uploads\/Maik_004.jpg\"><img loading=\"lazy\" decoding=\"async\" class=\"alignnone wp-image-21613\" src=\"https:\/\/lfv-oberholz.de\/cms\/wp-content\/uploads\/Maik_004-300x169.jpg\" alt=\"\" width=\"213\" height=\"120\" srcset=\"https:\/\/lfv-oberholz.de\/cms\/wp-content\/uploads\/Maik_004-300x169.jpg 300w, https:\/\/lfv-oberholz.de\/cms\/wp-content\/uploads\/Maik_004-1024x576.jpg 1024w, https:\/\/lfv-oberholz.de\/cms\/wp-content\/uploads\/Maik_004-768x432.jpg 768w, https:\/\/lfv-oberholz.de\/cms\/wp-content\/uploads\/Maik_004.jpg 1280w\" sizes=\"auto, (max-width: 213px) 100vw, 213px\" \/><\/a> <a href=\"https:\/\/lfv-oberholz.de\/cms\/wp-content\/uploads\/Maik_005.jpg\"><img loading=\"lazy\" decoding=\"async\" class=\"alignnone wp-image-21614\" src=\"https:\/\/lfv-oberholz.de\/cms\/wp-content\/uploads\/Maik_005-300x239.jpg\" alt=\"\" width=\"151\" height=\"120\" srcset=\"https:\/\/lfv-oberholz.de\/cms\/wp-content\/uploads\/Maik_005-300x239.jpg 300w, https:\/\/lfv-oberholz.de\/cms\/wp-content\/uploads\/Maik_005-1024x815.jpg 1024w, https:\/\/lfv-oberholz.de\/cms\/wp-content\/uploads\/Maik_005-768x611.jpg 768w, https:\/\/lfv-oberholz.de\/cms\/wp-content\/uploads\/Maik_005-1536x1222.jpg 1536w, https:\/\/lfv-oberholz.de\/cms\/wp-content\/uploads\/Maik_005.jpg 2048w\" sizes=\"auto, (max-width: 151px) 100vw, 151px\" \/><\/a> <a href=\"https:\/\/lfv-oberholz.de\/cms\/wp-content\/uploads\/Maik_006.jpg\"><img loading=\"lazy\" decoding=\"async\" class=\"alignnone wp-image-21615\" src=\"https:\/\/lfv-oberholz.de\/cms\/wp-content\/uploads\/Maik_006-300x223.jpg\" alt=\"\" width=\"161\" height=\"120\" srcset=\"https:\/\/lfv-oberholz.de\/cms\/wp-content\/uploads\/Maik_006-300x223.jpg 300w, https:\/\/lfv-oberholz.de\/cms\/wp-content\/uploads\/Maik_006-1024x762.jpg 1024w, https:\/\/lfv-oberholz.de\/cms\/wp-content\/uploads\/Maik_006-768x571.jpg 768w, https:\/\/lfv-oberholz.de\/cms\/wp-content\/uploads\/Maik_006-1536x1142.jpg 1536w, https:\/\/lfv-oberholz.de\/cms\/wp-content\/uploads\/Maik_006.jpg 2048w\" sizes=\"auto, (max-width: 161px) 100vw, 161px\" \/><\/a> <a href=\"https:\/\/lfv-oberholz.de\/cms\/wp-content\/uploads\/Maik_007.jpg\"><img loading=\"lazy\" decoding=\"async\" class=\"alignnone wp-image-21616\" src=\"https:\/\/lfv-oberholz.de\/cms\/wp-content\/uploads\/Maik_007-300x272.jpg\" alt=\"\" width=\"132\" height=\"120\" srcset=\"https:\/\/lfv-oberholz.de\/cms\/wp-content\/uploads\/Maik_007-300x272.jpg 300w, https:\/\/lfv-oberholz.de\/cms\/wp-content\/uploads\/Maik_007-1024x928.jpg 1024w, https:\/\/lfv-oberholz.de\/cms\/wp-content\/uploads\/Maik_007-768x696.jpg 768w, https:\/\/lfv-oberholz.de\/cms\/wp-content\/uploads\/Maik_007-1536x1391.jpg 1536w, https:\/\/lfv-oberholz.de\/cms\/wp-content\/uploads\/Maik_007.jpg 2048w\" sizes=\"auto, (max-width: 132px) 100vw, 132px\" \/><\/a> <a href=\"https:\/\/lfv-oberholz.de\/cms\/wp-content\/uploads\/Maik_008.jpg\"><img loading=\"lazy\" decoding=\"async\" class=\"alignnone wp-image-21617\" src=\"https:\/\/lfv-oberholz.de\/cms\/wp-content\/uploads\/Maik_008-300x202.jpg\" alt=\"\" width=\"178\" height=\"120\" srcset=\"https:\/\/lfv-oberholz.de\/cms\/wp-content\/uploads\/Maik_008-300x202.jpg 300w, https:\/\/lfv-oberholz.de\/cms\/wp-content\/uploads\/Maik_008-1024x691.jpg 1024w, https:\/\/lfv-oberholz.de\/cms\/wp-content\/uploads\/Maik_008-768x518.jpg 768w, https:\/\/lfv-oberholz.de\/cms\/wp-content\/uploads\/Maik_008-1536x1036.jpg 1536w, https:\/\/lfv-oberholz.de\/cms\/wp-content\/uploads\/Maik_008.jpg 1668w\" sizes=\"auto, (max-width: 178px) 100vw, 178px\" \/><\/a> <a href=\"https:\/\/lfv-oberholz.de\/cms\/wp-content\/uploads\/Maik_009.jpg\"><img loading=\"lazy\" decoding=\"async\" class=\"alignnone wp-image-21618\" src=\"https:\/\/lfv-oberholz.de\/cms\/wp-content\/uploads\/Maik_009-300x200.jpg\" alt=\"\" width=\"180\" height=\"120\" srcset=\"https:\/\/lfv-oberholz.de\/cms\/wp-content\/uploads\/Maik_009-300x200.jpg 300w, https:\/\/lfv-oberholz.de\/cms\/wp-content\/uploads\/Maik_009-1024x682.jpg 1024w, https:\/\/lfv-oberholz.de\/cms\/wp-content\/uploads\/Maik_009-768x511.jpg 768w, https:\/\/lfv-oberholz.de\/cms\/wp-content\/uploads\/Maik_009.jpg 1080w\" sizes=\"auto, (max-width: 180px) 100vw, 180px\" \/><\/a> <a href=\"https:\/\/lfv-oberholz.de\/cms\/wp-content\/uploads\/Maik_010.jpg\"><img loading=\"lazy\" decoding=\"async\" class=\"alignnone wp-image-21619\" src=\"https:\/\/lfv-oberholz.de\/cms\/wp-content\/uploads\/Maik_010-300x252.jpg\" alt=\"\" width=\"143\" height=\"120\" srcset=\"https:\/\/lfv-oberholz.de\/cms\/wp-content\/uploads\/Maik_010-300x252.jpg 300w, https:\/\/lfv-oberholz.de\/cms\/wp-content\/uploads\/Maik_010-1024x862.jpg 1024w, https:\/\/lfv-oberholz.de\/cms\/wp-content\/uploads\/Maik_010-768x646.jpg 768w, https:\/\/lfv-oberholz.de\/cms\/wp-content\/uploads\/Maik_010-1536x1292.jpg 1536w, https:\/\/lfv-oberholz.de\/cms\/wp-content\/uploads\/Maik_010.jpg 2048w\" sizes=\"auto, (max-width: 143px) 100vw, 143px\" \/><\/a> <a href=\"https:\/\/lfv-oberholz.de\/cms\/wp-content\/uploads\/Maik_011.jpg\"><img loading=\"lazy\" decoding=\"async\" class=\"alignnone wp-image-21620\" src=\"https:\/\/lfv-oberholz.de\/cms\/wp-content\/uploads\/Maik_011-189x300.jpg\" alt=\"\" width=\"76\" height=\"120\" srcset=\"https:\/\/lfv-oberholz.de\/cms\/wp-content\/uploads\/Maik_011-189x300.jpg 189w, https:\/\/lfv-oberholz.de\/cms\/wp-content\/uploads\/Maik_011-645x1024.jpg 645w, https:\/\/lfv-oberholz.de\/cms\/wp-content\/uploads\/Maik_011-768x1220.jpg 768w, https:\/\/lfv-oberholz.de\/cms\/wp-content\/uploads\/Maik_011-967x1536.jpg 967w, https:\/\/lfv-oberholz.de\/cms\/wp-content\/uploads\/Maik_011.jpg 1125w\" sizes=\"auto, (max-width: 76px) 100vw, 76px\" \/><\/a> <a href=\"https:\/\/lfv-oberholz.de\/cms\/wp-content\/uploads\/Maik_012.jpg\"><img loading=\"lazy\" decoding=\"async\" class=\"alignnone wp-image-21621\" src=\"https:\/\/lfv-oberholz.de\/cms\/wp-content\/uploads\/Maik_012-210x300.jpg\" alt=\"\" width=\"84\" height=\"120\" srcset=\"https:\/\/lfv-oberholz.de\/cms\/wp-content\/uploads\/Maik_012-210x300.jpg 210w, https:\/\/lfv-oberholz.de\/cms\/wp-content\/uploads\/Maik_012-716x1024.jpg 716w, https:\/\/lfv-oberholz.de\/cms\/wp-content\/uploads\/Maik_012-768x1099.jpg 768w, https:\/\/lfv-oberholz.de\/cms\/wp-content\/uploads\/Maik_012-1073x1536.jpg 1073w, https:\/\/lfv-oberholz.de\/cms\/wp-content\/uploads\/Maik_012.jpg 1431w\" sizes=\"auto, (max-width: 84px) 100vw, 84px\" \/><\/a> <a href=\"https:\/\/lfv-oberholz.de\/cms\/wp-content\/uploads\/Maik_013.jpg\"><img loading=\"lazy\" decoding=\"async\" class=\"alignnone wp-image-21622\" src=\"https:\/\/lfv-oberholz.de\/cms\/wp-content\/uploads\/Maik_013-200x300.jpg\" alt=\"\" width=\"80\" height=\"120\" srcset=\"https:\/\/lfv-oberholz.de\/cms\/wp-content\/uploads\/Maik_013-200x300.jpg 200w, https:\/\/lfv-oberholz.de\/cms\/wp-content\/uploads\/Maik_013-682x1024.jpg 682w, https:\/\/lfv-oberholz.de\/cms\/wp-content\/uploads\/Maik_013-768x1152.jpg 768w, https:\/\/lfv-oberholz.de\/cms\/wp-content\/uploads\/Maik_013.jpg 853w\" sizes=\"auto, (max-width: 80px) 100vw, 80px\" \/><\/a> <a href=\"https:\/\/lfv-oberholz.de\/cms\/wp-content\/uploads\/Maik_014.jpg\"><img loading=\"lazy\" decoding=\"async\" class=\"alignnone wp-image-21623\" src=\"https:\/\/lfv-oberholz.de\/cms\/wp-content\/uploads\/Maik_014-300x169.jpg\" alt=\"\" width=\"213\" height=\"120\" srcset=\"https:\/\/lfv-oberholz.de\/cms\/wp-content\/uploads\/Maik_014-300x169.jpg 300w, https:\/\/lfv-oberholz.de\/cms\/wp-content\/uploads\/Maik_014-1024x576.jpg 1024w, https:\/\/lfv-oberholz.de\/cms\/wp-content\/uploads\/Maik_014-768x432.jpg 768w, https:\/\/lfv-oberholz.de\/cms\/wp-content\/uploads\/Maik_014-1536x864.jpg 1536w, https:\/\/lfv-oberholz.de\/cms\/wp-content\/uploads\/Maik_014.jpg 2000w\" sizes=\"auto, (max-width: 213px) 100vw, 213px\" \/><\/a><\/p>\n","protected":false},"excerpt":{"rendered":"<p>Maik Reichel (Dieses Seite wurde mit Einwilligung der betreffenden Person erstellt und ver\u00f6ffentlicht) Mitglied seit: \u00a0\u00a0\u00a0 Januar 2025 Beruf\/T\u00e4tigkeit: Kaufm\u00e4nnischer Assistent \/ Datenerfasser Wohnort:\u00a0\u00a0\u00a0\u00a0\u00a0\u00a0\u00a0\u00a0\u00a0\u00a0 Leipzig Jahrgang:\u00a0\u00a0\u00a0\u00a0\u00a0\u00a0\u00a0\u00a0 1980 Sportlich aktiv: seit 1989 \/ Laufen seit 2015 Sportarten:\u00a0\u00a0\u00a0\u00a0 \u00a0 Laufen, Wandern, Radfahren &hellip; <a href=\"https:\/\/lfv-oberholz.de\/cms\/athleten\/reichel-maik\/\">Weiterlesen <span class=\"meta-nav\">&rarr;<\/span><\/a><\/p>\n","protected":false},"author":6,"featured_media":0,"parent":257,"menu_order":0,"comment_status":"closed","ping_status":"closed","template":"","meta":{"pgc_sgb_lightbox_settings":"","footnotes":""},"class_list":["post-21566","page","type-page","status-publish","hentry"],"_links":{"self":[{"href":"https:\/\/lfv-oberholz.de\/cms\/wp-json\/wp\/v2\/pages\/21566","targetHints":{"allow":["GET"]}}],"collection":[{"href":"https:\/\/lfv-oberholz.de\/cms\/wp-json\/wp\/v2\/pages"}],"about":[{"href":"https:\/\/lfv-oberholz.de\/cms\/wp-json\/wp\/v2\/types\/page"}],"author":[{"embeddable":true,"href":"https:\/\/lfv-oberholz.de\/cms\/wp-json\/wp\/v2\/users\/6"}],"replies":[{"embeddable":true,"href":"https:\/\/lfv-oberholz.de\/cms\/wp-json\/wp\/v2\/comments?post=21566"}],"version-history":[{"count":2,"href":"https:\/\/lfv-oberholz.de\/cms\/wp-json\/wp\/v2\/pages\/21566\/revisions"}],"predecessor-version":[{"id":21625,"href":"https:\/\/lfv-oberholz.de\/cms\/wp-json\/wp\/v2\/pages\/21566\/revisions\/21625"}],"up":[{"embeddable":true,"href":"https:\/\/lfv-oberholz.de\/cms\/wp-json\/wp\/v2\/pages\/257"}],"wp:attachment":[{"href":"https:\/\/lfv-oberholz.de\/cms\/wp-json\/wp\/v2\/media?parent=21566"}],"curies":[{"name":"wp","href":"https:\/\/api.w.org\/{rel}","templated":true}]}}