{"id":222,"date":"2014-09-26T22:02:32","date_gmt":"2014-09-26T20:02:32","guid":{"rendered":"http:\/\/lfv-oberholz.de\/cms\/?page_id=222"},"modified":"2026-05-06T12:43:56","modified_gmt":"2026-05-06T10:43:56","slug":"ssl","status":"publish","type":"page","link":"https:\/\/lfv-oberholz.de\/cms\/ssl\/","title":{"rendered":"Sparkassen &#8211; St\u00f6rmthaler Seelauf"},"content":{"rendered":"\n<h2 class=\"wp-block-heading\">Sparkassen &#8211; St\u00f6rmthaler Seelauf<\/h2>\n\n\n\n<h3 class=\"wp-block-heading\">Ausschreibung und Anmeldung<\/h3>\n\n\n\n<p class=\"wp-block-heading\">26. <span style=\"color: #ff0000;\">Sparkassen<\/span> &#8211; St\u00f6rmthaler Seelauf mit freundlicher Unterst\u00fctzung von Intersport H\u00fcbner,<br>am Sonntag, den 21. Juni 2026 im Rahmen des Dorf- und Vereinsfest St\u00f6rmthal<\/p>\n\n\n\n<p>IGL &#8211; Interessengemeinschaft der Langstreckenl\u00e4ufer<br>KJS &#8211; offene Kreis Kinder- und Jugendspiele &#8211; Crosslauf<br>SRL &#8211; Lauf 8 zur Leipziger Stadtrangliste<\/p>\n\n\n\n<h3 class=\"wp-block-heading\">Organisation<\/h3>\n\n\n\n<p>Seelauf: LFV Oberholz e.V.<br>Sportwochenende: ortsans\u00e4ssige Vereine<br>Moderation: Frank Steinmeyer<br>Informationen \/ Gesamtleitung \/ LFV-Infotelefon: J\u00f6rg Bauer<\/p>\n\n\n\n<h3 class=\"wp-block-heading\">Ort<\/h3>\n\n\n\n<p>Start\/Ziel: Festwiese Sportplatz St\u00f6rmthal, Rosengang 2, 04463 Gro\u00dfp\u00f6sna Ortsteil St\u00f6rmthal<br>Parken: nur ausgewiesene Parkfl\u00e4chen nutzen, ggf. weisen wir am Tag der Veranstaltung einen Parkplatz f\u00fcr unsere Teilnehmer separat aus<\/p>\n\n\n\n<h3 class=\"wp-block-heading\">Strecken<\/h3>\n\n\n\n<p>ca 2 km, 5 km und 10 km,<br>Streckenf\u00fchrung am St\u00f6rmthaler See,<br>Crossige Strecken, Wege und Wiese querfeld, Bachquerung \u00fcber Steinbl\u00f6cke, teils asphaltierte Wege<br>Streckenlink:<br><a href=\"https:\/\/www.komoot.de\/tour\/1172880166?ref=atd\">2 km Komoot 2024<\/a><br><a href=\"https:\/\/www.komoot.de\/tour\/1172815014?ref=atd\">5 km Komoot 2024<\/a><br><a href=\"https:\/\/strava.app.link\/YMiwLrVJkUb\">10 km Strava 2024<\/a><\/p>\n\n\n\n<h3 class=\"wp-block-heading\">Zeiten (Richtwerte, \u00c4nderungen vorbehalten)<\/h3>\n\n\n\n<p>Sonntag, 21.06.2026<\/p>\n\n\n\n<p>8.00 &#8211; 9.45 Uhr \u00d6ffnung Meldeb\u00fcro<br>8.00 &#8211; 9.30 Uhr Nachmeldungen<br>8.00 &#8211; 9.45 Uhr Ausgabe der Startunterlagen<br>9.45 Uhr Er\u00f6ffnung<br>10.00 Uhr Start 2 km, ca. 10:15 Uhr Start 5 km + 10 km<br>Siegerehrungen finden nach dem letztem Zieleinlauf statt<\/p>\n\n\n\n<h3 class=\"wp-block-heading\">Organisationsbeitrag<\/h3>\n\n\n\n<p>Dieser ist bei Abholung der Startunterlagen f\u00e4llig und hat nichts mit der Altersklassenwertung zu tun.<\/p>\n\n\n\n<ul class=\"wp-block-list\">\n<li>2 km Kinder\/Sch\u00fcler bis U12 1 \u20ac, Nachmeldung zzgl. 1 \u20ac<\/li>\n\n\n\n<li>2 km Jugend bis Erwachsene 2 \u20ac, Nachmeldung zzgl. 1 \u20ac<\/li>\n\n\n\n<li>5 km ab Sch\u00fcler U12\/Jugend 3 \u20ac, Nachmeldung zzgl. 2 \u20ac<\/li>\n\n\n\n<li>5 km Erwachsene 4 \u20ac, Nachmeldungen zzgl. 2 \u20ac<\/li>\n\n\n\n<li>10 km ab Jugend U18 bis Erwachsene 5 \u20ac, Nachmeldung zzgl. 2 \u20ac<\/li>\n<\/ul>\n\n\n\n<h3 class=\"wp-block-heading\">Altersklassenwertungen \/ Ehrungen<\/h3>\n\n\n\n<ul class=\"wp-block-list\">\n<li>Altersklassenwertung ist auf eine der angebotenen Streckenl\u00e4ngen festgelegt.<\/li>\n\n\n\n<li>bis U12 2 km<\/li>\n\n\n\n<li>U14 bis U20 sowie ab 65 5 km<\/li>\n\n\n\n<li>Hauptklassen bis 60 10 km jeweils m\/w 1.-3. Platz<\/li>\n\n\n\n<li>Gesamtwertung je Laufstrecke m\/w 1.-3. Platz<\/li>\n\n\n\n<li><a href=\"https:\/\/lfv-oberholz.de\/cms\/wp-content\/uploads\/Strecken-und-Wertungen-SSL-2026.pdf\">\u00dcbersicht Altersklassen und Strecken<\/a><\/li>\n<\/ul>\n\n\n\n<h3 class=\"wp-block-heading\">Haftung \/ Anmeldung<\/h3>\n\n\n\n<p>Der Veranstalter \u00fcbernimmt keine Haftung bei Unf\u00e4llen, Diebstahl oder Sonstigem!<br>Meldungen und Voranmeldungen nur online \u00fcber das <strong><a href=\"https:\/\/lfv-oberholz.de\/cms\/anmeldung\/?lauf=SSL\">Meldeportal<\/a><\/strong> bis 8.00 Uhr am Donnerstag vor dem Lauf (18.06.2026) abgeben. <br><span style=\"color: #00ff00;\"><strong><a style=\"color: #00ff00;\" href=\"https:\/\/lfv-oberholz.de\/cms\/anmeldung\/?lauf=SSL\">Meldeportal<\/a><\/strong> ist ge\u00f6ffnet.<\/span><br>Nachmeldungen sind am Veranstaltungstag in der Zeit von 8.00 &#8211; 9.30 Uhr m\u00f6glich.<\/p>\n\n\n\n<h3 class=\"wp-block-heading\">Ergebnisse<\/h3>\n\n\n\n<h3 class=\"wp-block-heading\">gibt es <a href=\"https:\/\/lfv-oberholz.de\/cms\/ergebnislisten\/\">hier<\/a> als PDF sowie in unserer Ergebnisdatenbank mit Urkundendruck<\/h3>\n\n\n\n<h3 class=\"wp-block-heading\">Bilder<\/h3>\n\n\n\n<p>sind im Textbeitrag zur jeweiligen Veranstaltung auf unserer Startseite\/Aktuelles zu finden.<\/p>\n","protected":false},"excerpt":{"rendered":"<p>Sparkassen &#8211; St\u00f6rmthaler Seelauf Ausschreibung und Anmeldung 26. Sparkassen &#8211; St\u00f6rmthaler Seelauf mit freundlicher Unterst\u00fctzung von Intersport H\u00fcbner,am Sonntag, den 21. Juni 2026 im Rahmen des Dorf- und Vereinsfest St\u00f6rmthal IGL &#8211; Interessengemeinschaft der Langstreckenl\u00e4uferKJS &#8211; offene Kreis Kinder- und &hellip; <a href=\"https:\/\/lfv-oberholz.de\/cms\/ssl\/\">Weiterlesen <span class=\"meta-nav\">&rarr;<\/span><\/a><\/p>\n","protected":false},"author":1,"featured_media":0,"parent":0,"menu_order":0,"comment_status":"closed","ping_status":"closed","template":"onecolumn-page.php","meta":{"pgc_sgb_lightbox_settings":"","footnotes":""},"class_list":["post-222","page","type-page","status-publish","hentry"],"_links":{"self":[{"href":"https:\/\/lfv-oberholz.de\/cms\/wp-json\/wp\/v2\/pages\/222","targetHints":{"allow":["GET"]}}],"collection":[{"href":"https:\/\/lfv-oberholz.de\/cms\/wp-json\/wp\/v2\/pages"}],"about":[{"href":"https:\/\/lfv-oberholz.de\/cms\/wp-json\/wp\/v2\/types\/page"}],"author":[{"embeddable":true,"href":"https:\/\/lfv-oberholz.de\/cms\/wp-json\/wp\/v2\/users\/1"}],"replies":[{"embeddable":true,"href":"https:\/\/lfv-oberholz.de\/cms\/wp-json\/wp\/v2\/comments?post=222"}],"version-history":[{"count":2,"href":"https:\/\/lfv-oberholz.de\/cms\/wp-json\/wp\/v2\/pages\/222\/revisions"}],"predecessor-version":[{"id":25869,"href":"https:\/\/lfv-oberholz.de\/cms\/wp-json\/wp\/v2\/pages\/222\/revisions\/25869"}],"wp:attachment":[{"href":"https:\/\/lfv-oberholz.de\/cms\/wp-json\/wp\/v2\/media?parent=222"}],"curies":[{"name":"wp","href":"https:\/\/api.w.org\/{rel}","templated":true}]}}