{"id":22388,"date":"2025-06-06T12:19:43","date_gmt":"2025-06-06T10:19:43","guid":{"rendered":"https:\/\/lfv-oberholz.de\/cms\/?page_id=22388"},"modified":"2026-03-04T12:28:28","modified_gmt":"2026-03-04T11:28:28","slug":"lsm-vorstellung","status":"publish","type":"page","link":"https:\/\/lfv-oberholz.de\/cms\/lsm-vorstellung\/","title":{"rendered":"LSM-Vorstellung"},"content":{"rendered":"\n<p><strong>Vorstellung\u00a0\u00a0\u00a0\u00a0\u00a0\u00a0\u00a0\u00a0\u00a0 <a href=\"https:\/\/lfv-oberholz.de\/cms\/lsm-ausschreibung\/\">Ausschreibung<\/a>\u00a0\u00a0\u00a0\u00a0\u00a0\u00a0\u00a0\u00a0\u00a0 <a href=\"https:\/\/lfv-oberholz.de\/cms\/lsm-anmeldung\/\">Anmeldung<\/a>\u00a0\u00a0\u00a0\u00a0\u00a0\u00a0\u00a0\u00a0\u00a0 <a href=\"https:\/\/lfv-oberholz.de\/cms\/lsm-anfahrt\/\">Anfahrt<\/a><\/strong><\/p>\n<h2 class=\"wp-block-heading lsm_h2\">27. Sparkassen Leipziger S\u00fcdraum-Marathon \/ Vorstellung<\/h2>\n\n\n<div class=\"wp-block-image\">\n<figure class=\"alignright size-medium\"><img loading=\"lazy\" decoding=\"async\" width=\"300\" height=\"144\" src=\"https:\/\/lfv-oberholz.de\/cms\/wp-content\/uploads\/spk-lsm-logo-300x144.jpg\" alt=\"\" class=\"wp-image-22912\" srcset=\"https:\/\/lfv-oberholz.de\/cms\/wp-content\/uploads\/spk-lsm-logo-300x144.jpg 300w, https:\/\/lfv-oberholz.de\/cms\/wp-content\/uploads\/spk-lsm-logo-768x369.jpg 768w, https:\/\/lfv-oberholz.de\/cms\/wp-content\/uploads\/spk-lsm-logo.jpg 817w\" sizes=\"auto, (max-width: 300px) 100vw, 300px\" \/><\/figure>\n<\/div>\n\n\n<p><strong><span style=\"text-decoration: underline;\">Samstag<\/span>, den 12. September 2026<br>\u2026 ca. 42 wundersch\u00f6ne km im Leipziger Neuseenland!<br>\u2026 nur das Team z\u00e4hlt!<\/strong><\/p>\n\n\n\n<p>Seit dem ersten Lauf 2000 haben 1510 Teams mit 4521 Teilnehmern die Team-Herausforderung angenommen, den ehemaligen Gro\u00dftagebau Espenhain, auf dessen Gebiet sich der St\u00f6rmthaler und Markkleeberger See entwickelt haben, im Team zu Fu\u00df und mit dem Fahrrad zu umrunden.<\/p>\n\n\n\n<p><strong>Die Regeln sind einfach:<\/strong> Zwei Fahrradfahrer und ein L\u00e4ufer gleich welchen Geschlechts bew\u00e4ltigen gemeinsam als Gruppe die klassische Marathondistanz. Es muss stets ein Teammitglied laufen, die Positionen d\u00fcrfen dabei beliebig h\u00e4ufig mit Kontakt gleich einem Staffellauf gewechselt werden. So kann jedes Team seine Strategie entwickeln.<br><span style=\"text-decoration: underline;\">Nur zwei Dinge sind verboten:<\/span> Abk\u00fcrzungen und die Mitnahme von L\u00e4ufern auf dem Fahrrad! Weiteres zum Regelwerk siehe Teilnahmebedingungen.<\/p>\n<p>Unser Lauf vereinigt auf einmalige Weise Landschaftserkundung, sportliche Herausforderung und Teamerlebnis.<\/p>\n<p>Wir freuen uns auf Eure Teilnahme!<\/p>\n<p>Bis bald, wenn am <strong>Samstag, den 12.09.2026<\/strong> zum siebenundzwanzigsten Mal der Startschuss f\u00e4llt.<\/p>\n\n\n\n<h2 class=\"wp-block-heading lsm_h2\">History &#8211; 20 Jahre Marathon<\/h2>\n\n\n\n<p>F\u00fcr den 20. Marathon wurde ein reich bebildertes Heft entworfen, das eindr\u00fccklich zeigt, wie Landschaftswandel und Lauf eng miteinander verbunden sind.<br>Zudem befindet sich hier u. a. eine Liste mit allen 1.-3.-Pl\u00e4tzen seit dem Jahr 2000 und Abbildungen unserer besonderen Pokale.<br>Das Heft gibt es als pdf-Dokument zum <a href=\"https:\/\/lfv-oberholz.de\/cms\/wp-content\/uploads\/LSM_20_Jahre.pdf\" data-type=\"attachment\" data-id=\"22399\">Download<\/a> (ca. 8 MB).<br>Viel Freude beim St\u00f6bern. Der\/die ein oder andere Teilnehmer:in wird sich entdecken.<\/p>\n\n\n\n<p>Gru\u00df vom Orgateam Sparkassen-Leipziger S\u00fcdraum-Marathon<br>LFV Oberholz e. V.<\/p>\n\n\n\n<div class=\"wp-block-columns is-layout-flex wp-container-core-columns-is-layout-9d6595d7 wp-block-columns-is-layout-flex\">\n<div class=\"wp-block-column is-vertically-aligned-center is-layout-flow wp-block-column-is-layout-flow\">\n<figure class=\"wp-block-image size-large\"><a href=\"https:\/\/www.sparkassen-challenge.de\/\" target=\"_blank\" rel=\" noreferrer noopener\"><img decoding=\"async\" src=\"https:\/\/lfv-oberholz.de\/cms\/wp-content\/uploads\/sparkassen-challenge-logo.png\" alt=\"\"\/><\/a><\/figure>\n<\/div>\n\n\n\n<div class=\"wp-block-column is-layout-flow wp-block-column-is-layout-flow\"><div class=\"wp-block-image\">\n<figure class=\"aligncenter size-large\"><a href=\"https:\/\/www.grosspoesna.de\" target=\"_blank\" rel=\" noreferrer noopener\"><img decoding=\"async\" src=\"https:\/\/lfv-oberholz.de\/cms\/wp-content\/uploads\/Grosspoesna.png\" alt=\"\"\/><\/a><\/figure>\n<\/div><\/div>\n\n\n\n<div class=\"wp-block-column is-layout-flow wp-block-column-is-layout-flow\">\n<figure class=\"wp-block-image size-large\"><a href=\"https:\/\/leipziger-neuseenland.org\/\" target=\"_blank\" rel=\" noreferrer noopener\"><img decoding=\"async\" src=\"https:\/\/lfv-oberholz.de\/cms\/wp-content\/uploads\/logo-leipziger-neuseeland.png\" alt=\"\"\/><\/a><\/figure>\n<\/div>\n<\/div>\n\n\n\n<hr class=\"wp-block-separator aligncenter has-text-color has-alpha-channel-opacity has-background is-style-wide\" style=\"background-color:#006bcc;color:#006bcc\"\/>\n\n\n\n<h2 class=\"wp-block-heading lsm_block\">Partner<\/h2>\n\n\n\n<div class=\"wp-block-columns is-layout-flex wp-container-core-columns-is-layout-9d6595d7 wp-block-columns-is-layout-flex\">\n<div class=\"wp-block-column is-vertically-aligned-center is-layout-flow wp-block-column-is-layout-flow\" style=\"flex-basis:25%\">\n<figure class=\"wp-block-image size-full\"><a href=\"https:\/\/www.sparkasse-leipzig.de\" target=\"_blank\" rel=\" noreferrer noopener\"><img loading=\"lazy\" decoding=\"async\" width=\"120\" height=\"74\" src=\"https:\/\/lfv-oberholz.de\/cms\/wp-content\/uploads\/sparkasse-leipzig.png\" alt=\"\" class=\"wp-image-22847\"\/><\/a><\/figure>\n<\/div>\n\n\n\n<div class=\"wp-block-column is-vertically-aligned-center is-layout-flow wp-block-column-is-layout-flow\" style=\"flex-basis:25%\">\n<figure class=\"wp-block-image size-large\"><img decoding=\"async\" src=\"https:\/\/lfv-oberholz.de\/cms\/wp-content\/uploads\/lagovida.png\" alt=\"\"\/><\/figure>\n<\/div>\n\n\n\n<div class=\"wp-block-column is-vertically-aligned-center is-layout-flow wp-block-column-is-layout-flow\" style=\"flex-basis:25%\">\n<figure class=\"wp-block-image size-large\"><img decoding=\"async\" src=\"https:\/\/lfv-oberholz.de\/cms\/wp-content\/uploads\/LMBV.png\" alt=\"\"\/><\/figure>\n<\/div>\n\n\n\n<div class=\"wp-block-column is-vertically-aligned-center is-layout-flow wp-block-column-is-layout-flow\" style=\"flex-basis:25%\">\n<figure class=\"wp-block-image size-large\"><img decoding=\"async\" src=\"https:\/\/lfv-oberholz.de\/cms\/wp-content\/uploads\/Caruso.png\" alt=\"\"\/><\/figure>\n<\/div>\n<\/div>\n\n\n\n<div class=\"wp-block-columns is-layout-flex wp-container-core-columns-is-layout-9d6595d7 wp-block-columns-is-layout-flex\">\n<div class=\"wp-block-column is-layout-flow wp-block-column-is-layout-flow\">\n<figure class=\"wp-block-image size-large\"><img decoding=\"async\" src=\"https:\/\/lfv-oberholz.de\/cms\/wp-content\/uploads\/Poesnapark.png\" alt=\"\"\/><\/figure>\n<\/div>\n\n\n\n<div class=\"wp-block-column is-layout-flow wp-block-column-is-layout-flow\">\n<figure class=\"wp-block-image size-full\"><img loading=\"lazy\" decoding=\"async\" width=\"100\" height=\"83\" src=\"https:\/\/lfv-oberholz.de\/cms\/wp-content\/uploads\/Apotheke-Poesnapark.png\" alt=\"\" class=\"wp-image-22836\"\/><\/figure>\n<\/div>\n\n\n\n<div class=\"wp-block-column is-layout-flow wp-block-column-is-layout-flow\">\n<figure class=\"wp-block-image size-full\"><img loading=\"lazy\" decoding=\"async\" width=\"73\" height=\"83\" src=\"https:\/\/lfv-oberholz.de\/cms\/wp-content\/uploads\/Kaufland-Poesnapark.png\" alt=\"\" class=\"wp-image-22840\"\/><\/figure>\n<\/div>\n\n\n\n<div class=\"wp-block-column is-layout-flow wp-block-column-is-layout-flow\">\n<figure class=\"wp-block-image size-full\"><img loading=\"lazy\" decoding=\"async\" width=\"123\" height=\"82\" src=\"https:\/\/lfv-oberholz.de\/cms\/wp-content\/uploads\/Parentin.png\" alt=\"\" class=\"wp-image-22844\"\/><\/figure>\n<\/div>\n<\/div>\n","protected":false},"excerpt":{"rendered":"<p>Vorstellung\u00a0\u00a0\u00a0\u00a0\u00a0\u00a0\u00a0\u00a0\u00a0 Ausschreibung\u00a0\u00a0\u00a0\u00a0\u00a0\u00a0\u00a0\u00a0\u00a0 Anmeldung\u00a0\u00a0\u00a0\u00a0\u00a0\u00a0\u00a0\u00a0\u00a0 Anfahrt 27. Sparkassen Leipziger S\u00fcdraum-Marathon \/ Vorstellung Samstag, den 12. September 2026\u2026 ca. 42 wundersch\u00f6ne km im Leipziger Neuseenland!\u2026 nur das Team z\u00e4hlt! Seit dem ersten Lauf 2000 haben 1510 Teams mit 4521 Teilnehmern die Team-Herausforderung angenommen, &hellip; <a href=\"https:\/\/lfv-oberholz.de\/cms\/lsm-vorstellung\/\">Weiterlesen <span class=\"meta-nav\">&rarr;<\/span><\/a><\/p>\n","protected":false},"author":1,"featured_media":0,"parent":0,"menu_order":0,"comment_status":"closed","ping_status":"closed","template":"onecolumn-page.php","meta":{"pgc_sgb_lightbox_settings":"","footnotes":""},"class_list":["post-22388","page","type-page","status-publish","hentry"],"_links":{"self":[{"href":"https:\/\/lfv-oberholz.de\/cms\/wp-json\/wp\/v2\/pages\/22388","targetHints":{"allow":["GET"]}}],"collection":[{"href":"https:\/\/lfv-oberholz.de\/cms\/wp-json\/wp\/v2\/pages"}],"about":[{"href":"https:\/\/lfv-oberholz.de\/cms\/wp-json\/wp\/v2\/types\/page"}],"author":[{"embeddable":true,"href":"https:\/\/lfv-oberholz.de\/cms\/wp-json\/wp\/v2\/users\/1"}],"replies":[{"embeddable":true,"href":"https:\/\/lfv-oberholz.de\/cms\/wp-json\/wp\/v2\/comments?post=22388"}],"version-history":[{"count":2,"href":"https:\/\/lfv-oberholz.de\/cms\/wp-json\/wp\/v2\/pages\/22388\/revisions"}],"predecessor-version":[{"id":24434,"href":"https:\/\/lfv-oberholz.de\/cms\/wp-json\/wp\/v2\/pages\/22388\/revisions\/24434"}],"wp:attachment":[{"href":"https:\/\/lfv-oberholz.de\/cms\/wp-json\/wp\/v2\/media?parent=22388"}],"curies":[{"name":"wp","href":"https:\/\/api.w.org\/{rel}","templated":true}]}}