{"id":22408,"date":"2025-06-06T12:19:09","date_gmt":"2025-06-06T10:19:09","guid":{"rendered":"https:\/\/lfv-oberholz.de\/cms\/?page_id=22408"},"modified":"2026-03-04T12:29:58","modified_gmt":"2026-03-04T11:29:58","slug":"lsm-ausschreibung","status":"publish","type":"page","link":"https:\/\/lfv-oberholz.de\/cms\/lsm-ausschreibung\/","title":{"rendered":"LSM-Ausschreibung"},"content":{"rendered":"\n<p><strong><a href=\"https:\/\/lfv-oberholz.de\/cms\/lsm-vorstellung\/\">Vorstellung<\/a>\u00a0\u00a0\u00a0\u00a0\u00a0\u00a0\u00a0\u00a0\u00a0 Ausschreibung\u00a0\u00a0\u00a0\u00a0\u00a0\u00a0\u00a0\u00a0\u00a0 <a href=\"https:\/\/lfv-oberholz.de\/cms\/lsm-anmeldung\/\">Anmeldung<\/a>\u00a0\u00a0\u00a0\u00a0\u00a0\u00a0\u00a0\u00a0\u00a0 <a href=\"https:\/\/lfv-oberholz.de\/cms\/lsm-anfahrt\/\">Anfahrt<\/a><\/strong><\/p>\n\n\n\n<h2 class=\"wp-block-heading lsm_h2\">Sparkassen &#8211; Leipziger S\u00fcdraum-Marathon \/ Ausschreibung<\/h2>\n\n\n\n<div class=\"wp-block-columns is-layout-flex wp-container-core-columns-is-layout-9d6595d7 wp-block-columns-is-layout-flex\">\n<div class=\"wp-block-column is-layout-flow wp-block-column-is-layout-flow\" style=\"flex-basis:60%\">\n<h3 class=\"wp-block-heading\">Termin<\/h3>\n\n\n\n<p>Sonnabend, 12. September 2026<\/p>\n\n\n\n<h3 class=\"wp-block-heading\">Veranstalter<\/h3>\n\n\n\n<p>Lauf- und Freizeit-Verein (LFV) Oberholz e. V.<br>Hauptstra\u00dfe 39, 04463 Gro\u00dfp\u00f6sna<\/p>\n<\/div>\n\n\n\n<div class=\"wp-block-column is-layout-flow wp-block-column-is-layout-flow\" style=\"flex-basis:40%\">\n<figure class=\"wp-block-image size-full\"><img loading=\"lazy\" decoding=\"async\" width=\"817\" height=\"393\" src=\"https:\/\/lfv-oberholz.de\/cms\/wp-content\/uploads\/spk-lsm-logo.jpg\" alt=\"\" class=\"wp-image-22912\" srcset=\"https:\/\/lfv-oberholz.de\/cms\/wp-content\/uploads\/spk-lsm-logo.jpg 817w, https:\/\/lfv-oberholz.de\/cms\/wp-content\/uploads\/spk-lsm-logo-300x144.jpg 300w, https:\/\/lfv-oberholz.de\/cms\/wp-content\/uploads\/spk-lsm-logo-768x369.jpg 768w\" sizes=\"auto, (max-width: 817px) 100vw, 817px\" \/><\/figure>\n<\/div>\n<\/div>\n\n\n\n<h3 class=\"wp-block-heading\">Infos und Anfragen<\/h3>\n\n\n\n<p>Gesamtleitung: J\u00f6rg Bauer<br>Infotelefon: +49 177 2132157<br>E-Mail: joerg@lfv-oberholz.de<br><br>Zur Anmeldung: Sigrid Koitz<br>E-Mail: org@lfv-oberholz.de<br><br>Moderation: Michael Voigt<\/p>\n\n\n\n<h3 class=\"wp-block-heading\">Gebiet<\/h3>\n\n\n\n<p>Leipziger Neuseenland &#8211; Gebiet der Kommunen Gro\u00dfp\u00f6sna, Espenhain, R\u00f6tha, Markkleeberg<\/p>\n\n\n\n<h3 class=\"wp-block-heading\">Streckencharakter<\/h3>\n\n\n\n<p>Ca. 42 km, entlang des ehemaligen Tagebau, teilweise Stra\u00dfe, Feld-, Sand- und geschotterte Waldwege, ggf. Querung von Feldern und Wiesen, Streckenf\u00fchrung St\u00f6rmthaler und Markkleeberger See, H\u00f6henunterschiede bis zu 50 m k\u00f6nnen auftreten. Die genaue Streckenf\u00fchrung kann erst sehr kurzfristig festgelegt werden!<\/p>\n\n\n\n<h3 class=\"wp-block-heading\">Start und Ziel<\/h3>\n\n\n\n<p>Am Schloss St\u00f6rmthal<br>Rosengang 3, 04463 Gro\u00dfp\u00f6sna \/ OT St\u00f6rmthal<\/p>\n\n\n\n<p><strong>Startschuss: Sonnabend, den 12.09.2026 um ca. 13.00 Uhr<br>Zielschluss: Sonnabend, den 12.09.2026 um ca. 18.05 Uhr<\/strong><\/p>\n\n\n\n<h3 class=\"wp-block-heading\">Verpflegung<\/h3>\n\n\n\n<p>F\u00fcr die Streckenverpflegung sind die Teams selbst verantwortlich, drei bis vier Getr\u00e4nkepunkte auf der Strecke sind eingerichtet.<br>Im Zielbereich werden Getr\u00e4nke und Imbiss gestellt.<\/p>\n\n\n\n<h3 class=\"wp-block-heading\">Ehrung<\/h3>\n\n\n\n<p class=\"bodytext\">1. &#8211; 3. Team (Frauen, M\u00e4nner, Mix)<br>Jedes im Ziel ankommende Team erh\u00e4lt eine Teilnehmerurkunde.<\/p>\n<p class=\"bodytext\">Weitere Preise werden unter allen Finisher-Teams verlost (Preis\u00fcbergabe nur bei Anwesenheit zur Verlosung).<\/p>\n\n\n\n<h3 class=\"wp-block-heading\">Anmeldung und Organisationsbeitrag (Staffelung)<\/h3>\n\n\n\n<ul class=\"wp-block-list\">\n<li><a href=\"https:\/\/lfv-oberholz.de\/cms\/lsm-anmeldung\" data-type=\"link\" data-id=\"https:\/\/lfv-oberholz.de\/cms\/lsm-anmeldung\">Voranmeldung online<\/a> nur bis 8. September 2026<\/li>\n\n\n\n<li>bei Voranmeldung bis 31. Juli 2026 je Team 60,- \u20ac<\/li>\n\n\n\n<li>bei Voranmeldung bis 08. September 2026 je Team 75,- \u20ac<\/li>\n<\/ul>\n\n\n\n<p>Bitte \u00fcberweisen Sie den betreffenden Organisationsbeitrag an:<br>Empf\u00e4nger: LFV Oberholz<br>IBAN: DE75 8605 5592 1100 3228 21<br>BIC: WELADE8Lxxx<br>Verwendungszweck: LSM + Teamname oder Name einzahlender Starter<\/p>\n\n\n\n<p>Nach der erfolgreichen Anmeldung erhalten Sie eine e-Mail mit Ihren Meldedaten.<br><strong>Voranmeldungen sind nur bei zeitnahem Eingang des Organisationsbeitrages g\u00fcltig!<\/strong><br>Es gibt keine R\u00fcckerstattung des Organisationsbeitrages bei Absage \/ Nichtantritt!<\/p>\n\n\n\n<p><strong>Nachmeldungen<\/strong> sind am Veranstaltungstag (12. September 2026) von 9.00 bis 12.00 Uhr m\u00f6glich. Der Organisationsbeitrag bei Nachmeldung betr\u00e4gt je Team 90,- \u20ac und ist vorort in bar zu entrichten.<\/p>\n\n\n\n<h3 class=\"wp-block-heading\">\u00c4nderungen \/ Team-Vermittlung<\/h3>\n\n\n\n<p>Dies wird noch aktualisiert.\u00a0\u00c4nderungen \/ Ummeldungen sind kostenfrei.<\/p>\n\n\n\n<h3 class=\"wp-block-heading\">Wir danken<\/h3>\n\n\n\n<p>der Sparkasse Leipzig, Herrn Manfred Kolbe vom Schlo\u00df St\u00f6rmthal, der Wests\u00e4chsischen Entsorgungs- und Verwertungsgesellschaft mbH (WEV), dem Ferienresort LAGOVIDA, den Gemeinden R\u00f6tha, Espenhain und Gro\u00dfp\u00f6sna f\u00fcr ihre tatkr\u00e4ftige, unb\u00fcrokratische Hilfe und Unterst\u00fctzung.<\/p>\n\n\n\n<div class=\"wp-block-columns is-layout-flex wp-container-core-columns-is-layout-9d6595d7 wp-block-columns-is-layout-flex\">\n<div class=\"wp-block-column is-vertically-aligned-center is-layout-flow wp-block-column-is-layout-flow\">\n<figure class=\"wp-block-image size-large\"><a href=\"https:\/\/www.sparkassen-challenge.de\/\" target=\"_blank\" rel=\" noreferrer noopener\"><img decoding=\"async\" src=\"https:\/\/lfv-oberholz.de\/cms\/wp-content\/uploads\/sparkassen-challenge-logo.png\" alt=\"\"\/><\/a><\/figure>\n<\/div>\n\n\n\n<div class=\"wp-block-column is-vertically-aligned-center is-layout-flow wp-block-column-is-layout-flow\"><div class=\"wp-block-image\">\n<figure class=\"aligncenter size-large\"><a href=\"https:\/\/www.grosspoesna.de\" target=\"_blank\" rel=\" noreferrer noopener\"><img decoding=\"async\" src=\"https:\/\/lfv-oberholz.de\/cms\/wp-content\/uploads\/Grosspoesna.png\" alt=\"\"\/><\/a><\/figure>\n<\/div><\/div>\n\n\n\n<div class=\"wp-block-column is-vertically-aligned-center is-layout-flow wp-block-column-is-layout-flow\">\n<figure class=\"wp-block-image size-large\"><a href=\"https:\/\/leipziger-neuseenland.org\/\" target=\"_blank\" rel=\" noreferrer noopener\"><img decoding=\"async\" src=\"https:\/\/lfv-oberholz.de\/cms\/wp-content\/uploads\/logo-leipziger-neuseeland.png\" alt=\"\"\/><\/a><\/figure>\n<\/div>\n<\/div>\n\n\n\n<hr class=\"wp-block-separator has-text-color has-blue-color has-alpha-channel-opacity has-blue-background-color has-background is-style-wide\"\/>\n\n\n\n<h2 class=\"wp-block-heading lsm_block\">Partner<\/h2>\n\n\n\n<div class=\"wp-block-columns is-layout-flex wp-container-core-columns-is-layout-9d6595d7 wp-block-columns-is-layout-flex\">\n<div class=\"wp-block-column is-vertically-aligned-center is-layout-flow wp-block-column-is-layout-flow\" style=\"flex-basis:25%\">\n<figure class=\"wp-block-image size-large\"><a href=\"https:\/\/www.sparkasse-leipzig.de\" target=\"_blank\" rel=\" noreferrer noopener\"><img decoding=\"async\" src=\"https:\/\/lfv-oberholz.de\/cms\/wp-content\/uploads\/sparkasse-leipzig.png\" alt=\"\"\/><\/a><\/figure>\n<\/div>\n\n\n\n<div class=\"wp-block-column is-vertically-aligned-center is-layout-flow wp-block-column-is-layout-flow\" style=\"flex-basis:25%\">\n<figure class=\"wp-block-image size-large\"><img decoding=\"async\" src=\"https:\/\/lfv-oberholz.de\/cms\/wp-content\/uploads\/lagovida.png\" alt=\"\"\/><\/figure>\n<\/div>\n\n\n\n<div class=\"wp-block-column is-vertically-aligned-center is-layout-flow wp-block-column-is-layout-flow\" style=\"flex-basis:25%\">\n<figure class=\"wp-block-image size-large\"><img decoding=\"async\" src=\"https:\/\/lfv-oberholz.de\/cms\/wp-content\/uploads\/LMBV.png\" alt=\"\"\/><\/figure>\n<\/div>\n\n\n\n<div class=\"wp-block-column is-vertically-aligned-center is-layout-flow wp-block-column-is-layout-flow\" style=\"flex-basis:25%\">\n<figure class=\"wp-block-image size-large\"><img decoding=\"async\" src=\"https:\/\/lfv-oberholz.de\/cms\/wp-content\/uploads\/Caruso.png\" alt=\"\"\/><\/figure>\n<\/div>\n<\/div>\n\n\n\n<div class=\"wp-block-columns are-vertically-aligned-center is-layout-flex wp-container-core-columns-is-layout-9d6595d7 wp-block-columns-is-layout-flex\">\n<div class=\"wp-block-column is-vertically-aligned-center is-layout-flow wp-block-column-is-layout-flow\">\n<figure class=\"wp-block-image size-large\"><img decoding=\"async\" src=\"https:\/\/lfv-oberholz.de\/cms\/wp-content\/uploads\/Poesnapark.png\" alt=\"\"\/><\/figure>\n<\/div>\n\n\n\n<div class=\"wp-block-column is-vertically-aligned-center is-layout-flow wp-block-column-is-layout-flow\">\n<figure class=\"wp-block-image size-large\"><img decoding=\"async\" src=\"https:\/\/lfv-oberholz.de\/cms\/wp-content\/uploads\/Apotheke-Poesnapark.png\" alt=\"\"\/><\/figure>\n<\/div>\n\n\n\n<div class=\"wp-block-column is-vertically-aligned-center is-layout-flow wp-block-column-is-layout-flow\">\n<figure class=\"wp-block-image size-large\"><img decoding=\"async\" src=\"https:\/\/lfv-oberholz.de\/cms\/wp-content\/uploads\/Kaufland-Poesnapark.png\" alt=\"\"\/><\/figure>\n<\/div>\n\n\n\n<div class=\"wp-block-column is-vertically-aligned-center is-layout-flow wp-block-column-is-layout-flow\">\n<figure class=\"wp-block-image size-large\"><img decoding=\"async\" src=\"https:\/\/lfv-oberholz.de\/cms\/wp-content\/uploads\/Parentin.png\" alt=\"\"\/><\/figure>\n<\/div>\n<\/div>\n","protected":false},"excerpt":{"rendered":"<p>Vorstellung\u00a0\u00a0\u00a0\u00a0\u00a0\u00a0\u00a0\u00a0\u00a0 Ausschreibung\u00a0\u00a0\u00a0\u00a0\u00a0\u00a0\u00a0\u00a0\u00a0 Anmeldung\u00a0\u00a0\u00a0\u00a0\u00a0\u00a0\u00a0\u00a0\u00a0 Anfahrt Sparkassen &#8211; Leipziger S\u00fcdraum-Marathon \/ Ausschreibung Termin Sonnabend, 12. September 2026 Veranstalter Lauf- und Freizeit-Verein (LFV) Oberholz e. V.Hauptstra\u00dfe 39, 04463 Gro\u00dfp\u00f6sna Infos und Anfragen Gesamtleitung: J\u00f6rg BauerInfotelefon: +49 177 2132157E-Mail: joerg@lfv-oberholz.de Zur Anmeldung: Sigrid KoitzE-Mail: &hellip; <a href=\"https:\/\/lfv-oberholz.de\/cms\/lsm-ausschreibung\/\">Weiterlesen <span class=\"meta-nav\">&rarr;<\/span><\/a><\/p>\n","protected":false},"author":1,"featured_media":0,"parent":0,"menu_order":0,"comment_status":"closed","ping_status":"closed","template":"onecolumn-page.php","meta":{"pgc_sgb_lightbox_settings":"","footnotes":""},"class_list":["post-22408","page","type-page","status-publish","hentry"],"_links":{"self":[{"href":"https:\/\/lfv-oberholz.de\/cms\/wp-json\/wp\/v2\/pages\/22408","targetHints":{"allow":["GET"]}}],"collection":[{"href":"https:\/\/lfv-oberholz.de\/cms\/wp-json\/wp\/v2\/pages"}],"about":[{"href":"https:\/\/lfv-oberholz.de\/cms\/wp-json\/wp\/v2\/types\/page"}],"author":[{"embeddable":true,"href":"https:\/\/lfv-oberholz.de\/cms\/wp-json\/wp\/v2\/users\/1"}],"replies":[{"embeddable":true,"href":"https:\/\/lfv-oberholz.de\/cms\/wp-json\/wp\/v2\/comments?post=22408"}],"version-history":[{"count":2,"href":"https:\/\/lfv-oberholz.de\/cms\/wp-json\/wp\/v2\/pages\/22408\/revisions"}],"predecessor-version":[{"id":24435,"href":"https:\/\/lfv-oberholz.de\/cms\/wp-json\/wp\/v2\/pages\/22408\/revisions\/24435"}],"wp:attachment":[{"href":"https:\/\/lfv-oberholz.de\/cms\/wp-json\/wp\/v2\/media?parent=22408"}],"curies":[{"name":"wp","href":"https:\/\/api.w.org\/{rel}","templated":true}]}}