{"id":22422,"date":"2025-06-06T12:19:35","date_gmt":"2025-06-06T10:19:35","guid":{"rendered":"https:\/\/lfv-oberholz.de\/cms\/?page_id=22422"},"modified":"2026-03-04T12:34:53","modified_gmt":"2026-03-04T11:34:53","slug":"lsm-anfahrt","status":"publish","type":"page","link":"https:\/\/lfv-oberholz.de\/cms\/lsm-anfahrt\/","title":{"rendered":"LSM-Anfahrt"},"content":{"rendered":"\n\n\n<p><strong><a href=\"https:\/\/lfv-oberholz.de\/cms\/lsm-vorstellung\/\">Vorstellung<\/a>\u00a0\u00a0\u00a0\u00a0\u00a0\u00a0\u00a0\u00a0\u00a0 <a href=\"https:\/\/lfv-oberholz.de\/cms\/lsm-ausschreibung\/\">Ausschreibung<\/a>\u00a0\u00a0\u00a0\u00a0\u00a0\u00a0\u00a0\u00a0\u00a0 <a href=\"https:\/\/lfv-oberholz.de\/cms\/lsm-anmeldung\/\">Anmeldung<\/a>\u00a0\u00a0\u00a0\u00a0\u00a0\u00a0\u00a0\u00a0\u00a0 Anfahrt<\/strong><\/p>\n\n\n\n<h2 class=\"wp-block-heading lsm_h2\">Leipziger S\u00fcdraum-Marathon \/ Anfahrt und \u00dcbernachtung<\/h2>\n\n\n\n<h3 class=\"wp-block-heading lsm_h3\">Anfahrt<\/h3>\n\n\n\n<p>Mit eigenem PKW &#8211; bitte die vorort ausgewiesenen Parkfl\u00e4chen nutzen!<\/p>\n<ul>\n<li>A9 aus dem Norden<br>A38 bis Ausfahrt&nbsp;Leipzig S\u00fcd-Ost, dann rechts Richtung St\u00f6rmthal<\/li>\n<li>A 9 aus dem S\u00fcden<br>A 38 bis Ausfahrt Leipzig S\u00fcd-Ost, dann rechts Richtung St\u00f6rmthal<\/li>\n<li>B 95 aus dem S\u00fcden<br>Richtung Leipzig bis Espenhain, vor Ortsausgang Espenhain Ausfahrt Richtung St\u00f6rmthal<\/li>\n<li>Grimma<br>Richtung Leipzig bis Gro\u00dfp\u00f6sna, am Ortsausgang Gro\u00dfp\u00f6sna links Richtung St\u00f6rmthal<\/li>\n<li>Leipzig<br>Prager Stra\u00dfe, Ortsumgehung Liebertwolkwitz nach St\u00f6rmthal<\/li>\n<\/ul>\n\n\n\n<h3 class=\"wp-block-heading lsm_h3\">\u00dcbernachtungsm\u00f6glichkeiten<\/h3>\n\n\n\n<h3 class=\"wp-block-heading\">Ferienresort LAGOVIDA<\/h3>\n\n\n\n<p>Tel.: 0800-524 684 32<br>E-Mail: <a href=\"mailto:info@lagovida.de\">info@lagovida.de<\/a><br>Web: <a href=\"http:\/\/www.lagovida.de\" target=\"_blank\" rel=\"noreferrer noopener\">www.lagovida.de<\/a><\/p>\n\n\n\n<h3 class=\"wp-block-heading\">\u201e\u00d6kologisches Landwirtschaftsschulheim Dreiskau-Muckern\u201c<\/h3>\n\n\n\n<p>Tel.: 034206-68974<br \/>E-Mail: <a href=\"mailto:oekola@web.de\">oekola@web.de<\/a><br \/>Web: <a href=\"http:\/\/www.oekola7.de\" target=\"_blank\" rel=\"noopener\">www.oekola7.de<\/a><\/p>\n\n\n\n<h3 class=\"wp-block-heading\">&#8222;Seepark Auenhain&#8220;<\/h3>\n\n\n\n<p>Tel.: 034297-98680<br>E-Mail: <a href=\"mailto:info@seepark.de\">info@seepark.de<\/a><br>Web: <a href=\"http:\/\/www.seepark-auenhain.de\" target=\"_blank\" rel=\"noreferrer noopener\">www.seepark-auenhain.de<\/a><\/p>\n\n\n\n<h3 class=\"wp-block-heading\">Pension V\u00f6lkerschlacht 1813<\/h3>\n\n\n\n<p>Tel.: 034297-45253<br>E-Mail: <a href=\"mailto:info@pension1813.de\">info@pension1813.de<\/a><br>Web: <a href=\"http:\/\/www.pension1813.de\" target=\"_blank\" rel=\"noreferrer noopener\">www.pension1813.de<\/a><\/p>\n\n\n\n<h3 class=\"wp-block-heading\">Weitere \u00dcbernachtungsm\u00f6glichkeiten und Infos \u00fcber Tourismusverein Leipziger Neuseenland e.V.<\/h3>\n\n\n\n<p>Rathausstr. 22, 04416 Markkleeberg, Tel.: 0341-3533155<br>E-Mail: <a href=\"mailto:info@leipzigerneuseenland.de\">info@leipzigerneuseenland.de<\/a><br>Web: <a href=\"http:\/\/www.leipzigerneuseenland.de\" target=\"_blank\" rel=\"noreferrer noopener\">www.leipzigerneuseenland.de<\/a><\/p>\n\n\n\n<div class=\"wp-block-columns are-vertically-aligned-center is-layout-flex wp-container-core-columns-is-layout-9d6595d7 wp-block-columns-is-layout-flex\">\n<div class=\"wp-block-column is-vertically-aligned-center is-layout-flow wp-block-column-is-layout-flow\" style=\"flex-basis:33.34%\">\n<figure class=\"wp-block-image size-large\"><a href=\"https:\/\/www.sparkassen-challenge.de\/\" target=\"_blank\" rel=\" noreferrer noopener\"><img decoding=\"async\" src=\"https:\/\/lfv-oberholz.de\/cms\/wp-content\/uploads\/sparkassen-challenge-logo.png\" alt=\"\"\/><\/a><\/figure>\n<\/div>\n\n\n\n<div class=\"wp-block-column is-vertically-aligned-center is-layout-flow wp-block-column-is-layout-flow\" style=\"flex-basis:33.34%\"><div class=\"wp-block-image\">\n<figure class=\"aligncenter size-large\"><a href=\"https:\/\/www.grosspoesna.de\" target=\"_blank\" rel=\" noreferrer noopener\"><img decoding=\"async\" src=\"https:\/\/lfv-oberholz.de\/cms\/wp-content\/uploads\/Grosspoesna.png\" alt=\"\"\/><\/a><\/figure>\n<\/div><\/div>\n\n\n\n<div class=\"wp-block-column is-vertically-aligned-center is-layout-flow wp-block-column-is-layout-flow\" style=\"flex-basis:33.33%\">\n<figure class=\"wp-block-image size-large\"><a href=\"https:\/\/leipziger-neuseenland.org\/\" target=\"_blank\" rel=\" noreferrer noopener\"><img decoding=\"async\" src=\"https:\/\/lfv-oberholz.de\/cms\/wp-content\/uploads\/logo-leipziger-neuseeland.png\" alt=\"\"\/><\/a><\/figure>\n<\/div>\n<\/div>\n\n\n\n<hr class=\"wp-block-separator has-text-color has-blue-color has-alpha-channel-opacity has-blue-background-color has-background is-style-wide\"\/>\n\n\n\n<h2 class=\"wp-block-heading lsm_block\">Partner<\/h2>\n\n\n\n<div class=\"wp-block-columns are-vertically-aligned-center is-layout-flex wp-container-core-columns-is-layout-9d6595d7 wp-block-columns-is-layout-flex\">\n<div class=\"wp-block-column is-vertically-aligned-center is-layout-flow wp-block-column-is-layout-flow\">\n<figure class=\"wp-block-image size-large\"><a href=\"https:\/\/www.sparkasse-leipzig.de\" target=\"_blank\" rel=\" noreferrer noopener\"><img decoding=\"async\" src=\"https:\/\/lfv-oberholz.de\/cms\/wp-content\/uploads\/sparkasse-leipzig.png\" alt=\"\"\/><\/a><\/figure>\n<\/div>\n\n\n\n<div class=\"wp-block-column is-vertically-aligned-center is-layout-flow wp-block-column-is-layout-flow\">\n<figure class=\"wp-block-image size-large\"><img decoding=\"async\" src=\"https:\/\/lfv-oberholz.de\/cms\/wp-content\/uploads\/lagovida.png\" alt=\"\"\/><\/figure>\n<\/div>\n\n\n\n<div class=\"wp-block-column is-vertically-aligned-center is-layout-flow wp-block-column-is-layout-flow\">\n<figure class=\"wp-block-image size-large\"><img decoding=\"async\" src=\"https:\/\/lfv-oberholz.de\/cms\/wp-content\/uploads\/LMBV.png\" alt=\"\"\/><\/figure>\n<\/div>\n\n\n\n<div class=\"wp-block-column is-vertically-aligned-center is-layout-flow wp-block-column-is-layout-flow\">\n<figure class=\"wp-block-image size-large\"><img decoding=\"async\" src=\"https:\/\/lfv-oberholz.de\/cms\/wp-content\/uploads\/Caruso.png\" alt=\"\"\/><\/figure>\n<\/div>\n<\/div>\n\n\n\n<div class=\"wp-block-columns are-vertically-aligned-center is-layout-flex wp-container-core-columns-is-layout-9d6595d7 wp-block-columns-is-layout-flex\">\n<div class=\"wp-block-column is-vertically-aligned-center is-layout-flow wp-block-column-is-layout-flow\">\n<figure class=\"wp-block-image size-large\"><img decoding=\"async\" src=\"https:\/\/lfv-oberholz.de\/cms\/wp-content\/uploads\/Poesnapark.png\" alt=\"\"\/><\/figure>\n<\/div>\n\n\n\n<div class=\"wp-block-column is-vertically-aligned-center is-layout-flow wp-block-column-is-layout-flow\">\n<figure class=\"wp-block-image size-large\"><img decoding=\"async\" src=\"https:\/\/lfv-oberholz.de\/cms\/wp-content\/uploads\/Apotheke-Poesnapark.png\" alt=\"\"\/><\/figure>\n<\/div>\n\n\n\n<div class=\"wp-block-column is-vertically-aligned-center is-layout-flow wp-block-column-is-layout-flow\">\n<figure class=\"wp-block-image size-large\"><img decoding=\"async\" src=\"https:\/\/lfv-oberholz.de\/cms\/wp-content\/uploads\/Kaufland-Poesnapark.png\" alt=\"\"\/><\/figure>\n<\/div>\n\n\n\n<div class=\"wp-block-column is-vertically-aligned-center is-layout-flow wp-block-column-is-layout-flow\">\n<figure class=\"wp-block-image size-large\"><img decoding=\"async\" src=\"https:\/\/lfv-oberholz.de\/cms\/wp-content\/uploads\/Parentin.png\" alt=\"\"\/><\/figure>\n<\/div>\n<\/div>\n","protected":false},"excerpt":{"rendered":"<p>Vorstellung\u00a0\u00a0\u00a0\u00a0\u00a0\u00a0\u00a0\u00a0\u00a0 Ausschreibung\u00a0\u00a0\u00a0\u00a0\u00a0\u00a0\u00a0\u00a0\u00a0 Anmeldung\u00a0\u00a0\u00a0\u00a0\u00a0\u00a0\u00a0\u00a0\u00a0 Anfahrt Leipziger S\u00fcdraum-Marathon \/ Anfahrt und \u00dcbernachtung Anfahrt Mit eigenem PKW &#8211; bitte die vorort ausgewiesenen Parkfl\u00e4chen nutzen! A9 aus dem NordenA38 bis Ausfahrt&nbsp;Leipzig S\u00fcd-Ost, dann rechts Richtung St\u00f6rmthal A 9 aus dem S\u00fcdenA 38 bis Ausfahrt &hellip; <a href=\"https:\/\/lfv-oberholz.de\/cms\/lsm-anfahrt\/\">Weiterlesen <span class=\"meta-nav\">&rarr;<\/span><\/a><\/p>\n","protected":false},"author":1,"featured_media":0,"parent":0,"menu_order":0,"comment_status":"closed","ping_status":"closed","template":"onecolumn-page.php","meta":{"pgc_sgb_lightbox_settings":"","footnotes":""},"class_list":["post-22422","page","type-page","status-publish","hentry"],"_links":{"self":[{"href":"https:\/\/lfv-oberholz.de\/cms\/wp-json\/wp\/v2\/pages\/22422","targetHints":{"allow":["GET"]}}],"collection":[{"href":"https:\/\/lfv-oberholz.de\/cms\/wp-json\/wp\/v2\/pages"}],"about":[{"href":"https:\/\/lfv-oberholz.de\/cms\/wp-json\/wp\/v2\/types\/page"}],"author":[{"embeddable":true,"href":"https:\/\/lfv-oberholz.de\/cms\/wp-json\/wp\/v2\/users\/1"}],"replies":[{"embeddable":true,"href":"https:\/\/lfv-oberholz.de\/cms\/wp-json\/wp\/v2\/comments?post=22422"}],"version-history":[{"count":2,"href":"https:\/\/lfv-oberholz.de\/cms\/wp-json\/wp\/v2\/pages\/22422\/revisions"}],"predecessor-version":[{"id":24436,"href":"https:\/\/lfv-oberholz.de\/cms\/wp-json\/wp\/v2\/pages\/22422\/revisions\/24436"}],"wp:attachment":[{"href":"https:\/\/lfv-oberholz.de\/cms\/wp-json\/wp\/v2\/media?parent=22422"}],"curies":[{"name":"wp","href":"https:\/\/api.w.org\/{rel}","templated":true}]}}