{"id":227,"date":"2014-09-27T00:17:11","date_gmt":"2014-09-26T22:17:11","guid":{"rendered":"http:\/\/lfv-oberholz.de\/cms\/?page_id=227"},"modified":"2026-03-04T12:17:21","modified_gmt":"2026-03-04T11:17:21","slug":"ovl","status":"publish","type":"page","link":"https:\/\/lfv-oberholz.de\/cms\/ovl\/","title":{"rendered":"Oberholzer Volkssportlauf"},"content":{"rendered":"\n<p><strong>Ausschreibung und Anmeldung<\/strong><\/p>\n\n\n\n<h2 class=\"wp-block-heading\">30. Oberholzer Volkssportlauf am Sonntag, 27.09.2026<\/h2>\n\n\n\n<p><a href=\"https:\/\/we.tl\/t-TFnJOBTsi2\">Bilder von Ronny Friedrich<\/a><\/p>\n\n\n<div class=\"wp-block-image\">\n<figure class=\"aligncenter\"><a href=\"https:\/\/lfv-oberholz.de\/cms\/wp-content\/uploads\/DSC_38301.jpg\"><img loading=\"lazy\" decoding=\"async\" width=\"300\" height=\"200\" src=\"https:\/\/lfv-oberholz.de\/cms\/wp-content\/uploads\/DSC_38301-300x200.jpg\" alt=\"DSC_3830\" class=\"wp-image-10611\" srcset=\"https:\/\/lfv-oberholz.de\/cms\/wp-content\/uploads\/DSC_38301-300x200.jpg 300w, https:\/\/lfv-oberholz.de\/cms\/wp-content\/uploads\/DSC_38301-1024x685.jpg 1024w, https:\/\/lfv-oberholz.de\/cms\/wp-content\/uploads\/DSC_38301.jpg 1600w\" sizes=\"auto, (max-width: 300px) 100vw, 300px\" \/><\/a><\/figure>\n<\/div>\n\n\n<p><a href=\"http:\/\/stadtrangliste-leipzig.de\/wp\/\">SRL<\/a> &#8211; Lauf 10 zur Leipziger Stadtrangliste<br><a href=\"http:\/\/www.igl-ev.de\/index.html\">IGL<\/a> &#8211; Interessengemeinschaft der Langstreckenl\u00e4ufe<\/p>\n\n\n\n<h3 class=\"wp-block-heading\">Organisationsteam<\/h3>\n\n\n\n<ul class=\"wp-block-list\">\n<li>Gesamtleitung: J\u00f6rg Bauer<\/li>\n\n\n\n<li>Organisationsteam: Sigrid Koitz<\/li>\n\n\n\n<li>Strecke: Andreas Koitz<\/li>\n\n\n\n<li>Kampfgericht: J\u00f6rg Bauer<\/li>\n\n\n\n<li>Ziel, Zeitnahme: Kathrin Herrmann, David Kleinig<\/li>\n\n\n\n<li>Moderation: Andreas Clau\u00df<\/li>\n<\/ul>\n\n\n\n<h3 class=\"wp-block-heading\">Informationen<\/h3>\n\n\n\n<ul class=\"wp-block-list\">\n<li>LFV-Info-Tel: 0177 2132157 (J\u00f6rg Bauer)<\/li>\n<\/ul>\n\n\n\n<h3 class=\"wp-block-heading\">Ort<\/h3>\n\n\n\n<ul class=\"wp-block-list\">\n<li>04463 Gro\u00dfp\u00f6sna OT Oberholz, St\u00f6rmthaler Weg 2 (Botanischer Garten)<\/li>\n<\/ul>\n\n\n\n<h3 class=\"wp-block-heading\">Parkm\u00f6glichkeiten<\/h3>\n\n\n\n<ul class=\"wp-block-list\">\n<li>Empfehlung: Parkplatz SCONTO-M\u00f6bel \/ P\u00f6snaPark (ca. 1km Fu\u00dfmarsch einplanen)<\/li>\n\n\n\n<li>Rudolf-Breitscheid-Stra\u00dfe und Nebenstra\u00dfen (Park- und Halteverbote beachten)<\/li>\n\n\n\n<li>Bitte achten Sie beim Parken auf das Freihalten von Rettungswegen, Grundst\u00fccksein- und -ausfahrten.<\/li>\n\n\n\n<li>Falschparker werden ggf. abgeschleppt bzw. erhalten ein \u201cKn\u00f6llchen\u201d. Danke f\u00fcr Ihr Verst\u00e4ndnis!<\/li>\n<\/ul>\n\n\n\n<h3 class=\"wp-block-heading\">Strecken, Altersklasseneinteilungen und Wertungen<\/h3>\n\n\n\n<ul class=\"wp-block-list\">\n<li>flache Waldwege<\/li>\n\n\n\n<li>0,5 km, 2,5 km, 5 km, 10 km<\/li>\n\n\n\n<li>Streckenwertungen sind an <span style=\"color: #000000;\"><a href=\"https:\/\/lfv-oberholz.de\/cms\/wp-content\/uploads\/Strecken-und-Wertungen-OVL-2026.pdf\">Altersklassen<\/a><\/span> gebunden<\/li>\n<\/ul>\n\n\n\n<h3 class=\"wp-block-heading\">Teilnahmeberechtigte<\/h3>\n\n\n\n<ul class=\"wp-block-list\">\n<li>alle Sportler und lauffreudigen B\u00fcrger<\/li>\n<\/ul>\n\n\n\n<h3 class=\"wp-block-heading\">Zeitplan<\/h3>\n\n\n\n<ul class=\"wp-block-list\">\n<li>Sonntag, 27.09.2026<\/li>\n\n\n\n<li>\u00d6ffnungszeiten Meldeb\u00fcro (Ausgabe Startunterlagen) 8.00 &#8211; 9.45 Uhr <br>Dieses befindet sich im Holzhaus des Botanischen Garten Gro\u00dfp\u00f6sna.<br><strong>Bitte seien Sie rechtzeitig im Meldeb\u00fcro.<\/strong><\/li>\n\n\n\n<li>Nachmeldungen bis 9.30 Uhr vor Ort<\/li>\n\n\n\n<li>Startzeiten &#8211; sind nur Richtzeiten. Als Veranstalter behalten wir uns \u00c4nderungen dieser Zeiten und Startblocks vor!<br><span style=\"color: #ff0000;\"><span style=\"color: #800080;\">&#8222;divers&#8220; startet bei m\u00e4nnlich ohne eigene Wertung<\/span><\/span><br><span style=\"color: #000000;\">10.00 Uhr<\/span> 2,5 km (<span style=\"color: #0000ff;\">m<\/span>\u00e4nnlich)<br><span style=\"color: #000000;\">10.01<\/span> <span style=\"color: #000000;\">Uhr<\/span> 0,5 km &#8222;Teddyrunde&#8220; (<span style=\"color: #0000ff;\">m<\/span>\u00e4nnlich und <span style=\"color: #ff0000;\">w<\/span>eiblich)<br><span style=\"color: #000000;\">10.10 Uhr<\/span> 2,5 (<span style=\"color: #ff0000;\">w<\/span>eiblich)<br><span style=\"color: #000000;\">10.15 Uhr<\/span> 5 km (<span style=\"color: #0000ff;\">m<\/span>\u00e4nnlich und <span style=\"color: #ff0000;\">w<\/span>eiblich)<br><span style=\"color: #000000;\">10.30 Uhr<\/span> 10 km (<span style=\"color: #3366ff;\">m<\/span>\u00e4nnlich und <span style=\"color: #ff0000;\">w<\/span>eiblich)<\/li>\n\n\n\n<li>Siegerehrungen im Anschluss<\/li>\n<\/ul>\n\n\n\n<h3 class=\"wp-block-heading\">Meldeangaben<\/h3>\n\n\n\n<ul class=\"wp-block-list\">\n<li>Name, Vorname \u2022 Geburtsdatum \u2022 Strecke<\/li>\n\n\n\n<li>Geschlecht \u2022 Tel.-Nr. \/ Mailadresse f\u00fcr evtl. R\u00fcckfragen<\/li>\n\n\n\n<li>vollst\u00e4ndige Anschrift (Verein oder privat)<\/li>\n<\/ul>\n\n\n\n<h3 class=\"wp-block-heading\">Meldungen<\/h3>\n\n\n\n<ul class=\"wp-block-list\">\n<li>Voranmeldung nur online \u00fcber Meldeportal bis Mittwoch 23.09.2026, gesendete Excellisten werden nicht anerkannt<\/li>\n\n\n\n<li><span style=\"color: #ff0000;\"><span style=\"color: #008000;\"><span style=\"color: #ff0000;\"><span style=\"color: #0000ff;\"><a href=\"https:\/\/lfv-oberholz.de\/cms\/anmeldung\/?lauf=OVL\">Voranmeldung<\/a> <\/span><\/span><\/span><\/span>ist geschlossen<\/li>\n<\/ul>\n\n\n\n<h3 class=\"wp-block-heading\">Organisationsbeitrag<\/h3>\n\n\n\n<p>Dieser ist f\u00e4llig bei Abholung der Startunterlagen!<\/p>\n\n\n\n<p>Voranmeldungen \/ Nachmeldungen (erh\u00f6hter&nbsp;Organisationsbeitrag)<\/p>\n\n\n\n<ul class=\"wp-block-list\">\n<li>0,5 km 1,00 \u20ac \/ bei Nachmeldung 2,00 \u20ac<\/li>\n\n\n\n<li>2,5 km Kinder und Sch\u00fcler 3,00 \u20ac \/ bei  Nachmeldung 5,00 \u20ac<\/li>\n\n\n\n<li>5 km Sch\u00fcler und Jugend 3,00 \u20ac \/ bei Nachmeldung 5,00 \u20ac<\/li>\n\n\n\n<li>5 km oder 10 km Erwachsene 5,00 \u20ac \/ bei Nachmeldung 8,00 \u20ac<\/li>\n<\/ul>\n\n\n\n\n\n<h3 class=\"wp-block-heading\">Haftung<\/h3>\n\n\n\n<p>Der Veranstalter \u00fcbernimmt keine Haftung bei Unf\u00e4llen, Diebstahl oder Sonstigem!<br>Teilnahmebedingungen beachten!<\/p>\n\n\n\n<h3 class=\"wp-block-heading\">Ergebnisse<\/h3>\n\n\n\n<p><a href=\"https:\/\/lfv-oberholz.de\/cms\/ergebnislisten\/\">Ergebnisse und Urkundendruck<\/a><\/p>\n\n\n\n<h3 class=\"wp-block-heading\">Bilder \/ Videos<\/h3>\n\n\n\n<p><a href=\"https:\/\/m.youtube.com\/watch?feature=youtu.be&amp;v=rVJrDhsy53s\">Video vom OVL aus 2016<\/a>, Dank an Dieter Merz<span style=\"color: #ff0000;\"><span style=\"color: #008000;\"><strong><span style=\"color: #ff0000;\"><\/span><\/strong><\/span><span style=\"color: #000000;\"><\/span><\/span><span style=\"color: #999999;\"><strong><span style=\"color: #339966;\"><\/span><\/strong><\/span><\/p>\n","protected":false},"excerpt":{"rendered":"<p>Ausschreibung und Anmeldung 30. Oberholzer Volkssportlauf am Sonntag, 27.09.2026 Bilder von Ronny Friedrich SRL &#8211; Lauf 10 zur Leipziger StadtranglisteIGL &#8211; Interessengemeinschaft der Langstreckenl\u00e4ufe Organisationsteam Informationen Ort Parkm\u00f6glichkeiten Strecken, Altersklasseneinteilungen und Wertungen Teilnahmeberechtigte Zeitplan Meldeangaben Meldungen Organisationsbeitrag Dieser ist f\u00e4llig &hellip; <a href=\"https:\/\/lfv-oberholz.de\/cms\/ovl\/\">Weiterlesen <span class=\"meta-nav\">&rarr;<\/span><\/a><\/p>\n","protected":false},"author":1,"featured_media":0,"parent":0,"menu_order":0,"comment_status":"closed","ping_status":"closed","template":"onecolumn-page.php","meta":{"pgc_sgb_lightbox_settings":"","footnotes":""},"class_list":["post-227","page","type-page","status-publish","hentry"],"_links":{"self":[{"href":"https:\/\/lfv-oberholz.de\/cms\/wp-json\/wp\/v2\/pages\/227","targetHints":{"allow":["GET"]}}],"collection":[{"href":"https:\/\/lfv-oberholz.de\/cms\/wp-json\/wp\/v2\/pages"}],"about":[{"href":"https:\/\/lfv-oberholz.de\/cms\/wp-json\/wp\/v2\/types\/page"}],"author":[{"embeddable":true,"href":"https:\/\/lfv-oberholz.de\/cms\/wp-json\/wp\/v2\/users\/1"}],"replies":[{"embeddable":true,"href":"https:\/\/lfv-oberholz.de\/cms\/wp-json\/wp\/v2\/comments?post=227"}],"version-history":[{"count":2,"href":"https:\/\/lfv-oberholz.de\/cms\/wp-json\/wp\/v2\/pages\/227\/revisions"}],"predecessor-version":[{"id":24430,"href":"https:\/\/lfv-oberholz.de\/cms\/wp-json\/wp\/v2\/pages\/227\/revisions\/24430"}],"wp:attachment":[{"href":"https:\/\/lfv-oberholz.de\/cms\/wp-json\/wp\/v2\/media?parent=227"}],"curies":[{"name":"wp","href":"https:\/\/api.w.org\/{rel}","templated":true}]}}