{"id":24267,"date":"2026-02-28T12:08:26","date_gmt":"2026-02-28T11:08:26","guid":{"rendered":"https:\/\/lfv-oberholz.de\/cms\/?page_id=24267"},"modified":"2026-02-28T21:16:08","modified_gmt":"2026-02-28T20:16:08","slug":"kulki-lauftreff","status":"publish","type":"page","link":"https:\/\/lfv-oberholz.de\/cms\/kulki-lauftreff\/","title":{"rendered":"Kulki-Lauftreff"},"content":{"rendered":"\n<p><a href=\"https:\/\/lfv-oberholz.de\/cms\/wp-content\/uploads\/image0.png\"><img loading=\"lazy\" decoding=\"async\" class=\"alignleft wp-image-24268\" src=\"https:\/\/lfv-oberholz.de\/cms\/wp-content\/uploads\/image0-200x300.png\" alt=\"\" width=\"133\" height=\"200\" srcset=\"https:\/\/lfv-oberholz.de\/cms\/wp-content\/uploads\/image0-200x300.png 200w, https:\/\/lfv-oberholz.de\/cms\/wp-content\/uploads\/image0-683x1024.png 683w, https:\/\/lfv-oberholz.de\/cms\/wp-content\/uploads\/image0-768x1152.png 768w, https:\/\/lfv-oberholz.de\/cms\/wp-content\/uploads\/image0.png 1024w\" sizes=\"auto, (max-width: 133px) 100vw, 133px\" \/> <\/a><\/p>\n<pre class=\"moz-quote-pre\">KULKI-LAUFTREFF \ud83c\udfc3\u200d\u2642\ufe0f\ud83c\udfc3\ud83c\udffe\u200d\u2640\ufe0f\ud83c\udfc3\ud83c\udffb\u200d\u2642\ufe0f\ud83c\udfc3\ud83d\udc99<\/pre>\n<p>Bei uns l\u00e4uft niemand alleine.<br \/>Bei uns z\u00e4hlt nicht die Pace, es z\u00e4hlt das Miteinander.<br \/>Die Kulki-Runde mit besonderem Flair.<br \/>Eine Gemeinschaft, die tr\u00e4gt und beste Laune garantiert.<br \/>Offen f\u00fcr jedermann\/Frau.<br \/>Jeden Dienstag, 17 Uhr, Markranst\u00e4dt,<br \/>Westufer Kulkwitzer See bei &#8222;<a href=\"https:\/\/maps.app.goo.gl\/Qfiaz7YVmp3adZHV6\">Ab ans Ufer<\/a>&#8222;<br \/>Wir freuen uns auf euch.<\/p>\n<p>Eine Initiative von <a href=\"https:\/\/lfv-oberholz.de\/cms\/athleten\/schindler-thorsten\/\">ToTho, Thorsten Schindler<\/a> \/ LFV Oberholz<\/p>\n","protected":false},"excerpt":{"rendered":"<p>KULKI-LAUFTREFF \ud83c\udfc3\u200d\u2642\ufe0f\ud83c\udfc3\ud83c\udffe\u200d\u2640\ufe0f\ud83c\udfc3\ud83c\udffb\u200d\u2642\ufe0f\ud83c\udfc3\ud83d\udc99 Bei uns l\u00e4uft niemand alleine.Bei uns z\u00e4hlt nicht die Pace, es z\u00e4hlt das Miteinander.Die Kulki-Runde mit besonderem Flair.Eine Gemeinschaft, die tr\u00e4gt und beste Laune garantiert.Offen f\u00fcr jedermann\/Frau.Jeden Dienstag, 17 Uhr, Markranst\u00e4dt,Westufer Kulkwitzer See bei &#8222;Ab ans Ufer&#8222;Wir freuen &hellip; <a href=\"https:\/\/lfv-oberholz.de\/cms\/kulki-lauftreff\/\">Weiterlesen <span class=\"meta-nav\">&rarr;<\/span><\/a><\/p>\n","protected":false},"author":6,"featured_media":0,"parent":0,"menu_order":0,"comment_status":"closed","ping_status":"closed","template":"","meta":{"pgc_sgb_lightbox_settings":"","footnotes":""},"class_list":["post-24267","page","type-page","status-publish","hentry"],"_links":{"self":[{"href":"https:\/\/lfv-oberholz.de\/cms\/wp-json\/wp\/v2\/pages\/24267","targetHints":{"allow":["GET"]}}],"collection":[{"href":"https:\/\/lfv-oberholz.de\/cms\/wp-json\/wp\/v2\/pages"}],"about":[{"href":"https:\/\/lfv-oberholz.de\/cms\/wp-json\/wp\/v2\/types\/page"}],"author":[{"embeddable":true,"href":"https:\/\/lfv-oberholz.de\/cms\/wp-json\/wp\/v2\/users\/6"}],"replies":[{"embeddable":true,"href":"https:\/\/lfv-oberholz.de\/cms\/wp-json\/wp\/v2\/comments?post=24267"}],"version-history":[{"count":2,"href":"https:\/\/lfv-oberholz.de\/cms\/wp-json\/wp\/v2\/pages\/24267\/revisions"}],"predecessor-version":[{"id":24338,"href":"https:\/\/lfv-oberholz.de\/cms\/wp-json\/wp\/v2\/pages\/24267\/revisions\/24338"}],"wp:attachment":[{"href":"https:\/\/lfv-oberholz.de\/cms\/wp-json\/wp\/v2\/media?parent=24267"}],"curies":[{"name":"wp","href":"https:\/\/api.w.org\/{rel}","templated":true}]}}