{"id":252,"date":"2014-09-27T23:35:03","date_gmt":"2014-09-27T21:35:03","guid":{"rendered":"http:\/\/lfv-oberholz.de\/cms\/?page_id=252"},"modified":"2025-01-30T20:17:50","modified_gmt":"2025-01-30T19:17:50","slug":"frauengymnastik","status":"publish","type":"page","link":"https:\/\/lfv-oberholz.de\/cms\/verein\/frauengymnastik\/","title":{"rendered":"Gymnastik \/ JOYrobic"},"content":{"rendered":"<h2>LFV-Allgemeinsport Abteilung Gymnastik<\/h2>\n<h3><a href=\"https:\/\/lfv-oberholz.de\/cms\/wp-content\/uploads\/Frauensportgruppe-2011.jpg\"><img loading=\"lazy\" decoding=\"async\" class=\"alignnone wp-image-854\" src=\"https:\/\/lfv-oberholz.de\/cms\/wp-content\/uploads\/Frauensportgruppe-2011-300x200.jpg\" alt=\"Frauensportgruppe 2011\" width=\"335\" height=\"223\" srcset=\"https:\/\/lfv-oberholz.de\/cms\/wp-content\/uploads\/Frauensportgruppe-2011-300x200.jpg 300w, https:\/\/lfv-oberholz.de\/cms\/wp-content\/uploads\/Frauensportgruppe-2011-1024x682.jpg 1024w\" sizes=\"auto, (max-width: 335px) 100vw, 335px\" \/><\/a> <a href=\"https:\/\/lfv-oberholz.de\/cms\/wp-content\/uploads\/IMG_20190131_192658.jpg\"><img loading=\"lazy\" decoding=\"async\" class=\"alignnone wp-image-6197 size-medium\" src=\"https:\/\/lfv-oberholz.de\/cms\/wp-content\/uploads\/IMG_20190131_192658-300x224.jpg\" alt=\"bty\" width=\"300\" height=\"224\" srcset=\"https:\/\/lfv-oberholz.de\/cms\/wp-content\/uploads\/IMG_20190131_192658-300x224.jpg 300w, https:\/\/lfv-oberholz.de\/cms\/wp-content\/uploads\/IMG_20190131_192658-1024x768.jpg 1024w\" sizes=\"auto, (max-width: 300px) 100vw, 300px\" \/><\/a><\/h3>\n<p>Was wollen wir?<\/p>\n<p>&#8211; Spa\u00df an der Bewegung<br \/>\n&#8211; Kondition und Beweglichkeit schulen<br \/>\n&#8211; Kampf den Pfunden<\/p>\n<h3>Informationen<\/h3>\n<p>Seit November 2010 hat sich eine bereits bestehende Gymnastikgruppe dem LFV Oberholz angeschlossen.\u00a0Urspr\u00fcnlich war diese Gruppe ausschlie\u00dflich Frauen vorbehalten.<br \/>\nUnter Anleitung von Kerstin B\u00f6nisch treiben zur Zeit 20 Sportfreundinnen und einem Herrn, von mitte 34 bis knapp 75 Jahren, auf Steppbrett und Matte mit Ehrgeiz und Freude Gymnastik.<br \/>\nDazu treffen wir uns immer donnerstags 19.00-20.00 Uhr im Spiegelsaal des Vereins- und B\u00fcrgerhauses Gro\u00dfp\u00f6sna, (im Rittergut nahe P\u00f6snaPark).<\/p>\n<p><a href=\"https:\/\/lfv-oberholz.de\/cms\/wp-content\/uploads\/IMAG0536.jpg\"><img loading=\"lazy\" decoding=\"async\" class=\"alignnone wp-image-853 size-medium\" src=\"https:\/\/lfv-oberholz.de\/cms\/wp-content\/uploads\/IMAG0536-300x179.jpg\" alt=\"IMAG0536\" width=\"300\" height=\"179\" srcset=\"https:\/\/lfv-oberholz.de\/cms\/wp-content\/uploads\/IMAG0536-300x179.jpg 300w, https:\/\/lfv-oberholz.de\/cms\/wp-content\/uploads\/IMAG0536-1024x613.jpg 1024w\" sizes=\"auto, (max-width: 300px) 100vw, 300px\" \/><\/a><\/p>\n<p>Zudem unternimmt die Abteilungen Walking- und Radausfl\u00fcge.<\/p>\n<h3>Abteilungsleitung<\/h3>\n<p>Roswitha Schuderer<\/p>\n<h3>Trainer \/ Kursleiter<\/h3>\n<h3><a href=\"https:\/\/lfv-oberholz.de\/cms\/athleten\/dost-sabine\/\">Sabine Dost<\/a><\/h3>\n<h3>Mitglieder \/ Kursteilnehmer<\/h3>\n<p>Claudia B\u00e4r<br \/>\nCornelia Bauer<br \/>\n<a href=\"https:\/\/lfv-oberholz.de\/cms\/athleten\/bauer-joerg\/\">J\u00f6rg Bauer<\/a><br \/>\nAndrea Becker<br \/>\nAntje Beyer<br \/>\nDorothea Dittrich<br \/>\nSabine Dost<br \/>\nBrigitte Fichter<br \/>\n<a href=\"https:\/\/lfv-oberholz.de\/cms\/verein\/frauengymnastik\/freund-gabriele\/\">Gabriele Freund<\/a><br \/>\nChrista Gaudlitz<br \/>\nChristine Griessl<br \/>\nKerstin Kretschmer<br \/>\nPetra Lehmann<br \/>\nAranka Nyiry<br \/>\nSylke Ra\u00dfmann<br \/>\nHeidi Schr\u00f6ter<br \/>\nMaria Schneider<br \/>\nRoswitha Schuderer<br \/>\nChristine Stawicki<br \/>\nJane Thiel<br \/>\nKatrin Vogel<\/p>\n","protected":false},"excerpt":{"rendered":"<p>LFV-Allgemeinsport Abteilung Gymnastik Was wollen wir? &#8211; Spa\u00df an der Bewegung &#8211; Kondition und Beweglichkeit schulen &#8211; Kampf den Pfunden Informationen Seit November 2010 hat sich eine bereits bestehende Gymnastikgruppe dem LFV Oberholz angeschlossen.\u00a0Urspr\u00fcnlich war diese Gruppe ausschlie\u00dflich Frauen vorbehalten. &hellip; <a href=\"https:\/\/lfv-oberholz.de\/cms\/verein\/frauengymnastik\/\">Weiterlesen <span class=\"meta-nav\">&rarr;<\/span><\/a><\/p>\n","protected":false},"author":1,"featured_media":0,"parent":211,"menu_order":0,"comment_status":"closed","ping_status":"closed","template":"","meta":{"pgc_sgb_lightbox_settings":"","footnotes":""},"class_list":["post-252","page","type-page","status-publish","hentry"],"_links":{"self":[{"href":"https:\/\/lfv-oberholz.de\/cms\/wp-json\/wp\/v2\/pages\/252","targetHints":{"allow":["GET"]}}],"collection":[{"href":"https:\/\/lfv-oberholz.de\/cms\/wp-json\/wp\/v2\/pages"}],"about":[{"href":"https:\/\/lfv-oberholz.de\/cms\/wp-json\/wp\/v2\/types\/page"}],"author":[{"embeddable":true,"href":"https:\/\/lfv-oberholz.de\/cms\/wp-json\/wp\/v2\/users\/1"}],"replies":[{"embeddable":true,"href":"https:\/\/lfv-oberholz.de\/cms\/wp-json\/wp\/v2\/comments?post=252"}],"version-history":[{"count":2,"href":"https:\/\/lfv-oberholz.de\/cms\/wp-json\/wp\/v2\/pages\/252\/revisions"}],"predecessor-version":[{"id":20725,"href":"https:\/\/lfv-oberholz.de\/cms\/wp-json\/wp\/v2\/pages\/252\/revisions\/20725"}],"up":[{"embeddable":true,"href":"https:\/\/lfv-oberholz.de\/cms\/wp-json\/wp\/v2\/pages\/211"}],"wp:attachment":[{"href":"https:\/\/lfv-oberholz.de\/cms\/wp-json\/wp\/v2\/media?parent=252"}],"curies":[{"name":"wp","href":"https:\/\/api.w.org\/{rel}","templated":true}]}}