{"id":2533,"date":"2017-02-25T16:55:58","date_gmt":"2017-02-25T15:55:58","guid":{"rendered":"http:\/\/lfv-oberholz.de\/cms\/?page_id=2533"},"modified":"2023-01-11T22:28:43","modified_gmt":"2023-01-11T21:28:43","slug":"lauftreff-oberholz","status":"publish","type":"page","link":"https:\/\/lfv-oberholz.de\/cms\/lauftreff-oberholz\/","title":{"rendered":"Lauftreff Oberholz"},"content":{"rendered":"<h1>Lauf- &amp; Walkingtreff Oberholz<\/h1>\n<h2>f\u00fcr Figur, Fitness, Reha oder als Training<\/h2>\n<p>Seit Oktober 1998 treffen sich hier jeden Sonntag Laufbegeisterte um geimeinsam etwas f\u00fcr ihre Kondition zu tun. Egal wie das Wetter auch ist, geht es auf die sch\u00f6nen Strecken unseres heimischen Forstes. Neben dem gemeinschaftlichen Lauferlebnis gibt es einen regen Austausch an Lauferfahrung. Seit einigen Jahren integrieren sich auch Walker in den Treff ein.<br \/>\n<a href=\"https:\/\/lfv-oberholz.de\/cms\/wp-content\/uploads\/IMG-20151225-WA0006.jpg\"><img loading=\"lazy\" decoding=\"async\" class=\"alignnone wp-image-2538\" src=\"https:\/\/lfv-oberholz.de\/cms\/wp-content\/uploads\/IMG-20151225-WA0006-300x168.jpg\" alt=\"IMG-20151225-WA0006\" width=\"337\" height=\"189\" srcset=\"https:\/\/lfv-oberholz.de\/cms\/wp-content\/uploads\/IMG-20151225-WA0006-300x168.jpg 300w, https:\/\/lfv-oberholz.de\/cms\/wp-content\/uploads\/IMG-20151225-WA0006-1024x576.jpg 1024w, https:\/\/lfv-oberholz.de\/cms\/wp-content\/uploads\/IMG-20151225-WA0006.jpg 1600w\" sizes=\"auto, (max-width: 337px) 100vw, 337px\" \/><\/a> <a href=\"https:\/\/lfv-oberholz.de\/cms\/wp-content\/uploads\/47036914_1923760384368554_6481355234508537856_n1.jpg\"><img loading=\"lazy\" decoding=\"async\" class=\"alignnone wp-image-6155\" src=\"https:\/\/lfv-oberholz.de\/cms\/wp-content\/uploads\/47036914_1923760384368554_6481355234508537856_n1-300x199.jpg\" alt=\"47036914_1923760384368554_6481355234508537856_n\" width=\"286\" height=\"190\" srcset=\"https:\/\/lfv-oberholz.de\/cms\/wp-content\/uploads\/47036914_1923760384368554_6481355234508537856_n1-300x199.jpg 300w, https:\/\/lfv-oberholz.de\/cms\/wp-content\/uploads\/47036914_1923760384368554_6481355234508537856_n1.jpg 960w\" sizes=\"auto, (max-width: 286px) 100vw, 286px\" \/><\/a><\/p>\n<p>Treff: 04463 Gro\u00dfp\u00f6sna, M\u00fchlweg 4 (Forst Oberholz am Dammwildgehege)<br \/>\nBeginn: 10.00 Uhr<br \/>\nStrecken: (1 km) \/ 2,5 km \/ 3 km \/ <a href=\"https:\/\/www.komoot.de\/tour\/915906554?ref=atd\">5 km<\/a> \/ 10 km \/ 17 km \/ &#8230; (als ganze Schleifen)<br \/>\nStreckenl\u00e4ngen auch individuell zusammenstellbar<br \/>\nService: warmer Tee von Oktober bis M\u00e4rz<br \/>\nAuslage von Veranstaltungsflyern (wenn vorr\u00e4tig)<\/p>\n<p><strong>Impressionen<\/strong><\/p>\n<p>08.01.2023<br \/>\n<a href=\"https:\/\/lfv-oberholz.de\/cms\/wp-content\/uploads\/IMG_20230108_100134.jpg\"><img loading=\"lazy\" decoding=\"async\" class=\"alignnone wp-image-12503 \" src=\"https:\/\/lfv-oberholz.de\/cms\/wp-content\/uploads\/IMG_20230108_100134-300x225.jpg\" alt=\"IMG_20230108_100134\" width=\"133\" height=\"100\" srcset=\"https:\/\/lfv-oberholz.de\/cms\/wp-content\/uploads\/IMG_20230108_100134-300x225.jpg 300w, https:\/\/lfv-oberholz.de\/cms\/wp-content\/uploads\/IMG_20230108_100134-1024x768.jpg 1024w\" sizes=\"auto, (max-width: 133px) 100vw, 133px\" \/><\/a> <a href=\"https:\/\/lfv-oberholz.de\/cms\/wp-content\/uploads\/IMG_20230108_100231.jpg\"><img loading=\"lazy\" decoding=\"async\" class=\"alignnone wp-image-12505 \" src=\"https:\/\/lfv-oberholz.de\/cms\/wp-content\/uploads\/IMG_20230108_100231-300x225.jpg\" alt=\"IMG_20230108_100231\" width=\"133\" height=\"100\" srcset=\"https:\/\/lfv-oberholz.de\/cms\/wp-content\/uploads\/IMG_20230108_100231-300x225.jpg 300w, https:\/\/lfv-oberholz.de\/cms\/wp-content\/uploads\/IMG_20230108_100231-1024x768.jpg 1024w\" sizes=\"auto, (max-width: 133px) 100vw, 133px\" \/> <\/a><a href=\"https:\/\/lfv-oberholz.de\/cms\/wp-content\/uploads\/IMG_20230108_100748.jpg\"><img loading=\"lazy\" decoding=\"async\" class=\"alignnone wp-image-12504 \" src=\"https:\/\/lfv-oberholz.de\/cms\/wp-content\/uploads\/IMG_20230108_100748-300x225.jpg\" alt=\"IMG_20230108_100748\" width=\"133\" height=\"100\" srcset=\"https:\/\/lfv-oberholz.de\/cms\/wp-content\/uploads\/IMG_20230108_100748-300x225.jpg 300w, https:\/\/lfv-oberholz.de\/cms\/wp-content\/uploads\/IMG_20230108_100748-1024x768.jpg 1024w\" sizes=\"auto, (max-width: 133px) 100vw, 133px\" \/><\/a><\/p>\n<p>18.12.2023<br \/>\n<a href=\"https:\/\/lfv-oberholz.de\/cms\/wp-content\/uploads\/IMG_20221218_104628.jpg\"><img loading=\"lazy\" decoding=\"async\" class=\"alignnone wp-image-12510\" src=\"https:\/\/lfv-oberholz.de\/cms\/wp-content\/uploads\/IMG_20221218_104628-300x225.jpg\" alt=\"IMG_20221218_104628\" width=\"134\" height=\"100\" srcset=\"https:\/\/lfv-oberholz.de\/cms\/wp-content\/uploads\/IMG_20221218_104628-300x225.jpg 300w, https:\/\/lfv-oberholz.de\/cms\/wp-content\/uploads\/IMG_20221218_104628-1024x768.jpg 1024w\" sizes=\"auto, (max-width: 134px) 100vw, 134px\" \/><\/a> Reha per Walking<\/p>\n<p>13.03.2022<br \/>\n<a href=\"https:\/\/lfv-oberholz.de\/cms\/wp-content\/uploads\/IMG_20220313_100127.jpg\"><img loading=\"lazy\" decoding=\"async\" class=\"alignnone wp-image-12508\" src=\"https:\/\/lfv-oberholz.de\/cms\/wp-content\/uploads\/IMG_20220313_100127-300x225.jpg\" alt=\"IMG_20220313_100127\" width=\"133\" height=\"100\" srcset=\"https:\/\/lfv-oberholz.de\/cms\/wp-content\/uploads\/IMG_20220313_100127-300x225.jpg 300w, https:\/\/lfv-oberholz.de\/cms\/wp-content\/uploads\/IMG_20220313_100127-1024x768.jpg 1024w\" sizes=\"auto, (max-width: 133px) 100vw, 133px\" \/><\/a><\/p>\n<p>03.01.2022<br \/>\n<a href=\"https:\/\/lfv-oberholz.de\/cms\/wp-content\/uploads\/IMG_20211205_100109.jpg\"><img loading=\"lazy\" decoding=\"async\" class=\"alignnone wp-image-12506 \" src=\"https:\/\/lfv-oberholz.de\/cms\/wp-content\/uploads\/IMG_20211205_100109-300x225.jpg\" alt=\"IMG_20211205_100109\" width=\"133\" height=\"100\" srcset=\"https:\/\/lfv-oberholz.de\/cms\/wp-content\/uploads\/IMG_20211205_100109-300x225.jpg 300w, https:\/\/lfv-oberholz.de\/cms\/wp-content\/uploads\/IMG_20211205_100109-1024x768.jpg 1024w\" sizes=\"auto, (max-width: 133px) 100vw, 133px\" \/><\/a> <a href=\"https:\/\/lfv-oberholz.de\/cms\/wp-content\/uploads\/IMG_20220102_1109561.jpg\"><img loading=\"lazy\" decoding=\"async\" class=\"alignnone wp-image-12507\" src=\"https:\/\/lfv-oberholz.de\/cms\/wp-content\/uploads\/IMG_20220102_1109561-300x225.jpg\" alt=\"IMG_20220102_110956\" width=\"133\" height=\"100\" srcset=\"https:\/\/lfv-oberholz.de\/cms\/wp-content\/uploads\/IMG_20220102_1109561-300x225.jpg 300w, https:\/\/lfv-oberholz.de\/cms\/wp-content\/uploads\/IMG_20220102_1109561-1024x768.jpg 1024w\" sizes=\"auto, (max-width: 133px) 100vw, 133px\" \/><\/a> Gl\u00fchweinlauf<\/p>\n<p>26.01.2019<br \/>\n<a href=\"https:\/\/lfv-oberholz.de\/cms\/wp-content\/uploads\/IMG_20190127_115603.jpg\"><img loading=\"lazy\" decoding=\"async\" class=\"alignnone wp-image-6176 \" src=\"https:\/\/lfv-oberholz.de\/cms\/wp-content\/uploads\/IMG_20190127_115603-300x224.jpg\" alt=\"bty\" width=\"137\" height=\"102\" srcset=\"https:\/\/lfv-oberholz.de\/cms\/wp-content\/uploads\/IMG_20190127_115603-300x224.jpg 300w, https:\/\/lfv-oberholz.de\/cms\/wp-content\/uploads\/IMG_20190127_115603-1024x768.jpg 1024w\" sizes=\"auto, (max-width: 137px) 100vw, 137px\" \/><\/a> die L\u00e4ufer\/-innen der 17-er Runde<\/p>\n<p>19.01.2019\u00a0\u00a0\u00a0\u00a0\u00a0 auf der 10-er Runde<br \/>\n<a href=\"https:\/\/lfv-oberholz.de\/cms\/wp-content\/uploads\/IMG_20190120_100100.jpg\"><img loading=\"lazy\" decoding=\"async\" class=\"alignnone wp-image-12513\" src=\"https:\/\/lfv-oberholz.de\/cms\/wp-content\/uploads\/IMG_20190120_100100-300x224.jpg\" alt=\"bty\" width=\"134\" height=\"100\" srcset=\"https:\/\/lfv-oberholz.de\/cms\/wp-content\/uploads\/IMG_20190120_100100-300x224.jpg 300w, https:\/\/lfv-oberholz.de\/cms\/wp-content\/uploads\/IMG_20190120_100100-1024x768.jpg 1024w\" sizes=\"auto, (max-width: 134px) 100vw, 134px\" \/><\/a> <img loading=\"lazy\" decoding=\"async\" class=\"alignnone wp-image-12514\" src=\"https:\/\/lfv-oberholz.de\/cms\/wp-content\/uploads\/IMG_20190120_102800-neu-220x300.jpg\" alt=\"bty\" width=\"73\" height=\"100\" srcset=\"https:\/\/lfv-oberholz.de\/cms\/wp-content\/uploads\/IMG_20190120_102800-neu-220x300.jpg 220w, https:\/\/lfv-oberholz.de\/cms\/wp-content\/uploads\/IMG_20190120_102800-neu-752x1024.jpg 752w\" sizes=\"auto, (max-width: 73px) 100vw, 73px\" \/>\u00a0<a href=\"https:\/\/lfv-oberholz.de\/cms\/wp-content\/uploads\/IMG_20190120_103134-neu.jpg\"><img loading=\"lazy\" decoding=\"async\" class=\"alignnone wp-image-12515\" src=\"https:\/\/lfv-oberholz.de\/cms\/wp-content\/uploads\/IMG_20190120_103134-neu-189x300.jpg\" alt=\"bty\" width=\"63\" height=\"100\" srcset=\"https:\/\/lfv-oberholz.de\/cms\/wp-content\/uploads\/IMG_20190120_103134-neu-189x300.jpg 189w, https:\/\/lfv-oberholz.de\/cms\/wp-content\/uploads\/IMG_20190120_103134-neu-645x1024.jpg 645w, https:\/\/lfv-oberholz.de\/cms\/wp-content\/uploads\/IMG_20190120_103134-neu.jpg 1324w\" sizes=\"auto, (max-width: 63px) 100vw, 63px\" \/><\/a> <a href=\"https:\/\/lfv-oberholz.de\/cms\/wp-content\/uploads\/IMG_20190120_103418-neu.jpg\"><img loading=\"lazy\" decoding=\"async\" class=\"alignnone wp-image-12516\" src=\"https:\/\/lfv-oberholz.de\/cms\/wp-content\/uploads\/IMG_20190120_103418-neu-196x300.jpg\" alt=\"bty\" width=\"65\" height=\"99\" srcset=\"https:\/\/lfv-oberholz.de\/cms\/wp-content\/uploads\/IMG_20190120_103418-neu-196x300.jpg 196w, https:\/\/lfv-oberholz.de\/cms\/wp-content\/uploads\/IMG_20190120_103418-neu-672x1024.jpg 672w, https:\/\/lfv-oberholz.de\/cms\/wp-content\/uploads\/IMG_20190120_103418-neu.jpg 1425w\" sizes=\"auto, (max-width: 65px) 100vw, 65px\" \/><\/a> <a href=\"https:\/\/lfv-oberholz.de\/cms\/wp-content\/uploads\/IMG_20190120_103424.jpg\"><img loading=\"lazy\" decoding=\"async\" class=\"alignnone wp-image-12517\" src=\"https:\/\/lfv-oberholz.de\/cms\/wp-content\/uploads\/IMG_20190120_103424-224x300.jpg\" alt=\"bty\" width=\"75\" height=\"100\" srcset=\"https:\/\/lfv-oberholz.de\/cms\/wp-content\/uploads\/IMG_20190120_103424-224x300.jpg 224w, https:\/\/lfv-oberholz.de\/cms\/wp-content\/uploads\/IMG_20190120_103424-768x1024.jpg 768w\" sizes=\"auto, (max-width: 75px) 100vw, 75px\" \/><\/a> <a href=\"https:\/\/lfv-oberholz.de\/cms\/wp-content\/uploads\/IMG_20190120_103548-neu.jpg\"><img loading=\"lazy\" decoding=\"async\" class=\"alignnone wp-image-12518 \" src=\"https:\/\/lfv-oberholz.de\/cms\/wp-content\/uploads\/IMG_20190120_103548-neu-164x300.jpg\" alt=\"bty\" width=\"54\" height=\"99\" srcset=\"https:\/\/lfv-oberholz.de\/cms\/wp-content\/uploads\/IMG_20190120_103548-neu-164x300.jpg 164w, https:\/\/lfv-oberholz.de\/cms\/wp-content\/uploads\/IMG_20190120_103548-neu-561x1024.jpg 561w, https:\/\/lfv-oberholz.de\/cms\/wp-content\/uploads\/IMG_20190120_103548-neu.jpg 986w\" sizes=\"auto, (max-width: 54px) 100vw, 54px\" \/><\/a> <a href=\"https:\/\/lfv-oberholz.de\/cms\/wp-content\/uploads\/IMG_20190120_103556-neu.jpg\"><img loading=\"lazy\" decoding=\"async\" class=\"alignnone wp-image-12519 \" src=\"https:\/\/lfv-oberholz.de\/cms\/wp-content\/uploads\/IMG_20190120_103556-neu-161x300.jpg\" alt=\"bty\" width=\"53\" height=\"99\" srcset=\"https:\/\/lfv-oberholz.de\/cms\/wp-content\/uploads\/IMG_20190120_103556-neu-161x300.jpg 161w, https:\/\/lfv-oberholz.de\/cms\/wp-content\/uploads\/IMG_20190120_103556-neu-550x1024.jpg 550w, https:\/\/lfv-oberholz.de\/cms\/wp-content\/uploads\/IMG_20190120_103556-neu.jpg 986w\" sizes=\"auto, (max-width: 53px) 100vw, 53px\" \/><\/a> <a href=\"https:\/\/lfv-oberholz.de\/cms\/wp-content\/uploads\/IMG_20190120_103746-neu.jpg\"><img loading=\"lazy\" decoding=\"async\" class=\"alignnone wp-image-12520 \" src=\"https:\/\/lfv-oberholz.de\/cms\/wp-content\/uploads\/IMG_20190120_103746-neu-184x300.jpg\" alt=\"bty\" width=\"61\" height=\"100\" srcset=\"https:\/\/lfv-oberholz.de\/cms\/wp-content\/uploads\/IMG_20190120_103746-neu-184x300.jpg 184w, https:\/\/lfv-oberholz.de\/cms\/wp-content\/uploads\/IMG_20190120_103746-neu-628x1024.jpg 628w, https:\/\/lfv-oberholz.de\/cms\/wp-content\/uploads\/IMG_20190120_103746-neu.jpg 1633w\" sizes=\"auto, (max-width: 61px) 100vw, 61px\" \/><\/a><\/p>\n<p>23.12.2018 traditioneller Gl\u00fchweinlauf (-treff) am 4. Advent<br \/>\n<a href=\"https:\/\/lfv-oberholz.de\/cms\/wp-content\/uploads\/IMG_20181223_100154.jpg\"><img loading=\"lazy\" decoding=\"async\" class=\"alignnone wp-image-6090 \" src=\"https:\/\/lfv-oberholz.de\/cms\/wp-content\/uploads\/IMG_20181223_100154-300x224.jpg\" alt=\"bdr\" width=\"98\" height=\"73\" srcset=\"https:\/\/lfv-oberholz.de\/cms\/wp-content\/uploads\/IMG_20181223_100154-300x224.jpg 300w, https:\/\/lfv-oberholz.de\/cms\/wp-content\/uploads\/IMG_20181223_100154-1024x768.jpg 1024w\" sizes=\"auto, (max-width: 98px) 100vw, 98px\" \/><\/a> <a href=\"https:\/\/lfv-oberholz.de\/cms\/wp-content\/uploads\/IMG_20181223_100441.jpg\"><img loading=\"lazy\" decoding=\"async\" class=\"alignnone wp-image-6091 \" src=\"https:\/\/lfv-oberholz.de\/cms\/wp-content\/uploads\/IMG_20181223_100441-300x224.jpg\" alt=\"bdr\" width=\"97\" height=\"73\" srcset=\"https:\/\/lfv-oberholz.de\/cms\/wp-content\/uploads\/IMG_20181223_100441-300x224.jpg 300w, https:\/\/lfv-oberholz.de\/cms\/wp-content\/uploads\/IMG_20181223_100441-1024x768.jpg 1024w\" sizes=\"auto, (max-width: 97px) 100vw, 97px\" \/><\/a><\/p>\n<p>25.11.2018<br \/>\n<a href=\"https:\/\/lfv-oberholz.de\/cms\/wp-content\/uploads\/47004335_1921841784560414_7449574234646380544_n.jpg\"><img loading=\"lazy\" decoding=\"async\" class=\"alignnone wp-image-6095 size-medium\" src=\"https:\/\/lfv-oberholz.de\/cms\/wp-content\/uploads\/47004335_1921841784560414_7449574234646380544_n-300x168.jpg\" alt=\"47004335_1921841784560414_7449574234646380544_n\" width=\"300\" height=\"168\" srcset=\"https:\/\/lfv-oberholz.de\/cms\/wp-content\/uploads\/47004335_1921841784560414_7449574234646380544_n-300x168.jpg 300w, https:\/\/lfv-oberholz.de\/cms\/wp-content\/uploads\/47004335_1921841784560414_7449574234646380544_n.jpg 960w\" sizes=\"auto, (max-width: 300px) 100vw, 300px\" \/><\/a> <a href=\"https:\/\/lfv-oberholz.de\/cms\/wp-content\/uploads\/47036914_1923760384368554_6481355234508537856_n.jpg\"><img loading=\"lazy\" decoding=\"async\" class=\"alignnone wp-image-6096 \" src=\"https:\/\/lfv-oberholz.de\/cms\/wp-content\/uploads\/47036914_1923760384368554_6481355234508537856_n-300x199.jpg\" alt=\"47036914_1923760384368554_6481355234508537856_n\" width=\"124\" height=\"82\" srcset=\"https:\/\/lfv-oberholz.de\/cms\/wp-content\/uploads\/47036914_1923760384368554_6481355234508537856_n-300x199.jpg 300w, https:\/\/lfv-oberholz.de\/cms\/wp-content\/uploads\/47036914_1923760384368554_6481355234508537856_n.jpg 960w\" sizes=\"auto, (max-width: 124px) 100vw, 124px\" \/><\/a> <a href=\"https:\/\/lfv-oberholz.de\/cms\/wp-content\/uploads\/47039630_1921841711227088_1692871809373831168_n.jpg\"><img loading=\"lazy\" decoding=\"async\" class=\"alignnone wp-image-6097 \" src=\"https:\/\/lfv-oberholz.de\/cms\/wp-content\/uploads\/47039630_1921841711227088_1692871809373831168_n-300x200.jpg\" alt=\"47039630_1921841711227088_1692871809373831168_n\" width=\"95\" height=\"63\" srcset=\"https:\/\/lfv-oberholz.de\/cms\/wp-content\/uploads\/47039630_1921841711227088_1692871809373831168_n-300x200.jpg 300w, https:\/\/lfv-oberholz.de\/cms\/wp-content\/uploads\/47039630_1921841711227088_1692871809373831168_n.jpg 960w\" sizes=\"auto, (max-width: 95px) 100vw, 95px\" \/><\/a><br \/>\n(Dank an Moritz Dathe f\u00fcr die Bilder)<\/p>\n<p>03.06.2018<br \/>\n<a href=\"https:\/\/lfv-oberholz.de\/cms\/wp-content\/uploads\/IMG_20180603_100728.jpg\"><img loading=\"lazy\" decoding=\"async\" class=\"alignnone wp-image-6094 \" src=\"https:\/\/lfv-oberholz.de\/cms\/wp-content\/uploads\/IMG_20180603_100728-224x300.jpg\" alt=\"dav\" width=\"69\" height=\"93\" srcset=\"https:\/\/lfv-oberholz.de\/cms\/wp-content\/uploads\/IMG_20180603_100728-224x300.jpg 224w, https:\/\/lfv-oberholz.de\/cms\/wp-content\/uploads\/IMG_20180603_100728-768x1024.jpg 768w\" sizes=\"auto, (max-width: 69px) 100vw, 69px\" \/><\/a><\/p>\n<p>04.02.2018<br \/>\n<a href=\"https:\/\/lfv-oberholz.de\/cms\/wp-content\/uploads\/20180204_113640-1.jpg\"><img loading=\"lazy\" decoding=\"async\" class=\"alignnone wp-image-6093 \" src=\"https:\/\/lfv-oberholz.de\/cms\/wp-content\/uploads\/20180204_113640-1-300x225.jpg\" alt=\"20180204_113640-1\" width=\"84\" height=\"63\" srcset=\"https:\/\/lfv-oberholz.de\/cms\/wp-content\/uploads\/20180204_113640-1-300x225.jpg 300w, https:\/\/lfv-oberholz.de\/cms\/wp-content\/uploads\/20180204_113640-1.jpg 1024w\" sizes=\"auto, (max-width: 84px) 100vw, 84px\" \/><\/a><\/p>\n<p>12.02.2017 Walking und Rehawalking \ud83d\ude09<br \/>\n<a href=\"https:\/\/lfv-oberholz.de\/cms\/wp-content\/uploads\/IMG_5220_internet.jpg\"><img loading=\"lazy\" decoding=\"async\" class=\"alignnone wp-image-2560 \" src=\"https:\/\/lfv-oberholz.de\/cms\/wp-content\/uploads\/IMG_5220_internet-300x224.jpg\" alt=\"IMG_5220_internet\" width=\"85\" height=\"63\" srcset=\"https:\/\/lfv-oberholz.de\/cms\/wp-content\/uploads\/IMG_5220_internet-300x224.jpg 300w, https:\/\/lfv-oberholz.de\/cms\/wp-content\/uploads\/IMG_5220_internet.jpg 448w\" sizes=\"auto, (max-width: 85px) 100vw, 85px\" \/><\/a><\/p>\n<p>23.01.2017<br \/>\n<a href=\"https:\/\/lfv-oberholz.de\/cms\/wp-content\/uploads\/IMG_20170123_104452_internet.jpg\"><img loading=\"lazy\" decoding=\"async\" class=\"alignnone wp-image-2563 \" src=\"https:\/\/lfv-oberholz.de\/cms\/wp-content\/uploads\/IMG_20170123_104452_internet-300x224.jpg\" alt=\"???\" width=\"81\" height=\"60\" srcset=\"https:\/\/lfv-oberholz.de\/cms\/wp-content\/uploads\/IMG_20170123_104452_internet-300x224.jpg 300w, https:\/\/lfv-oberholz.de\/cms\/wp-content\/uploads\/IMG_20170123_104452_internet.jpg 448w\" sizes=\"auto, (max-width: 81px) 100vw, 81px\" \/><\/a><\/p>\n<p>22.01.2017 einige mal anders unterwegs<br \/>\n<a href=\"https:\/\/lfv-oberholz.de\/cms\/wp-content\/uploads\/IMG-20170123-WA0002.jpg\"><img loading=\"lazy\" decoding=\"async\" class=\"alignnone wp-image-2551 \" src=\"https:\/\/lfv-oberholz.de\/cms\/wp-content\/uploads\/IMG-20170123-WA0002-300x168.jpg\" alt=\"IMG-20170123-WA0002\" width=\"137\" height=\"77\" srcset=\"https:\/\/lfv-oberholz.de\/cms\/wp-content\/uploads\/IMG-20170123-WA0002-300x168.jpg 300w, https:\/\/lfv-oberholz.de\/cms\/wp-content\/uploads\/IMG-20170123-WA0002-1024x573.jpg 1024w, https:\/\/lfv-oberholz.de\/cms\/wp-content\/uploads\/IMG-20170123-WA0002.jpg 1599w\" sizes=\"auto, (max-width: 137px) 100vw, 137px\" \/> <\/a><a href=\"https:\/\/lfv-oberholz.de\/cms\/wp-content\/uploads\/IMG_20170122_112225_internet.jpg\"><img loading=\"lazy\" decoding=\"async\" class=\"alignnone wp-image-2562 \" src=\"https:\/\/lfv-oberholz.de\/cms\/wp-content\/uploads\/IMG_20170122_112225_internet-224x300.jpg\" alt=\"???\" width=\"58\" height=\"77\" srcset=\"https:\/\/lfv-oberholz.de\/cms\/wp-content\/uploads\/IMG_20170122_112225_internet-224x300.jpg 224w, https:\/\/lfv-oberholz.de\/cms\/wp-content\/uploads\/IMG_20170122_112225_internet.jpg 336w\" sizes=\"auto, (max-width: 58px) 100vw, 58px\" \/><\/a> <a href=\"https:\/\/lfv-oberholz.de\/cms\/wp-content\/uploads\/IMG_20170122_110306_internet.jpg\"><img loading=\"lazy\" decoding=\"async\" class=\"alignnone wp-image-2561 \" src=\"https:\/\/lfv-oberholz.de\/cms\/wp-content\/uploads\/IMG_20170122_110306_internet-224x300.jpg\" alt=\"???\" width=\"59\" height=\"78\" srcset=\"https:\/\/lfv-oberholz.de\/cms\/wp-content\/uploads\/IMG_20170122_110306_internet-224x300.jpg 224w, https:\/\/lfv-oberholz.de\/cms\/wp-content\/uploads\/IMG_20170122_110306_internet.jpg 336w\" sizes=\"auto, (max-width: 59px) 100vw, 59px\" \/><\/a><\/p>\n<p>08.01.2017<br \/>\n<a href=\"https:\/\/lfv-oberholz.de\/cms\/wp-content\/uploads\/IMG-20170225-WA0006.jpg\"><img loading=\"lazy\" decoding=\"async\" class=\"alignnone wp-image-2564 \" src=\"https:\/\/lfv-oberholz.de\/cms\/wp-content\/uploads\/IMG-20170225-WA0006-225x300.jpg\" alt=\"IMG-20170225-WA0006\" width=\"69\" height=\"92\" srcset=\"https:\/\/lfv-oberholz.de\/cms\/wp-content\/uploads\/IMG-20170225-WA0006-225x300.jpg 225w, https:\/\/lfv-oberholz.de\/cms\/wp-content\/uploads\/IMG-20170225-WA0006-768x1024.jpg 768w, https:\/\/lfv-oberholz.de\/cms\/wp-content\/uploads\/IMG-20170225-WA0006.jpg 1200w\" sizes=\"auto, (max-width: 69px) 100vw, 69px\" \/><\/a><\/p>\n<p>Gl\u00fchweinlauf 25.12.2016<br \/>\n<a href=\"https:\/\/lfv-oberholz.de\/cms\/wp-content\/uploads\/IMG_20161225_100631_internet.jpg\"><img loading=\"lazy\" decoding=\"async\" class=\"alignnone wp-image-2547 \" src=\"https:\/\/lfv-oberholz.de\/cms\/wp-content\/uploads\/IMG_20161225_100631_internet-300x224.jpg\" alt=\"???\" width=\"220\" height=\"164\" srcset=\"https:\/\/lfv-oberholz.de\/cms\/wp-content\/uploads\/IMG_20161225_100631_internet-300x224.jpg 300w, https:\/\/lfv-oberholz.de\/cms\/wp-content\/uploads\/IMG_20161225_100631_internet.jpg 448w\" sizes=\"auto, (max-width: 220px) 100vw, 220px\" \/><\/a> <a href=\"https:\/\/lfv-oberholz.de\/cms\/wp-content\/uploads\/IMG_20161225_111527_internet.jpg\"><img loading=\"lazy\" decoding=\"async\" class=\"alignnone wp-image-2548 \" src=\"https:\/\/lfv-oberholz.de\/cms\/wp-content\/uploads\/IMG_20161225_111424_internet-300x224.jpg\" alt=\"???\" width=\"106\" height=\"79\" srcset=\"https:\/\/lfv-oberholz.de\/cms\/wp-content\/uploads\/IMG_20161225_111424_internet-300x224.jpg 300w, https:\/\/lfv-oberholz.de\/cms\/wp-content\/uploads\/IMG_20161225_111424_internet.jpg 448w\" sizes=\"auto, (max-width: 106px) 100vw, 106px\" \/> <img loading=\"lazy\" decoding=\"async\" class=\"alignnone wp-image-2549 \" src=\"https:\/\/lfv-oberholz.de\/cms\/wp-content\/uploads\/IMG_20161225_111527_internet-300x225.jpg\" alt=\"???\" width=\"107\" height=\"80\" srcset=\"https:\/\/lfv-oberholz.de\/cms\/wp-content\/uploads\/IMG_20161225_111527_internet-300x225.jpg 300w, https:\/\/lfv-oberholz.de\/cms\/wp-content\/uploads\/IMG_20161225_111527_internet.jpg 1024w\" sizes=\"auto, (max-width: 107px) 100vw, 107px\" \/><\/a><\/p>\n<p>06.12.2016<br \/>\n<a href=\"https:\/\/lfv-oberholz.de\/cms\/wp-content\/uploads\/lauftreff_internet.jpg\"><img loading=\"lazy\" decoding=\"async\" class=\"alignnone wp-image-2540 \" src=\"https:\/\/lfv-oberholz.de\/cms\/wp-content\/uploads\/lauftreff_internet-300x224.jpg\" alt=\"???\" width=\"98\" height=\"73\" srcset=\"https:\/\/lfv-oberholz.de\/cms\/wp-content\/uploads\/lauftreff_internet-300x224.jpg 300w, https:\/\/lfv-oberholz.de\/cms\/wp-content\/uploads\/lauftreff_internet.jpg 448w\" sizes=\"auto, (max-width: 98px) 100vw, 98px\" \/><\/a><\/p>\n<p>25.12.2015<br \/>\n<a href=\"https:\/\/lfv-oberholz.de\/cms\/wp-content\/uploads\/IMG-20151225-WA0006.jpg\"><img loading=\"lazy\" decoding=\"async\" class=\"alignnone wp-image-2538 \" src=\"https:\/\/lfv-oberholz.de\/cms\/wp-content\/uploads\/IMG-20151225-WA0006-300x168.jpg\" alt=\"IMG-20151225-WA0006\" width=\"112\" height=\"63\" srcset=\"https:\/\/lfv-oberholz.de\/cms\/wp-content\/uploads\/IMG-20151225-WA0006-300x168.jpg 300w, https:\/\/lfv-oberholz.de\/cms\/wp-content\/uploads\/IMG-20151225-WA0006-1024x576.jpg 1024w, https:\/\/lfv-oberholz.de\/cms\/wp-content\/uploads\/IMG-20151225-WA0006.jpg 1600w\" sizes=\"auto, (max-width: 112px) 100vw, 112px\" \/><\/a><\/p>\n<p>22.11.2016<br \/>\n<a href=\"https:\/\/lfv-oberholz.de\/cms\/wp-content\/uploads\/DSC_0089_internet.jpg\"><img loading=\"lazy\" decoding=\"async\" class=\"alignnone wp-image-2541 \" src=\"https:\/\/lfv-oberholz.de\/cms\/wp-content\/uploads\/DSC_0089_internet-300x168.jpg\" alt=\"DSC_0089_internet\" width=\"114\" height=\"64\" srcset=\"https:\/\/lfv-oberholz.de\/cms\/wp-content\/uploads\/DSC_0089_internet-300x168.jpg 300w, https:\/\/lfv-oberholz.de\/cms\/wp-content\/uploads\/DSC_0089_internet.jpg 448w\" sizes=\"auto, (max-width: 114px) 100vw, 114px\" \/><\/a><\/p>\n<p>05.04.2015<br \/>\n<a href=\"https:\/\/lfv-oberholz.de\/cms\/wp-content\/uploads\/DSC_0175-internet.jpg\"><img loading=\"lazy\" decoding=\"async\" class=\"alignnone wp-image-2542 \" src=\"https:\/\/lfv-oberholz.de\/cms\/wp-content\/uploads\/DSC_0175-internet-300x168.jpg\" alt=\"DSC_0175-internet\" width=\"113\" height=\"63\" srcset=\"https:\/\/lfv-oberholz.de\/cms\/wp-content\/uploads\/DSC_0175-internet-300x168.jpg 300w, https:\/\/lfv-oberholz.de\/cms\/wp-content\/uploads\/DSC_0175-internet.jpg 448w\" sizes=\"auto, (max-width: 113px) 100vw, 113px\" \/><\/a><\/p>\n<p>15.02.2015<br \/>\n<a href=\"https:\/\/lfv-oberholz.de\/cms\/wp-content\/uploads\/Lauftreff-Oberholz-15_Februar-2015_internet.jpg\"><img loading=\"lazy\" decoding=\"async\" class=\"alignnone wp-image-2543 \" src=\"https:\/\/lfv-oberholz.de\/cms\/wp-content\/uploads\/Lauftreff-Oberholz-15_Februar-2015_internet-300x168.jpg\" alt=\"Lauftreff Oberholz 15_Februar 2015_internet\" width=\"113\" height=\"63\" srcset=\"https:\/\/lfv-oberholz.de\/cms\/wp-content\/uploads\/Lauftreff-Oberholz-15_Februar-2015_internet-300x168.jpg 300w, https:\/\/lfv-oberholz.de\/cms\/wp-content\/uploads\/Lauftreff-Oberholz-15_Februar-2015_internet.jpg 448w\" sizes=\"auto, (max-width: 113px) 100vw, 113px\" \/><\/a><\/p>\n","protected":false},"excerpt":{"rendered":"<p>Lauf- &amp; Walkingtreff Oberholz f\u00fcr Figur, Fitness, Reha oder als Training Seit Oktober 1998 treffen sich hier jeden Sonntag Laufbegeisterte um geimeinsam etwas f\u00fcr ihre Kondition zu tun. Egal wie das Wetter auch ist, geht es auf die sch\u00f6nen Strecken &hellip; <a href=\"https:\/\/lfv-oberholz.de\/cms\/lauftreff-oberholz\/\">Weiterlesen <span class=\"meta-nav\">&rarr;<\/span><\/a><\/p>\n","protected":false},"author":6,"featured_media":0,"parent":0,"menu_order":0,"comment_status":"closed","ping_status":"closed","template":"","meta":{"pgc_sgb_lightbox_settings":"","footnotes":""},"class_list":["post-2533","page","type-page","status-publish","hentry"],"_links":{"self":[{"href":"https:\/\/lfv-oberholz.de\/cms\/wp-json\/wp\/v2\/pages\/2533","targetHints":{"allow":["GET"]}}],"collection":[{"href":"https:\/\/lfv-oberholz.de\/cms\/wp-json\/wp\/v2\/pages"}],"about":[{"href":"https:\/\/lfv-oberholz.de\/cms\/wp-json\/wp\/v2\/types\/page"}],"author":[{"embeddable":true,"href":"https:\/\/lfv-oberholz.de\/cms\/wp-json\/wp\/v2\/users\/6"}],"replies":[{"embeddable":true,"href":"https:\/\/lfv-oberholz.de\/cms\/wp-json\/wp\/v2\/comments?post=2533"}],"version-history":[{"count":0,"href":"https:\/\/lfv-oberholz.de\/cms\/wp-json\/wp\/v2\/pages\/2533\/revisions"}],"wp:attachment":[{"href":"https:\/\/lfv-oberholz.de\/cms\/wp-json\/wp\/v2\/media?parent=2533"}],"curies":[{"name":"wp","href":"https:\/\/api.w.org\/{rel}","templated":true}]}}