{"id":255,"date":"2014-09-29T17:35:45","date_gmt":"2014-09-29T15:35:45","guid":{"rendered":"http:\/\/lfv-oberholz.de\/cms\/?page_id=255"},"modified":"2026-02-28T17:03:12","modified_gmt":"2026-02-28T16:03:12","slug":"lauf","status":"publish","type":"page","link":"https:\/\/lfv-oberholz.de\/cms\/verein\/lauf\/","title":{"rendered":"Lauf"},"content":{"rendered":"<h2>Lauf<\/h2>\n<h3>Was wir wollen?<br \/>\n<b><\/b><\/h3>\n<p><a href=\"https:\/\/lfv-oberholz.de\/cms\/wp-content\/uploads\/IMG-20220209-WA0002.jpg\"><img loading=\"lazy\" decoding=\"async\" class=\"wp-image-10207  alignright\" src=\"https:\/\/lfv-oberholz.de\/cms\/wp-content\/uploads\/IMG-20220209-WA0002-300x145.jpg\" alt=\"IMG-20220209-WA0002\" width=\"199\" height=\"96\" srcset=\"https:\/\/lfv-oberholz.de\/cms\/wp-content\/uploads\/IMG-20220209-WA0002-300x145.jpg 300w, https:\/\/lfv-oberholz.de\/cms\/wp-content\/uploads\/IMG-20220209-WA0002-1024x497.jpg 1024w, https:\/\/lfv-oberholz.de\/cms\/wp-content\/uploads\/IMG-20220209-WA0002.jpg 2016w\" sizes=\"auto, (max-width: 199px) 100vw, 199px\" \/><\/a>&#8222;Lauf&#8220; als namensgebende Sportart des LFV Oberholz bevorzugt den Ausdauersport.<br \/>\nLeistung steht nicht an erster Stelle. Trotzdem k\u00f6nnen wir in dieser Abteilungen einige Leistungstr\u00e4ger aufweisen. Auf Wunsch\/bei Bedarf f\u00f6rdern wir Talente und unterst\u00fctzen deren Zielstrebigkeit.<\/p>\n<p>Unsere L\u00e4ufer finden sie aktiv bei Volks- und Crossl\u00e4ufen, bei L\u00e4ufen zur Leipziger Stadtrangliste, zum Sachsencup, teilweise zu Landesmeisterschaften, bei regionalen und \u00fcberregionalen Laufevents.<\/p>\n<h3>Mitgliederstatistik<\/h3>\n<p>43 Kinder und Jugend, 179 Erwachsene (gesamt 222, Stand 27. Februar 2026)<\/p>\n<h3>Trainer \/ \u00dcbungsleiter<\/h3>\n<p>(alphabetisch aufgef\u00fchrt)<\/p>\n<ul>\n<li><a title=\"Bauer, J\u00f6rg\" href=\"https:\/\/lfv-oberholz.de\/cms\/athleten\/bauer-joerg\/\">J\u00f6rg Bauer<\/a><\/li>\n<li>Beatrice Blankschein<\/li>\n<li><a href=\"http:\/\/(Fitnesstrainer)\" data-wplink-url-error=\"true\">Theresa D\u00f6pping<\/a> (Fitnesstrainerin)<\/li>\n<li>Liane Gr\u00e4tsch<\/li>\n<li><a href=\"https:\/\/lfv-oberholz.de\/cms\/athleten\/koehler-lutz\/\">Lutz K\u00f6hler<\/a><\/li>\n<li><a href=\"https:\/\/lfv-oberholz.de\/cms\/athleten\/klemm-alexander\/\">Alexander Klemm<\/a> (LFV-Lauf- und Triathlongruppe Torgau)<\/li>\n<li><a href=\"https:\/\/lfv-oberholz.de\/cms\/athleten\/lehmann-silvio\/\">Silvio Lehmann<\/a><\/li>\n<li>Henri Leuschner (Fitnesstrainer)<\/li>\n<li>Nicol Moritz<\/li>\n<li>Christiane Rabe<\/li>\n<li><a href=\"https:\/\/lfv-oberholz.de\/cms\/athleten\/sander-marco\/\">Marco Sander<\/a><\/li>\n<li><a href=\"https:\/\/lfv-oberholz.de\/cms\/athleten\/wiedemann-ralph\/\">Ralph Wiedemann<\/a><\/li>\n<\/ul>\n<h3>Kampfrichter<\/h3>\n<ul>\n<li><a href=\"https:\/\/lfv-oberholz.de\/cms\/athleten\/bauer-joerg\/\">J\u00f6rg Bauer<\/a><\/li>\n<li><a href=\"https:\/\/lfv-oberholz.de\/cms\/athleten\/lehmann-silvio\/\">Silvio Lehmann<\/a> (Schiedsrichter)<\/li>\n<\/ul>\n<h3><a title=\"Athleten\" href=\"https:\/\/lfv-oberholz.de\/cms\/athleten#lauf\/\">Athleten<\/a><\/h3>\n","protected":false},"excerpt":{"rendered":"<p>Lauf Was wir wollen? &#8222;Lauf&#8220; als namensgebende Sportart des LFV Oberholz bevorzugt den Ausdauersport. Leistung steht nicht an erster Stelle. Trotzdem k\u00f6nnen wir in dieser Abteilungen einige Leistungstr\u00e4ger aufweisen. Auf Wunsch\/bei Bedarf f\u00f6rdern wir Talente und unterst\u00fctzen deren Zielstrebigkeit. Unsere &hellip; <a href=\"https:\/\/lfv-oberholz.de\/cms\/verein\/lauf\/\">Weiterlesen <span class=\"meta-nav\">&rarr;<\/span><\/a><\/p>\n","protected":false},"author":1,"featured_media":0,"parent":211,"menu_order":0,"comment_status":"closed","ping_status":"closed","template":"","meta":{"pgc_sgb_lightbox_settings":"","footnotes":""},"class_list":["post-255","page","type-page","status-publish","hentry"],"_links":{"self":[{"href":"https:\/\/lfv-oberholz.de\/cms\/wp-json\/wp\/v2\/pages\/255","targetHints":{"allow":["GET"]}}],"collection":[{"href":"https:\/\/lfv-oberholz.de\/cms\/wp-json\/wp\/v2\/pages"}],"about":[{"href":"https:\/\/lfv-oberholz.de\/cms\/wp-json\/wp\/v2\/types\/page"}],"author":[{"embeddable":true,"href":"https:\/\/lfv-oberholz.de\/cms\/wp-json\/wp\/v2\/users\/1"}],"replies":[{"embeddable":true,"href":"https:\/\/lfv-oberholz.de\/cms\/wp-json\/wp\/v2\/comments?post=255"}],"version-history":[{"count":2,"href":"https:\/\/lfv-oberholz.de\/cms\/wp-json\/wp\/v2\/pages\/255\/revisions"}],"predecessor-version":[{"id":24325,"href":"https:\/\/lfv-oberholz.de\/cms\/wp-json\/wp\/v2\/pages\/255\/revisions\/24325"}],"up":[{"embeddable":true,"href":"https:\/\/lfv-oberholz.de\/cms\/wp-json\/wp\/v2\/pages\/211"}],"wp:attachment":[{"href":"https:\/\/lfv-oberholz.de\/cms\/wp-json\/wp\/v2\/media?parent=255"}],"curies":[{"name":"wp","href":"https:\/\/api.w.org\/{rel}","templated":true}]}}