{"id":25626,"date":"2026-05-02T20:10:13","date_gmt":"2026-05-02T18:10:13","guid":{"rendered":"https:\/\/lfv-oberholz.de\/cms\/?page_id=25626"},"modified":"2026-05-05T22:01:16","modified_gmt":"2026-05-05T20:01:16","slug":"schulz-gabriele","status":"publish","type":"page","link":"https:\/\/lfv-oberholz.de\/cms\/athleten\/schulz-gabriele\/","title":{"rendered":"Schulz, Gabriele"},"content":{"rendered":"\n<h2>Gabriele Schulz &#8222;Clausi&#8220;<\/h2>\n<p>(Dieses Seite wurde mit Einwilligung der betreffenden Person erstellt und ver\u00f6ffentlicht.)<\/p>\n<p><a href=\"https:\/\/lfv-oberholz.de\/cms\/wp-content\/uploads\/20260301_101548_Instagram_LSC-1-scaled.jpg\"><img loading=\"lazy\" decoding=\"async\" class=\"alignright wp-image-25628\" src=\"https:\/\/lfv-oberholz.de\/cms\/wp-content\/uploads\/20260301_101548_Instagram_LSC-1-145x300.jpg\" alt=\"\" width=\"96\" height=\"200\" srcset=\"https:\/\/lfv-oberholz.de\/cms\/wp-content\/uploads\/20260301_101548_Instagram_LSC-1-145x300.jpg 145w, https:\/\/lfv-oberholz.de\/cms\/wp-content\/uploads\/20260301_101548_Instagram_LSC-1-493x1024.jpg 493w, https:\/\/lfv-oberholz.de\/cms\/wp-content\/uploads\/20260301_101548_Instagram_LSC-1-768x1594.jpg 768w, https:\/\/lfv-oberholz.de\/cms\/wp-content\/uploads\/20260301_101548_Instagram_LSC-1-740x1536.jpg 740w, https:\/\/lfv-oberholz.de\/cms\/wp-content\/uploads\/20260301_101548_Instagram_LSC-1-987x2048.jpg 987w, https:\/\/lfv-oberholz.de\/cms\/wp-content\/uploads\/20260301_101548_Instagram_LSC-1-scaled.jpg 1234w\" sizes=\"auto, (max-width: 96px) 100vw, 96px\" \/><\/a><\/p>\n<ul>\n<li style=\"text-align: justify;\">Mitglied seit:<strong> \u00a0\u00a0\u00a0 <\/strong>Januar 2026<\/li>\n<li style=\"text-align: justify;\">Beruf\/T\u00e4tigkeit: Dipl.- Ing. f\u00fcr Gasversorgungstechnik \/ seit 2016 Rentnerin<\/li>\n<li style=\"text-align: justify;\">Wohnort:\u00a0 \u00a0 \u00a0 \u00a0 Leipzig-Gohlis<\/li>\n<li style=\"text-align: justify;\">Jahrgang:\u00a0\u00a0\u00a0\u00a0\u00a0\u00a0\u00a0\u00a0 1954<\/li>\n<li>Sportlich aktiv:\u00a0 \u00a0 \u00a0als Kind und Jugendliche im Rudern in Wurzen auf der Mulde im Einer, Doppelzweier und Doppelvierer Spartakiadesiegerin und DDR-Meisterin. Ab 1996 mit dem Triathlon begonnen, nicht mit den super Zeiten, aber immer noch mit Freude bei vielen Veranstaltungen dabei.<\/li>\n<li>Sportarten:\u00a0 \u00a0 Gymnastik, Triathlon (Schwimmen, Rad und Laufen)<\/li>\n<li>pers\u00f6nliche Erfolge \/ H\u00f6hepunkte:\n<ul style=\"list-style-type: circle;\">\n<li>Laufen: mehrfacher Rennsteiglaufmarathon, Jungfrau-Marathon, Medoc-Marathon, Marathon in San Marino, Zwei Ozeane Marathon (56km) in S\u00fcdafrika, Kosmos 3 an 1 in S\u00fcdafrika (an einem Tag 1 Marathon, 1 Halbmarathon und 10 km, also 73km), Wintermarathon Leipzig, \u00fcber Jahre Teilnahme an den Stadtranglistenl\u00e4ufen und alles was Spa\u00df macht<\/li>\n<li>Rad: u.a. Neuseenclassics, Radrennen um Torgau, 2023 Boden-seeradmarathon \u00fcber 150 km<\/li>\n<li>Triathlon: bei drei Langdistanzen \u00fcber 3,8km Schwimmen\/180km Rad\/42,195 Lauf in Moritzburg 2003, Frankfurt 2004 und Hawaii 2004 ins Ziel gekommen, ebenso bei mehrere Mitteldistanzen, Olympischen und Sprintdistanzen<\/li>\n<li>Gymnastik: seit 1987 dabei, zuerst als Ausgleich f\u00fcr die sitzende T\u00e4tigkeit im B\u00fcro und jetzt zum Fit halten im \u201eAlter\u201c<\/li>\n<\/ul>\n<\/li>\n<\/ul>\n<p>meine sch\u00f6nsten Errinnerungen als Bildersammlung (unsortiert)<br \/><a href=\"https:\/\/lfv-oberholz.de\/cms\/wp-content\/uploads\/20250614_1432220-scaled.jpg\"><img loading=\"lazy\" decoding=\"async\" class=\"alignnone wp-image-25630\" src=\"https:\/\/lfv-oberholz.de\/cms\/wp-content\/uploads\/20250614_1432220-300x300.jpg\" alt=\"\" width=\"90\" height=\"90\" srcset=\"https:\/\/lfv-oberholz.de\/cms\/wp-content\/uploads\/20250614_1432220-300x300.jpg 300w, https:\/\/lfv-oberholz.de\/cms\/wp-content\/uploads\/20250614_1432220-1024x1024.jpg 1024w, https:\/\/lfv-oberholz.de\/cms\/wp-content\/uploads\/20250614_1432220-150x150.jpg 150w, https:\/\/lfv-oberholz.de\/cms\/wp-content\/uploads\/20250614_1432220-768x768.jpg 768w, https:\/\/lfv-oberholz.de\/cms\/wp-content\/uploads\/20250614_1432220-1536x1536.jpg 1536w, https:\/\/lfv-oberholz.de\/cms\/wp-content\/uploads\/20250614_1432220-2048x2048.jpg 2048w\" sizes=\"auto, (max-width: 90px) 100vw, 90px\" \/><\/a> <a href=\"https:\/\/lfv-oberholz.de\/cms\/wp-content\/uploads\/20251009_081231-scaled.jpg\"><img loading=\"lazy\" decoding=\"async\" class=\"alignnone wp-image-25631\" src=\"https:\/\/lfv-oberholz.de\/cms\/wp-content\/uploads\/20251009_081231-300x300.jpg\" alt=\"\" width=\"90\" height=\"90\" srcset=\"https:\/\/lfv-oberholz.de\/cms\/wp-content\/uploads\/20251009_081231-300x300.jpg 300w, https:\/\/lfv-oberholz.de\/cms\/wp-content\/uploads\/20251009_081231-1024x1024.jpg 1024w, https:\/\/lfv-oberholz.de\/cms\/wp-content\/uploads\/20251009_081231-150x150.jpg 150w, https:\/\/lfv-oberholz.de\/cms\/wp-content\/uploads\/20251009_081231-768x768.jpg 768w, https:\/\/lfv-oberholz.de\/cms\/wp-content\/uploads\/20251009_081231-1536x1536.jpg 1536w, https:\/\/lfv-oberholz.de\/cms\/wp-content\/uploads\/20251009_081231-2048x2048.jpg 2048w\" sizes=\"auto, (max-width: 90px) 100vw, 90px\" \/><\/a> <a href=\"https:\/\/lfv-oberholz.de\/cms\/wp-content\/uploads\/img046.jpg\"><img loading=\"lazy\" decoding=\"async\" class=\"alignnone wp-image-25632\" src=\"https:\/\/lfv-oberholz.de\/cms\/wp-content\/uploads\/img046-204x300.jpg\" alt=\"\" width=\"61\" height=\"90\" srcset=\"https:\/\/lfv-oberholz.de\/cms\/wp-content\/uploads\/img046-204x300.jpg 204w, https:\/\/lfv-oberholz.de\/cms\/wp-content\/uploads\/img046-695x1024.jpg 695w, https:\/\/lfv-oberholz.de\/cms\/wp-content\/uploads\/img046-768x1132.jpg 768w, https:\/\/lfv-oberholz.de\/cms\/wp-content\/uploads\/img046.jpg 1014w\" sizes=\"auto, (max-width: 61px) 100vw, 61px\" \/><\/a> <a href=\"https:\/\/lfv-oberholz.de\/cms\/wp-content\/uploads\/IMG-20240817-WA0067.jpg\"><img loading=\"lazy\" decoding=\"async\" class=\"alignnone wp-image-25633\" src=\"https:\/\/lfv-oberholz.de\/cms\/wp-content\/uploads\/IMG-20240817-WA0067-300x225.jpg\" alt=\"\" width=\"120\" height=\"90\" srcset=\"https:\/\/lfv-oberholz.de\/cms\/wp-content\/uploads\/IMG-20240817-WA0067-300x225.jpg 300w, https:\/\/lfv-oberholz.de\/cms\/wp-content\/uploads\/IMG-20240817-WA0067-1024x768.jpg 1024w, https:\/\/lfv-oberholz.de\/cms\/wp-content\/uploads\/IMG-20240817-WA0067-768x576.jpg 768w, https:\/\/lfv-oberholz.de\/cms\/wp-content\/uploads\/IMG-20240817-WA0067-1536x1152.jpg 1536w, https:\/\/lfv-oberholz.de\/cms\/wp-content\/uploads\/IMG-20240817-WA0067.jpg 1600w\" sizes=\"auto, (max-width: 120px) 100vw, 120px\" \/><\/a> <a href=\"https:\/\/lfv-oberholz.de\/cms\/wp-content\/uploads\/IMG-20240824-WA0031.jpg\"><img loading=\"lazy\" decoding=\"async\" class=\"alignnone wp-image-25634\" src=\"https:\/\/lfv-oberholz.de\/cms\/wp-content\/uploads\/IMG-20240824-WA0031-225x300.jpg\" alt=\"\" width=\"68\" height=\"90\" srcset=\"https:\/\/lfv-oberholz.de\/cms\/wp-content\/uploads\/IMG-20240824-WA0031-225x300.jpg 225w, https:\/\/lfv-oberholz.de\/cms\/wp-content\/uploads\/IMG-20240824-WA0031-768x1024.jpg 768w, https:\/\/lfv-oberholz.de\/cms\/wp-content\/uploads\/IMG-20240824-WA0031-1152x1536.jpg 1152w, https:\/\/lfv-oberholz.de\/cms\/wp-content\/uploads\/IMG-20240824-WA0031.jpg 1200w\" sizes=\"auto, (max-width: 68px) 100vw, 68px\" \/><\/a> <a href=\"https:\/\/lfv-oberholz.de\/cms\/wp-content\/uploads\/IMG-20240908-WA0016-1-scaled.jpg\"><img loading=\"lazy\" decoding=\"async\" class=\"alignnone wp-image-25635\" src=\"https:\/\/lfv-oberholz.de\/cms\/wp-content\/uploads\/IMG-20240908-WA0016-1-300x169.jpg\" alt=\"\" width=\"160\" height=\"90\" srcset=\"https:\/\/lfv-oberholz.de\/cms\/wp-content\/uploads\/IMG-20240908-WA0016-1-300x169.jpg 300w, https:\/\/lfv-oberholz.de\/cms\/wp-content\/uploads\/IMG-20240908-WA0016-1-1024x576.jpg 1024w, https:\/\/lfv-oberholz.de\/cms\/wp-content\/uploads\/IMG-20240908-WA0016-1-768x432.jpg 768w, https:\/\/lfv-oberholz.de\/cms\/wp-content\/uploads\/IMG-20240908-WA0016-1-1536x864.jpg 1536w, https:\/\/lfv-oberholz.de\/cms\/wp-content\/uploads\/IMG-20240908-WA0016-1-2048x1152.jpg 2048w\" sizes=\"auto, (max-width: 160px) 100vw, 160px\" \/><\/a> <a href=\"https:\/\/lfv-oberholz.de\/cms\/wp-content\/uploads\/IMG-20241207-WA0008.jpg\"><img loading=\"lazy\" decoding=\"async\" class=\"alignnone wp-image-25636\" src=\"https:\/\/lfv-oberholz.de\/cms\/wp-content\/uploads\/IMG-20241207-WA0008-300x282.jpg\" alt=\"\" width=\"96\" height=\"90\" srcset=\"https:\/\/lfv-oberholz.de\/cms\/wp-content\/uploads\/IMG-20241207-WA0008-300x282.jpg 300w, https:\/\/lfv-oberholz.de\/cms\/wp-content\/uploads\/IMG-20241207-WA0008-1024x964.jpg 1024w, https:\/\/lfv-oberholz.de\/cms\/wp-content\/uploads\/IMG-20241207-WA0008-768x723.jpg 768w, https:\/\/lfv-oberholz.de\/cms\/wp-content\/uploads\/IMG-20241207-WA0008-1536x1446.jpg 1536w, https:\/\/lfv-oberholz.de\/cms\/wp-content\/uploads\/IMG-20241207-WA0008.jpg 2048w\" sizes=\"auto, (max-width: 96px) 100vw, 96px\" \/><\/a> <a href=\"https:\/\/lfv-oberholz.de\/cms\/wp-content\/uploads\/IMG-20250727-WA0020.jpg\"><img loading=\"lazy\" decoding=\"async\" class=\"alignnone wp-image-25637\" src=\"https:\/\/lfv-oberholz.de\/cms\/wp-content\/uploads\/IMG-20250727-WA0020-169x300.jpg\" alt=\"\" width=\"51\" height=\"90\" srcset=\"https:\/\/lfv-oberholz.de\/cms\/wp-content\/uploads\/IMG-20250727-WA0020-169x300.jpg 169w, https:\/\/lfv-oberholz.de\/cms\/wp-content\/uploads\/IMG-20250727-WA0020-576x1024.jpg 576w, https:\/\/lfv-oberholz.de\/cms\/wp-content\/uploads\/IMG-20250727-WA0020-768x1365.jpg 768w, https:\/\/lfv-oberholz.de\/cms\/wp-content\/uploads\/IMG-20250727-WA0020-864x1536.jpg 864w, https:\/\/lfv-oberholz.de\/cms\/wp-content\/uploads\/IMG-20250727-WA0020.jpg 900w\" sizes=\"auto, (max-width: 51px) 100vw, 51px\" \/><\/a> <a href=\"https:\/\/lfv-oberholz.de\/cms\/wp-content\/uploads\/IMG-20250823-WA0019.jpg\"><img loading=\"lazy\" decoding=\"async\" class=\"alignnone wp-image-25638\" src=\"https:\/\/lfv-oberholz.de\/cms\/wp-content\/uploads\/IMG-20250823-WA0019-300x225.jpg\" alt=\"\" width=\"120\" height=\"90\" srcset=\"https:\/\/lfv-oberholz.de\/cms\/wp-content\/uploads\/IMG-20250823-WA0019-300x225.jpg 300w, https:\/\/lfv-oberholz.de\/cms\/wp-content\/uploads\/IMG-20250823-WA0019-1024x768.jpg 1024w, https:\/\/lfv-oberholz.de\/cms\/wp-content\/uploads\/IMG-20250823-WA0019-768x576.jpg 768w, https:\/\/lfv-oberholz.de\/cms\/wp-content\/uploads\/IMG-20250823-WA0019-1536x1152.jpg 1536w, https:\/\/lfv-oberholz.de\/cms\/wp-content\/uploads\/IMG-20250823-WA0019.jpg 2048w\" sizes=\"auto, (max-width: 120px) 100vw, 120px\" \/><\/a> <a href=\"https:\/\/lfv-oberholz.de\/cms\/wp-content\/uploads\/IMG-20250915-WA0000.jpg\"><img loading=\"lazy\" decoding=\"async\" class=\"alignnone wp-image-25639\" src=\"https:\/\/lfv-oberholz.de\/cms\/wp-content\/uploads\/IMG-20250915-WA0000-300x225.jpg\" alt=\"\" width=\"120\" height=\"90\" srcset=\"https:\/\/lfv-oberholz.de\/cms\/wp-content\/uploads\/IMG-20250915-WA0000-300x225.jpg 300w, https:\/\/lfv-oberholz.de\/cms\/wp-content\/uploads\/IMG-20250915-WA0000-1024x768.jpg 1024w, https:\/\/lfv-oberholz.de\/cms\/wp-content\/uploads\/IMG-20250915-WA0000-768x576.jpg 768w, https:\/\/lfv-oberholz.de\/cms\/wp-content\/uploads\/IMG-20250915-WA0000-1536x1152.jpg 1536w, https:\/\/lfv-oberholz.de\/cms\/wp-content\/uploads\/IMG-20250915-WA0000.jpg 2040w\" sizes=\"auto, (max-width: 120px) 100vw, 120px\" \/><\/a> <a href=\"https:\/\/lfv-oberholz.de\/cms\/wp-content\/uploads\/IMG-20251115-WA0007.jpg\"><img loading=\"lazy\" decoding=\"async\" class=\"alignnone wp-image-25640\" src=\"https:\/\/lfv-oberholz.de\/cms\/wp-content\/uploads\/IMG-20251115-WA0007-192x300.jpg\" alt=\"\" width=\"57\" height=\"90\" srcset=\"https:\/\/lfv-oberholz.de\/cms\/wp-content\/uploads\/IMG-20251115-WA0007-192x300.jpg 192w, https:\/\/lfv-oberholz.de\/cms\/wp-content\/uploads\/IMG-20251115-WA0007-654x1024.jpg 654w, https:\/\/lfv-oberholz.de\/cms\/wp-content\/uploads\/IMG-20251115-WA0007-768x1202.jpg 768w, https:\/\/lfv-oberholz.de\/cms\/wp-content\/uploads\/IMG-20251115-WA0007-981x1536.jpg 981w, https:\/\/lfv-oberholz.de\/cms\/wp-content\/uploads\/IMG-20251115-WA0007.jpg 1308w\" sizes=\"auto, (max-width: 57px) 100vw, 57px\" \/><\/a> <a href=\"https:\/\/lfv-oberholz.de\/cms\/wp-content\/uploads\/IMG-20260503-WA0010.jpg\"><img loading=\"lazy\" decoding=\"async\" class=\"alignnone wp-image-25704\" src=\"https:\/\/lfv-oberholz.de\/cms\/wp-content\/uploads\/IMG-20260503-WA0010-212x300.jpg\" alt=\"\" width=\"64\" height=\"90\" srcset=\"https:\/\/lfv-oberholz.de\/cms\/wp-content\/uploads\/IMG-20260503-WA0010-212x300.jpg 212w, https:\/\/lfv-oberholz.de\/cms\/wp-content\/uploads\/IMG-20260503-WA0010-724x1024.jpg 724w, https:\/\/lfv-oberholz.de\/cms\/wp-content\/uploads\/IMG-20260503-WA0010-768x1086.jpg 768w, https:\/\/lfv-oberholz.de\/cms\/wp-content\/uploads\/IMG-20260503-WA0010.jpg 1040w\" sizes=\"auto, (max-width: 64px) 100vw, 64px\" \/><\/a> <a href=\"https:\/\/lfv-oberholz.de\/cms\/wp-content\/uploads\/IMG-20260504-WA0000.jpg\"><img loading=\"lazy\" decoding=\"async\" class=\"alignnone wp-image-25708\" src=\"https:\/\/lfv-oberholz.de\/cms\/wp-content\/uploads\/IMG-20260504-WA0000-300x225.jpg\" alt=\"\" width=\"120\" height=\"90\" srcset=\"https:\/\/lfv-oberholz.de\/cms\/wp-content\/uploads\/IMG-20260504-WA0000-300x225.jpg 300w, https:\/\/lfv-oberholz.de\/cms\/wp-content\/uploads\/IMG-20260504-WA0000-1024x768.jpg 1024w, https:\/\/lfv-oberholz.de\/cms\/wp-content\/uploads\/IMG-20260504-WA0000-768x576.jpg 768w, https:\/\/lfv-oberholz.de\/cms\/wp-content\/uploads\/IMG-20260504-WA0000-1536x1152.jpg 1536w, https:\/\/lfv-oberholz.de\/cms\/wp-content\/uploads\/IMG-20260504-WA0000.jpg 1600w\" sizes=\"auto, (max-width: 120px) 100vw, 120px\" \/><\/a> +<\/p>\n\n\n","protected":false},"excerpt":{"rendered":"<p>Gabriele Schulz &#8222;Clausi&#8220; (Dieses Seite wurde mit Einwilligung der betreffenden Person erstellt und ver\u00f6ffentlicht.) Mitglied seit: \u00a0\u00a0\u00a0 Januar 2026 Beruf\/T\u00e4tigkeit: Dipl.- Ing. f\u00fcr Gasversorgungstechnik \/ seit 2016 Rentnerin Wohnort:\u00a0 \u00a0 \u00a0 \u00a0 Leipzig-Gohlis Jahrgang:\u00a0\u00a0\u00a0\u00a0\u00a0\u00a0\u00a0\u00a0 1954 Sportlich aktiv:\u00a0 \u00a0 \u00a0als Kind &hellip; <a href=\"https:\/\/lfv-oberholz.de\/cms\/athleten\/schulz-gabriele\/\">Weiterlesen <span class=\"meta-nav\">&rarr;<\/span><\/a><\/p>\n","protected":false},"author":6,"featured_media":0,"parent":257,"menu_order":0,"comment_status":"closed","ping_status":"closed","template":"","meta":{"pgc_sgb_lightbox_settings":"","footnotes":""},"class_list":["post-25626","page","type-page","status-publish","hentry"],"_links":{"self":[{"href":"https:\/\/lfv-oberholz.de\/cms\/wp-json\/wp\/v2\/pages\/25626","targetHints":{"allow":["GET"]}}],"collection":[{"href":"https:\/\/lfv-oberholz.de\/cms\/wp-json\/wp\/v2\/pages"}],"about":[{"href":"https:\/\/lfv-oberholz.de\/cms\/wp-json\/wp\/v2\/types\/page"}],"author":[{"embeddable":true,"href":"https:\/\/lfv-oberholz.de\/cms\/wp-json\/wp\/v2\/users\/6"}],"replies":[{"embeddable":true,"href":"https:\/\/lfv-oberholz.de\/cms\/wp-json\/wp\/v2\/comments?post=25626"}],"version-history":[{"count":2,"href":"https:\/\/lfv-oberholz.de\/cms\/wp-json\/wp\/v2\/pages\/25626\/revisions"}],"predecessor-version":[{"id":25709,"href":"https:\/\/lfv-oberholz.de\/cms\/wp-json\/wp\/v2\/pages\/25626\/revisions\/25709"}],"up":[{"embeddable":true,"href":"https:\/\/lfv-oberholz.de\/cms\/wp-json\/wp\/v2\/pages\/257"}],"wp:attachment":[{"href":"https:\/\/lfv-oberholz.de\/cms\/wp-json\/wp\/v2\/media?parent=25626"}],"curies":[{"name":"wp","href":"https:\/\/api.w.org\/{rel}","templated":true}]}}