{"id":4673,"date":"2018-03-10T20:49:35","date_gmt":"2018-03-10T19:49:35","guid":{"rendered":"http:\/\/lfv-oberholz.de\/cms\/?page_id=4673"},"modified":"2018-05-23T15:19:52","modified_gmt":"2018-05-23T13:19:52","slug":"scheller-sabine","status":"publish","type":"page","link":"https:\/\/lfv-oberholz.de\/cms\/athleten\/scheller-sabine\/","title":{"rendered":"Scheller, Sabine"},"content":{"rendered":"<h2>Sabine Scheller<\/h2>\n<p>(Dieses Seite wurde mit Einwilligung der betreffenden Person erstellt und ver\u00f6ffentlicht.)<\/p>\n<p><a href=\"https:\/\/lfv-oberholz.de\/cms\/wp-content\/uploads\/Sabine_Scheller_neu.jpg\"><img loading=\"lazy\" decoding=\"async\" class=\"alignright wp-image-4674\" src=\"https:\/\/lfv-oberholz.de\/cms\/wp-content\/uploads\/Sabine_Scheller_neu-275x300.jpg\" alt=\"Sabine_Scheller_neu\" width=\"231\" height=\"253\" srcset=\"https:\/\/lfv-oberholz.de\/cms\/wp-content\/uploads\/Sabine_Scheller_neu-275x300.jpg 275w, https:\/\/lfv-oberholz.de\/cms\/wp-content\/uploads\/Sabine_Scheller_neu.jpg 551w\" sizes=\"auto, (max-width: 231px) 100vw, 231px\" \/><\/a><\/p>\n<ul>\n<li style=\"text-align: justify;\">Mitglied seit:<strong> \u00a0\u00a0\u00a0\u00a0\u00a0\u00a0\u00a0\u00a0\u00a0\u00a0\u00a0 <\/strong>Januar 2018<\/li>\n<li style=\"text-align: justify;\">Beruf \/ T\u00e4tigkeit:\u00a0\u00a0 \u00a0\u00a0\u00a0 B.A. Sozialarbeiterin \/ Sozialp\u00e4dagogin<\/li>\n<li style=\"text-align: justify;\">Wohnort:\u00a0\u00a0\u00a0\u00a0\u00a0\u00a0\u00a0\u00a0\u00a0\u00a0 \u00a0 \u00a0 \u00a0 \u00a0 Leipzig<\/li>\n<li style=\"text-align: justify;\">Jahrgang:\u00a0\u00a0\u00a0\u00a0\u00a0\u00a0\u00a0\u00a0\u00a0\u00a0\u00a0\u00a0\u00a0\u00a0 \u00a0 1983<\/li>\n<li style=\"text-align: justify;\">Sportarten:\u00a0\u00a0\u00a0\u00a0\u00a0\u00a0\u00a0\u00a0 \u00a0 \u00a0\u00a0\u00a0\u00a0 Laufen, Mountainbiken, Triathlon<\/li>\n<li>Sportlich aktiv:\u00a0\u00a0\u00a0\u00a0\u00a0\u00a0\u00a0\u00a0\u00a0 seit Kindheit, Lauf + Triathlon seit 2016\n<ul>\n<li>Die Bewegung und sportlichen Aktivit\u00e4ten habe ich seit meiner Kindheit schon immer gerne und mit wechselndem Interesse ausgef\u00fchrt. Ob Fu\u00dfball spielen auf dem Bolzplatz, Leichtathletik, Badminton, Volleyball usw., jedoch nichts im Leistungsbereich. Im Jahr 2016 entdeckte ich den Triathlon f\u00fcr mich und die Flamme daf\u00fcr brennt bis heute! Von nun an stand erstmal Konditionsaufbau auf dem Programm und die Gew\u00f6hnung an ein regelm\u00e4\u00dfiges Training \ud83d\ude42<\/li>\n<\/ul>\n<\/li>\n<li>pers\u00f6nliche Erfolge \/ H\u00f6hepunkte:\n<ul style=\"list-style-type: circle;\">\n<li>Laufen:\n<ul style=\"list-style-type: disc;\">\n<li>bisher erfolgreiche Teilnahme an 6, 10, 15km L\u00e4ufen bis Halbmarathon (Flachland u. bergiges Gel\u00e4nde)\n<ul>\n<li>Elstertalmarathon Gera 2017 &#8211; 10 km in 44:07 min &#8211; 2.Platz Gesamt<\/li>\n<li>48. Silvesterlauf Gera &#8211; 11,7 km (305 HM) in 59:54 min &#8211; 6. Gesamt<\/li>\n<li>Rennsteiglauf HM 2017 &#8211; 1:56:49 h<\/li>\n<li>53. Fockeberglauf 6km &#8211; in 29:28 min &#8211; 1. Platz AK<\/li>\n<li>Palma Marathon Mallorca 2017 &#8211; in 1:47:24 h<\/li>\n<\/ul>\n<\/li>\n<\/ul>\n<\/li>\n<li>Triathlon:\n<ul>\n<li>bisher erfolgreiche Teilnahme an unterschiedlichen Veranstaltungen wie Crossduathlon, Swim &amp; Run, Sprintdistanz, Olympische Distanz sowie Mitteldistanz im Staffelformat als Schwimmerin und L\u00e4uferin\n<ul>\n<li>2. Sparkassen Triday St\u00f6rmhaler See 2017 (Sprint) &#8211; 1:21:40 h &#8211; 2. Platz AK \/ 4. Platz Gesamt<\/li>\n<li>12. Swim &amp; Run Einzel Frauen Leipzig &#8211; 01:05:43 h &#8211; 1. Platz AK<\/li>\n<li>Sparkassen Bike&amp;Run 2017 &#8211; Kurzstrecke &#8211; 1:27:16 h &#8211; 6. Frauen &#8211; 2. AK<\/li>\n<li>34. Leipzig Triathlon &#8211; Olympische Distanz &#8211; 2:43:18 h &#8211; 23. Gesamt &#8211; 5. AK<\/li>\n<\/ul>\n<\/li>\n<\/ul>\n<\/li>\n<li>Rad \/ MTB:\n<ul>\n<li>Bew\u00e4ltigung des Stoneman Miriquidi in Bronze und Silber sowie Stoneman Dolomiti in Silber mit dem Mountainbike<\/li>\n<\/ul>\n<\/li>\n<\/ul>\n<\/li>\n<\/ul>\n<p><a href=\"https:\/\/lfv-oberholz.de\/cms\/wp-content\/uploads\/od-leipzig-2017-schwimmen.jpg\"><img loading=\"lazy\" decoding=\"async\" class=\"alignnone wp-image-4678\" src=\"https:\/\/lfv-oberholz.de\/cms\/wp-content\/uploads\/od-leipzig-2017-schwimmen-200x300.jpg\" alt=\"od leipzig 2017 schwimmen\" width=\"260\" height=\"391\" srcset=\"https:\/\/lfv-oberholz.de\/cms\/wp-content\/uploads\/od-leipzig-2017-schwimmen-200x300.jpg 200w, https:\/\/lfv-oberholz.de\/cms\/wp-content\/uploads\/od-leipzig-2017-schwimmen-683x1024.jpg 683w, https:\/\/lfv-oberholz.de\/cms\/wp-content\/uploads\/od-leipzig-2017-schwimmen.jpg 1068w\" sizes=\"auto, (max-width: 260px) 100vw, 260px\" \/><\/a> <a href=\"https:\/\/lfv-oberholz.de\/cms\/wp-content\/uploads\/20170612_221612.jpg\"><img loading=\"lazy\" decoding=\"async\" class=\"alignnone wp-image-4675\" src=\"https:\/\/lfv-oberholz.de\/cms\/wp-content\/uploads\/20170612_221612-289x300.jpg\" alt=\"20170612_221612\" width=\"375\" height=\"389\" srcset=\"https:\/\/lfv-oberholz.de\/cms\/wp-content\/uploads\/20170612_221612-289x300.jpg 289w, https:\/\/lfv-oberholz.de\/cms\/wp-content\/uploads\/20170612_221612.jpg 720w\" sizes=\"auto, (max-width: 375px) 100vw, 375px\" \/><\/a> <a href=\"https:\/\/lfv-oberholz.de\/cms\/wp-content\/uploads\/22279962_1465783536853275_4522711787761451481_n.jpg\"><img loading=\"lazy\" decoding=\"async\" class=\"alignnone wp-image-4676\" src=\"https:\/\/lfv-oberholz.de\/cms\/wp-content\/uploads\/22279962_1465783536853275_4522711787761451481_n-300x199.jpg\" alt=\"22279962_1465783536853275_4522711787761451481_n\" width=\"289\" height=\"192\" srcset=\"https:\/\/lfv-oberholz.de\/cms\/wp-content\/uploads\/22279962_1465783536853275_4522711787761451481_n-300x199.jpg 300w, https:\/\/lfv-oberholz.de\/cms\/wp-content\/uploads\/22279962_1465783536853275_4522711787761451481_n.jpg 800w\" sizes=\"auto, (max-width: 289px) 100vw, 289px\" \/><\/a> <a href=\"https:\/\/lfv-oberholz.de\/cms\/wp-content\/uploads\/IMG-20170701-WA0027.jpg\"><img loading=\"lazy\" decoding=\"async\" class=\"alignnone wp-image-4677\" src=\"https:\/\/lfv-oberholz.de\/cms\/wp-content\/uploads\/IMG-20170701-WA0027-300x168.jpg\" alt=\"IMG-20170701-WA0027\" width=\"346\" height=\"193\" \/><\/a><\/p>\n","protected":false},"excerpt":{"rendered":"<p>Sabine Scheller (Dieses Seite wurde mit Einwilligung der betreffenden Person erstellt und ver\u00f6ffentlicht.) Mitglied seit: \u00a0\u00a0\u00a0\u00a0\u00a0\u00a0\u00a0\u00a0\u00a0\u00a0\u00a0 Januar 2018 Beruf \/ T\u00e4tigkeit:\u00a0\u00a0 \u00a0\u00a0\u00a0 B.A. Sozialarbeiterin \/ Sozialp\u00e4dagogin Wohnort:\u00a0\u00a0\u00a0\u00a0\u00a0\u00a0\u00a0\u00a0\u00a0\u00a0 \u00a0 \u00a0 \u00a0 \u00a0 Leipzig Jahrgang:\u00a0\u00a0\u00a0\u00a0\u00a0\u00a0\u00a0\u00a0\u00a0\u00a0\u00a0\u00a0\u00a0\u00a0 \u00a0 1983 Sportarten:\u00a0\u00a0\u00a0\u00a0\u00a0\u00a0\u00a0\u00a0 \u00a0 \u00a0\u00a0\u00a0\u00a0 Laufen, Mountainbiken, &hellip; <a href=\"https:\/\/lfv-oberholz.de\/cms\/athleten\/scheller-sabine\/\">Weiterlesen <span class=\"meta-nav\">&rarr;<\/span><\/a><\/p>\n","protected":false},"author":6,"featured_media":0,"parent":257,"menu_order":0,"comment_status":"closed","ping_status":"closed","template":"","meta":{"pgc_sgb_lightbox_settings":"","footnotes":""},"class_list":["post-4673","page","type-page","status-publish","hentry"],"_links":{"self":[{"href":"https:\/\/lfv-oberholz.de\/cms\/wp-json\/wp\/v2\/pages\/4673","targetHints":{"allow":["GET"]}}],"collection":[{"href":"https:\/\/lfv-oberholz.de\/cms\/wp-json\/wp\/v2\/pages"}],"about":[{"href":"https:\/\/lfv-oberholz.de\/cms\/wp-json\/wp\/v2\/types\/page"}],"author":[{"embeddable":true,"href":"https:\/\/lfv-oberholz.de\/cms\/wp-json\/wp\/v2\/users\/6"}],"replies":[{"embeddable":true,"href":"https:\/\/lfv-oberholz.de\/cms\/wp-json\/wp\/v2\/comments?post=4673"}],"version-history":[{"count":0,"href":"https:\/\/lfv-oberholz.de\/cms\/wp-json\/wp\/v2\/pages\/4673\/revisions"}],"up":[{"embeddable":true,"href":"https:\/\/lfv-oberholz.de\/cms\/wp-json\/wp\/v2\/pages\/257"}],"wp:attachment":[{"href":"https:\/\/lfv-oberholz.de\/cms\/wp-json\/wp\/v2\/media?parent=4673"}],"curies":[{"name":"wp","href":"https:\/\/api.w.org\/{rel}","templated":true}]}}