{"id":4735,"date":"2018-03-15T22:30:05","date_gmt":"2018-03-15T21:30:05","guid":{"rendered":"http:\/\/lfv-oberholz.de\/cms\/?page_id=4735"},"modified":"2023-10-11T22:09:45","modified_gmt":"2023-10-11T20:09:45","slug":"haeussler-albrecht","status":"publish","type":"page","link":"https:\/\/lfv-oberholz.de\/cms\/athleten\/haeussler-albrecht\/","title":{"rendered":"H\u00e4u\u00dfler, Albrecht"},"content":{"rendered":"<h2>Albrecht H\u00e4u\u00dfler<\/h2>\n<p>(Dieses Seite wurde mit Einwilligung der betreffenden Person erstellt und ver\u00f6ffentlicht.)<\/p>\n<p><a href=\"https:\/\/lfv-oberholz.de\/cms\/wp-content\/uploads\/2018-03-12_Lfv-Steckbrief.jpg\"><img loading=\"lazy\" decoding=\"async\" class=\"alignright wp-image-4737\" src=\"https:\/\/lfv-oberholz.de\/cms\/wp-content\/uploads\/2018-03-12_Lfv-Steckbrief-266x300.jpg\" alt=\"2018-03-12_Lfv-Steckbrief\" width=\"171\" height=\"192\" srcset=\"https:\/\/lfv-oberholz.de\/cms\/wp-content\/uploads\/2018-03-12_Lfv-Steckbrief-266x300.jpg 266w, https:\/\/lfv-oberholz.de\/cms\/wp-content\/uploads\/2018-03-12_Lfv-Steckbrief.jpg 810w\" sizes=\"auto, (max-width: 171px) 100vw, 171px\" \/><\/a><\/p>\n<ul>\n<li style=\"text-align: justify;\">Mitglied seit:<strong> \u00a0\u00a0\u00a0\u00a0 <\/strong>Oktober 2012<\/li>\n<li style=\"text-align: justify;\">Beruf\/T\u00e4tigkeit:\u00a0 Pfarrer im Ruhestand<\/li>\n<li style=\"text-align: justify;\">Wohnort:\u00a0\u00a0\u00a0\u00a0\u00a0\u00a0\u00a0\u00a0\u00a0\u00a0\u00a0 Leipzig<\/li>\n<li style=\"text-align: justify;\">Jahrgang:\u00a0\u00a0\u00a0\u00a0\u00a0\u00a0\u00a0\u00a0\u00a0 1959<\/li>\n<li style=\"text-align: justify;\">Sportarten:\u00a0\u00a0\u00a0\u00a0\u00a0\u00a0\u00a0\u00a0 Laufen, touristisches Radfahren, vordem auch Fu\u00dfball<\/li>\n<li>Sportlich aktiv:\u00a0\u00a0 seit ca.1970<\/li>\n<li>pers\u00f6nliche Erfolge \/ H\u00f6hepunkte:\n<ul style=\"list-style-type: circle;\">\n<li>Laufen:\n<ul style=\"list-style-type: disc;\">\n<li>Berlin-Marathon 2004, 3:22 h<\/li>\n<li>Leipzig-Halle-Marathon 2005 3:22 h<\/li>\n<li>zwei Mal Rennsteiglauf Eisenach &#8211; Schmiedefeld: 2004 8:21 h,\u00a0 2005 8:11 h<\/li>\n<li>25. Leipziger 100km-Lauf 2014 11:59 h<\/li>\n<\/ul>\n<\/li>\n<\/ul>\n<\/li>\n<\/ul>\n<p><a href=\"https:\/\/lfv-oberholz.de\/cms\/wp-content\/uploads\/IMG-20230916-WA0003.jpg\"><img loading=\"lazy\" decoding=\"async\" class=\"alignnone wp-image-14913\" src=\"https:\/\/lfv-oberholz.de\/cms\/wp-content\/uploads\/IMG-20230916-WA0003-225x300.jpg\" alt=\"\" width=\"90\" height=\"120\" srcset=\"https:\/\/lfv-oberholz.de\/cms\/wp-content\/uploads\/IMG-20230916-WA0003-225x300.jpg 225w, https:\/\/lfv-oberholz.de\/cms\/wp-content\/uploads\/IMG-20230916-WA0003.jpg 768w\" sizes=\"auto, (max-width: 90px) 100vw, 90px\" \/><\/a> <a href=\"https:\/\/lfv-oberholz.de\/cms\/wp-content\/uploads\/FB_IMG_1696158428223.jpg\"><img loading=\"lazy\" decoding=\"async\" class=\"alignnone wp-image-14809\" src=\"https:\/\/lfv-oberholz.de\/cms\/wp-content\/uploads\/FB_IMG_1696158428223-300x200.jpg\" alt=\"\" width=\"180\" height=\"120\" srcset=\"https:\/\/lfv-oberholz.de\/cms\/wp-content\/uploads\/FB_IMG_1696158428223-300x200.jpg 300w, https:\/\/lfv-oberholz.de\/cms\/wp-content\/uploads\/FB_IMG_1696158428223-1024x683.jpg 1024w, https:\/\/lfv-oberholz.de\/cms\/wp-content\/uploads\/FB_IMG_1696158428223-768x512.jpg 768w, https:\/\/lfv-oberholz.de\/cms\/wp-content\/uploads\/FB_IMG_1696158428223.jpg 1080w\" sizes=\"auto, (max-width: 180px) 100vw, 180px\" \/><\/a>\u00a0<a href=\"https:\/\/lfv-oberholz.de\/cms\/wp-content\/uploads\/FB_IMG_1506811229018.jpg\"><img loading=\"lazy\" decoding=\"async\" class=\"alignnone wp-image-4754\" src=\"https:\/\/lfv-oberholz.de\/cms\/wp-content\/uploads\/FB_IMG_1506811229018-300x200.jpg\" alt=\"FB_IMG_1506811229018\" width=\"180\" height=\"120\" srcset=\"https:\/\/lfv-oberholz.de\/cms\/wp-content\/uploads\/FB_IMG_1506811229018-300x200.jpg 300w, https:\/\/lfv-oberholz.de\/cms\/wp-content\/uploads\/FB_IMG_1506811229018-1024x684.jpg 1024w, https:\/\/lfv-oberholz.de\/cms\/wp-content\/uploads\/FB_IMG_1506811229018.jpg 1086w\" sizes=\"auto, (max-width: 180px) 100vw, 180px\" \/><\/a> <a href=\"https:\/\/lfv-oberholz.de\/cms\/wp-content\/uploads\/FB_IMG_15201050654251.jpg\"><img loading=\"lazy\" decoding=\"async\" class=\"alignnone wp-image-4749\" src=\"https:\/\/lfv-oberholz.de\/cms\/wp-content\/uploads\/FB_IMG_15201050654251-300x200.jpg\" alt=\"FB_IMG_1520105065425\" width=\"180\" height=\"120\" srcset=\"https:\/\/lfv-oberholz.de\/cms\/wp-content\/uploads\/FB_IMG_15201050654251-300x200.jpg 300w, https:\/\/lfv-oberholz.de\/cms\/wp-content\/uploads\/FB_IMG_15201050654251-1024x682.jpg 1024w, https:\/\/lfv-oberholz.de\/cms\/wp-content\/uploads\/FB_IMG_15201050654251.jpg 1080w\" sizes=\"auto, (max-width: 180px) 100vw, 180px\" \/><\/a><\/p>\n","protected":false},"excerpt":{"rendered":"<p>Albrecht H\u00e4u\u00dfler (Dieses Seite wurde mit Einwilligung der betreffenden Person erstellt und ver\u00f6ffentlicht.) Mitglied seit: \u00a0\u00a0\u00a0\u00a0 Oktober 2012 Beruf\/T\u00e4tigkeit:\u00a0 Pfarrer im Ruhestand Wohnort:\u00a0\u00a0\u00a0\u00a0\u00a0\u00a0\u00a0\u00a0\u00a0\u00a0\u00a0 Leipzig Jahrgang:\u00a0\u00a0\u00a0\u00a0\u00a0\u00a0\u00a0\u00a0\u00a0 1959 Sportarten:\u00a0\u00a0\u00a0\u00a0\u00a0\u00a0\u00a0\u00a0 Laufen, touristisches Radfahren, vordem auch Fu\u00dfball Sportlich aktiv:\u00a0\u00a0 seit ca.1970 pers\u00f6nliche Erfolge \/ &hellip; <a href=\"https:\/\/lfv-oberholz.de\/cms\/athleten\/haeussler-albrecht\/\">Weiterlesen <span class=\"meta-nav\">&rarr;<\/span><\/a><\/p>\n","protected":false},"author":6,"featured_media":0,"parent":257,"menu_order":0,"comment_status":"closed","ping_status":"closed","template":"","meta":{"pgc_sgb_lightbox_settings":"","footnotes":""},"class_list":["post-4735","page","type-page","status-publish","hentry"],"_links":{"self":[{"href":"https:\/\/lfv-oberholz.de\/cms\/wp-json\/wp\/v2\/pages\/4735","targetHints":{"allow":["GET"]}}],"collection":[{"href":"https:\/\/lfv-oberholz.de\/cms\/wp-json\/wp\/v2\/pages"}],"about":[{"href":"https:\/\/lfv-oberholz.de\/cms\/wp-json\/wp\/v2\/types\/page"}],"author":[{"embeddable":true,"href":"https:\/\/lfv-oberholz.de\/cms\/wp-json\/wp\/v2\/users\/6"}],"replies":[{"embeddable":true,"href":"https:\/\/lfv-oberholz.de\/cms\/wp-json\/wp\/v2\/comments?post=4735"}],"version-history":[{"count":0,"href":"https:\/\/lfv-oberholz.de\/cms\/wp-json\/wp\/v2\/pages\/4735\/revisions"}],"up":[{"embeddable":true,"href":"https:\/\/lfv-oberholz.de\/cms\/wp-json\/wp\/v2\/pages\/257"}],"wp:attachment":[{"href":"https:\/\/lfv-oberholz.de\/cms\/wp-json\/wp\/v2\/media?parent=4735"}],"curies":[{"name":"wp","href":"https:\/\/api.w.org\/{rel}","templated":true}]}}