{"id":5339,"date":"2018-06-21T12:02:47","date_gmt":"2018-06-21T10:02:47","guid":{"rendered":"http:\/\/lfv-oberholz.de\/cms\/?page_id=5339"},"modified":"2018-06-24T21:52:19","modified_gmt":"2018-06-24T19:52:19","slug":"plewe-birgit","status":"publish","type":"page","link":"https:\/\/lfv-oberholz.de\/cms\/athleten\/plewe-birgit\/","title":{"rendered":"Plewe, Birgit"},"content":{"rendered":"<h2>Birgit Plewe<\/h2>\n<p>(Dieses Seite wurde in Zusammenarbeit mit der betreffenden Person erstellt und mit deren Einwilligung ver\u00f6ffentlicht.)<\/p>\n<p><img loading=\"lazy\" decoding=\"async\" class=\"size-medium wp-image-5342 alignright\" src=\"https:\/\/lfv-oberholz.de\/cms\/wp-content\/uploads\/FB_IMG_15220126986071-199x300.jpg\" alt=\"FB_IMG_1522012698607\" width=\"199\" height=\"300\" srcset=\"https:\/\/lfv-oberholz.de\/cms\/wp-content\/uploads\/FB_IMG_15220126986071-199x300.jpg 199w, https:\/\/lfv-oberholz.de\/cms\/wp-content\/uploads\/FB_IMG_15220126986071-682x1024.jpg 682w, https:\/\/lfv-oberholz.de\/cms\/wp-content\/uploads\/FB_IMG_15220126986071.jpg 1365w\" sizes=\"auto, (max-width: 199px) 100vw, 199px\" \/><\/p>\n<ul>\n<li style=\"text-align: justify;\">Mitglied seit:<strong> \u00a0\u00a0\u00a0\u00a0\u00a0\u00a0\u00a0\u00a0\u00a0\u00a0\u00a0 <\/strong>Januar 2010<\/li>\n<li style=\"text-align: justify;\">Beruf\/T\u00e4tigkeit:\u00a0\u00a0\u00a0\u00a0\u00a0\u00a0\u00a0\u00a0 Architektin<\/li>\n<li style=\"text-align: justify;\">Wohnort:\u00a0\u00a0\u00a0\u00a0\u00a0\u00a0\u00a0\u00a0\u00a0\u00a0 \u00a0 \u00a0 \u00a0 \u00a0 Leipzig<\/li>\n<li style=\"text-align: justify;\">Jahrgang:\u00a0\u00a0\u00a0\u00a0\u00a0\u00a0\u00a0\u00a0\u00a0\u00a0\u00a0\u00a0\u00a0\u00a0 \u00a0 1964<\/li>\n<li style=\"text-align: justify;\">Sportarten:\u00a0\u00a0\u00a0\u00a0\u00a0\u00a0\u00a0\u00a0\u00a0\u00a0\u00a0\u00a0\u00a0\u00a0\u00a0 Lauf, gelegentlich Triathlon<\/li>\n<li>Sportlich aktiv seit:\u00a0\u00a0 2001<\/li>\n<li>pers\u00f6nliche Erfolge \/ H\u00f6hepunkte:\n<ul style=\"list-style-type: circle;\">\n<li>Laufen:\n<ul style=\"list-style-type: disc;\">\n<li>Rennsteig-Marathon 2009 (mein erster)<\/li>\n<li>Wien Marathon 2014 (der erste Stra\u00dfenmarathon)<\/li>\n<li>viele L\u00e4ufe von 5 km bis HM im Rahmen des Nordsachsen- und D\u00fcbener Heide-Cup, Lichtenauer Sachsencup, der Sparkassenchallenge, fr\u00fcher auch Stadtrangliste Leipzig<\/li>\n<\/ul>\n<\/li>\n<li>Ski\n<ul>\n<li>ich traue mich nach einem halben Tag \u00dcbung mit dem geduldigsten Trainer der Welt (J\u00f6rg!), einen 5 m hohen H\u00fcgel runter zu rutschen! \ud83d\ude42<\/li>\n<\/ul>\n<\/li>\n<li>Triathlon:\n<ul style=\"list-style-type: disc;\">\n<li>Bei meinem ersten Triathlon \u00fcberhaupt in Leipzig 2016 gleich die AK gewonnen! Das machte Lust auf mehr!<\/li>\n<\/ul>\n<\/li>\n<li>Sonstige\n<ul>\n<li>Ich liebe Wettk\u00e4mpfe, in denen der Spa\u00df nicht zu kurz kommt, wie den S\u00fcdraum-Marathon oder den Beuchaer Triathlon, aber auch Paddle&amp;Run-Wettk\u00e4mpfe<\/li>\n<\/ul>\n<\/li>\n<\/ul>\n<\/li>\n<\/ul>\n<p><img loading=\"lazy\" decoding=\"async\" class=\"alignnone  wp-image-5343\" src=\"https:\/\/lfv-oberholz.de\/cms\/wp-content\/uploads\/IMG_20170501_124445-300x224.jpg\" alt=\"dav\" width=\"404\" height=\"301\" \/> <img loading=\"lazy\" decoding=\"async\" class=\"alignnone size-medium wp-image-5341\" src=\"https:\/\/lfv-oberholz.de\/cms\/wp-content\/uploads\/FB_IMG_15220099749041-199x300.jpg\" alt=\"FB_IMG_1522009974904\" width=\"199\" height=\"300\" srcset=\"https:\/\/lfv-oberholz.de\/cms\/wp-content\/uploads\/FB_IMG_15220099749041-199x300.jpg 199w, https:\/\/lfv-oberholz.de\/cms\/wp-content\/uploads\/FB_IMG_15220099749041-682x1024.jpg 682w, https:\/\/lfv-oberholz.de\/cms\/wp-content\/uploads\/FB_IMG_15220099749041.jpg 1365w\" sizes=\"auto, (max-width: 199px) 100vw, 199px\" \/><\/p>\n","protected":false},"excerpt":{"rendered":"<p>Birgit Plewe (Dieses Seite wurde in Zusammenarbeit mit der betreffenden Person erstellt und mit deren Einwilligung ver\u00f6ffentlicht.) Mitglied seit: \u00a0\u00a0\u00a0\u00a0\u00a0\u00a0\u00a0\u00a0\u00a0\u00a0\u00a0 Januar 2010 Beruf\/T\u00e4tigkeit:\u00a0\u00a0\u00a0\u00a0\u00a0\u00a0\u00a0\u00a0 Architektin Wohnort:\u00a0\u00a0\u00a0\u00a0\u00a0\u00a0\u00a0\u00a0\u00a0\u00a0 \u00a0 \u00a0 \u00a0 \u00a0 Leipzig Jahrgang:\u00a0\u00a0\u00a0\u00a0\u00a0\u00a0\u00a0\u00a0\u00a0\u00a0\u00a0\u00a0\u00a0\u00a0 \u00a0 1964 Sportarten:\u00a0\u00a0\u00a0\u00a0\u00a0\u00a0\u00a0\u00a0\u00a0\u00a0\u00a0\u00a0\u00a0\u00a0\u00a0 Lauf, gelegentlich Triathlon Sportlich aktiv seit:\u00a0\u00a0 &hellip; <a href=\"https:\/\/lfv-oberholz.de\/cms\/athleten\/plewe-birgit\/\">Weiterlesen <span class=\"meta-nav\">&rarr;<\/span><\/a><\/p>\n","protected":false},"author":6,"featured_media":0,"parent":257,"menu_order":0,"comment_status":"closed","ping_status":"closed","template":"","meta":{"pgc_sgb_lightbox_settings":"","footnotes":""},"class_list":["post-5339","page","type-page","status-publish","hentry"],"_links":{"self":[{"href":"https:\/\/lfv-oberholz.de\/cms\/wp-json\/wp\/v2\/pages\/5339","targetHints":{"allow":["GET"]}}],"collection":[{"href":"https:\/\/lfv-oberholz.de\/cms\/wp-json\/wp\/v2\/pages"}],"about":[{"href":"https:\/\/lfv-oberholz.de\/cms\/wp-json\/wp\/v2\/types\/page"}],"author":[{"embeddable":true,"href":"https:\/\/lfv-oberholz.de\/cms\/wp-json\/wp\/v2\/users\/6"}],"replies":[{"embeddable":true,"href":"https:\/\/lfv-oberholz.de\/cms\/wp-json\/wp\/v2\/comments?post=5339"}],"version-history":[{"count":0,"href":"https:\/\/lfv-oberholz.de\/cms\/wp-json\/wp\/v2\/pages\/5339\/revisions"}],"up":[{"embeddable":true,"href":"https:\/\/lfv-oberholz.de\/cms\/wp-json\/wp\/v2\/pages\/257"}],"wp:attachment":[{"href":"https:\/\/lfv-oberholz.de\/cms\/wp-json\/wp\/v2\/media?parent=5339"}],"curies":[{"name":"wp","href":"https:\/\/api.w.org\/{rel}","templated":true}]}}