{"id":940,"date":"2015-12-04T17:28:06","date_gmt":"2015-12-04T16:28:06","guid":{"rendered":"http:\/\/lfv-oberholz.de\/cms\/?page_id=940"},"modified":"2025-06-06T12:15:21","modified_gmt":"2025-06-06T10:15:21","slug":"allgemeinsport","status":"publish","type":"page","link":"https:\/\/lfv-oberholz.de\/cms\/verein\/allgemeinsport\/","title":{"rendered":"Allgemeinsport"},"content":{"rendered":"<h2>Allgemeinsport f\u00fcr Kinder + Erwachsene \/ Fit &amp; Vital (Seniorensport) \/ Fitness &amp; Kraftaufbau (Elternsport) \/ Gymnastik &amp; JOYrobic \/ Orga<\/h2>\n<p>In den Allgemeinsportgruppen b\u00fcndeln wir die aktiven Mitglieder aller Abteilungen zuz\u00fcglich nichtaktive, organisatorisch t\u00e4tige Vereinsmitglieder. Wir unterteilen hierbei in Kindersport, Erwachsenen-Allgemeinsport und weiteren Erwachsenensportangeboten. Dabei f\u00fchren wir die <a href=\"https:\/\/lfv-oberholz.de\/cms\/verein\/frauengymnastik\/\">Gymnastikgruppe- JOYrobic<\/a> , Fit &amp; Vital (Seniorengesundheitssport) sowie <a href=\"https:\/\/lfv-oberholz.de\/cms\/fitnesskraftaufbau\/\">Fitness &amp; Kraftaufbau<\/a> als eigenst\u00e4ndige Unterabteilung.<\/p>\n<h3>Trainer \/ \u00dcbungsleiter \/ Kursleiter \/ Betreuer<\/h3>\n<p><a href=\"https:\/\/lfv-oberholz.de\/cms\/athleten\/bail-silvio\/\">Silvio Bail<\/a><br \/>\nJanine Bauer<br \/>\n<a href=\"https:\/\/lfv-oberholz.de\/cms\/athleten\/bauer-joerg\/\">J\u00f6rg Bauer<\/a><br \/>\nBeatrice Blankschein<br \/>\nKerstin Boenisch<br \/>\nKatharina Dietrich<br \/>\n<a href=\"http:\/\/(Fitnesstrainer)\" data-wplink-url-error=\"true\">Theresa D\u00f6pping<\/a> (Fitnesstrainerin)<br \/>\nSabine Dost<br \/>\nBenjamin Drabon<br \/>\nJana Fischer<br \/>\nLiane Gr\u00e4tsch<br \/>\nJens Herrmann<br \/>\nKathrin Herrmann<br \/>\nDavid Kleinig<br \/>\n<a href=\"http:\/\/(Fitnesstrainer)\" data-wplink-url-error=\"true\">Alexander Klemm<\/a><br \/>\nHenri Leuschner (Fitnesstrainer)<br \/>\n<a href=\"https:\/\/lfv-oberholz.de\/cms\/athleten\/lehmann-silvio\/\">Silvio Lehmann<\/a><br \/>\nRamona Miersch<br \/>\nNicol Moritz<br \/>\nChristiane Rabe<br \/>\n<a href=\"https:\/\/lfv-oberholz.de\/cms\/athleten\/sander-marco\/\">Marco Sander<\/a><br \/>\n<a href=\"https:\/\/lfv-oberholz.de\/cms\/athleten\/wiedemann-ralph\/\">Ralph Wiedemann<\/a><\/p>\n<p>und Eltern als weitere Betreuer<\/p>\n<p>Die Allgemeinsportgruppen unterteilen wir in:<\/p>\n<h2>Montag &#8211; Allgemeinsportgruppe 1 und 2<\/h2>\n<p>In dieser k\u00f6nnen unsere J\u00fcngsten spielerisch die Freude an k\u00f6rperlicher Ert\u00fcchtigung entdecken. Zudem erhalten sie durch ausgew\u00e4hlte \u00dcbungen und Spiele f\u00fcr allgemeine Athletik erste vorschulische Kenntnisse. Die Kids haben ein Alter von 2 &#8211; 4 sowie von 5 &#8211; 7 Jahren. Letztlich k\u00f6nnen sie alters\u00fcbergreifend bis in die Schulzeit in der Sportgruppe 2 aktiv bleiben.<br \/>\n<a href=\"https:\/\/lfv-oberholz.de\/cms\/wp-content\/uploads\/IMG-20170227-WA0007.jpg\"><img loading=\"lazy\" decoding=\"async\" class=\"alignnone wp-image-2607 \" src=\"https:\/\/lfv-oberholz.de\/cms\/wp-content\/uploads\/IMG-20170227-WA0007-300x225.jpg\" alt=\"IMG-20170227-WA0007\" width=\"180\" height=\"135\" srcset=\"https:\/\/lfv-oberholz.de\/cms\/wp-content\/uploads\/IMG-20170227-WA0007-300x225.jpg 300w, https:\/\/lfv-oberholz.de\/cms\/wp-content\/uploads\/IMG-20170227-WA0007-1024x768.jpg 1024w, https:\/\/lfv-oberholz.de\/cms\/wp-content\/uploads\/IMG-20170227-WA0007.jpg 1600w\" sizes=\"auto, (max-width: 180px) 100vw, 180px\" \/><\/a> <a href=\"https:\/\/lfv-oberholz.de\/cms\/wp-content\/uploads\/IMG_20170814_175948_1.jpg\"><img loading=\"lazy\" decoding=\"async\" class=\"alignnone wp-image-3614 \" src=\"https:\/\/lfv-oberholz.de\/cms\/wp-content\/uploads\/IMG_20170814_175948_1-300x224.jpg\" alt=\"dav\" width=\"210\" height=\"157\" srcset=\"https:\/\/lfv-oberholz.de\/cms\/wp-content\/uploads\/IMG_20170814_175948_1-300x224.jpg 300w, https:\/\/lfv-oberholz.de\/cms\/wp-content\/uploads\/IMG_20170814_175948_1-1024x768.jpg 1024w\" sizes=\"auto, (max-width: 210px) 100vw, 210px\" \/><\/a> <a href=\"https:\/\/lfv-oberholz.de\/cms\/wp-content\/uploads\/IMG-20171219-WA0000.jpg\"><img loading=\"lazy\" decoding=\"async\" class=\"alignnone wp-image-3615 \" src=\"https:\/\/lfv-oberholz.de\/cms\/wp-content\/uploads\/IMG-20171219-WA0000-300x168.jpg\" alt=\"IMG-20171219-WA0000\" width=\"236\" height=\"132\" srcset=\"https:\/\/lfv-oberholz.de\/cms\/wp-content\/uploads\/IMG-20171219-WA0000-300x168.jpg 300w, https:\/\/lfv-oberholz.de\/cms\/wp-content\/uploads\/IMG-20171219-WA0000-1024x576.jpg 1024w, https:\/\/lfv-oberholz.de\/cms\/wp-content\/uploads\/IMG-20171219-WA0000.jpg 1032w\" sizes=\"auto, (max-width: 236px) 100vw, 236px\" \/><\/a><\/p>\n<h2>Montag &#8211; Allgemeinsportgruppe 3<\/h2>\n<p>Ab dem 7. Lebensjahr bieten wir anspruchsvolleren Sport an. Diese Gruppe ist fortf\u00fchrend nach der Gruppe 2. Die Trainingszeit kann bis hin ins Erwachsenenalter genutzt werden. Neben allgemeiner Athletik, Koordinations\u00fcbungen und R\u00fcckenschule bieten wir altersgerechte Kraft-, spezielle Lauf\u00fcbungen sowie alternative Trainingsformen zum Ski- und Inlinersport an. Mit diversen Spielen schulen wir neben Individualsport die Gruppendynamik. Das Angebot ist auch f\u00fcr unsere Erwachsenen Mitglieder eine Bewegungsalternative zum Ski-, Lauf-, Radsport sowie Triathlon.<\/p>\n<h3>Trainingszeiten<\/h3>\n<p>Die Allgemeinsportstunden finden zu nachstehenden Zeiten in der Turnhalle im B\u00fcrger- und Vereinshaus Gro\u00dfp\u00f6sna statt (nahe P\u00f6snaPark, alter Kuhstall im Rittergut). Der Elternsport wird nebenan im Gymnastikraum angeboten.<\/p>\n<p>&#8211; grunds\u00e4tzlich nur an Schultagen \u2013<br \/>\nmontags 16.00-16.45 Uhr Gruppe 1, Kinder 2 bis 4 Jahre<br \/>\nmontags 17.00-18.00 Uhr Gruppe 2, Kinder 5 bis 7 Jahre<br \/>\nmontags 18.00-19.00 Uhr Gruppe 3, Kinder ab 8 (7)\u00a0 Jahre bis Jugend \/ Erwachsene<br \/>\nmontags nur gerade Kalenderwoche 19.00-20.00 Uhr, Kinder ab 12 bis Erwachsene<\/p>\n<h3>Statistik<\/h3>\n<p>In der Gruppe 1 besch\u00e4ftigen wir etwa 20 Kinder, in den Sportgruppen 2 und 3 werden jeweils ca. 25-35 Kinder, Jugendliche und Erwachsene je Stunde betreut.<\/p>\n<h2>Montag &#8211; Fitness &amp; Kraftaufbau<\/h2>\n<p>Zeitgleich zu den Kinderallgemeinsportgruppen 2 und 3 haben die Eltern die M\u00f6glichkeit der k\u00f6rperlichen Ert\u00fcchtigung. Hier bietet Bea Blankschein anspruchsvolle \u00dcbungen, unter anderem Gymnastik und Yoga, f\u00fcr Erwachsene an.<\/p>\n<p><a href=\"https:\/\/lfv-oberholz.de\/cms\/fitnesskraftaufbau\/\">Link zur Gruppeninfo<\/a><\/p>\n<h2>Dienstag &#8211; Fit &amp; Vital<\/h2>\n<p>Neu im Angebot ist unsere Gesundheitssportgruppe f\u00fcr Senioren. In dieser bietet Kerstin B\u00f6nisch altersgerechte, sportliche Bet\u00e4tigung an. Vielseitigkeit von Dehnungs- und Kraft\u00fcbungen bis hin zu Entspannung und R\u00fcckenschule sind hier Programm.<\/p>\n<h3>Statistik<\/h3>\n<p>In der Gruppe sind 21 Sportfreunde aktiv.<\/p>\n<p><a href=\"https:\/\/lfv-oberholz.de\/cms\/verein\/fit-und-vital\/\">Link zur Gruppeninfo<\/a><\/p>\n<h2>Donnerstag &#8211; Gymnastik \/ JOYrobic<\/h2>\n<p><a href=\"https:\/\/lfv-oberholz.de\/cms\/verein\/frauengymnastik\/\">Link zur Gruppeninfo<\/a><\/p>\n<h2>Orga<\/h2>\n<p>Mitglieder, welche in der Organisation unserer Aktivit\u00e4ten involviert sind, werden aus statistischen Gr\u00fcnden (Mitgliederbestandserhebung des LSB) unter Allgemeinsport gef\u00fchrt. Diese bringen sich unter anderem im Vorstand, der Materialpflege sowie bei der Vorbereitung und Realisierung unserer Freizeitaktivit\u00e4ten und Wettk\u00e4mfe ein.<\/p>\n","protected":false},"excerpt":{"rendered":"<p>Allgemeinsport f\u00fcr Kinder + Erwachsene \/ Fit &amp; Vital (Seniorensport) \/ Fitness &amp; Kraftaufbau (Elternsport) \/ Gymnastik &amp; JOYrobic \/ Orga In den Allgemeinsportgruppen b\u00fcndeln wir die aktiven Mitglieder aller Abteilungen zuz\u00fcglich nichtaktive, organisatorisch t\u00e4tige Vereinsmitglieder. Wir unterteilen hierbei in &hellip; <a href=\"https:\/\/lfv-oberholz.de\/cms\/verein\/allgemeinsport\/\">Weiterlesen <span class=\"meta-nav\">&rarr;<\/span><\/a><\/p>\n","protected":false},"author":6,"featured_media":0,"parent":211,"menu_order":0,"comment_status":"closed","ping_status":"closed","template":"","meta":{"pgc_sgb_lightbox_settings":"","footnotes":""},"class_list":["post-940","page","type-page","status-publish","hentry"],"_links":{"self":[{"href":"https:\/\/lfv-oberholz.de\/cms\/wp-json\/wp\/v2\/pages\/940","targetHints":{"allow":["GET"]}}],"collection":[{"href":"https:\/\/lfv-oberholz.de\/cms\/wp-json\/wp\/v2\/pages"}],"about":[{"href":"https:\/\/lfv-oberholz.de\/cms\/wp-json\/wp\/v2\/types\/page"}],"author":[{"embeddable":true,"href":"https:\/\/lfv-oberholz.de\/cms\/wp-json\/wp\/v2\/users\/6"}],"replies":[{"embeddable":true,"href":"https:\/\/lfv-oberholz.de\/cms\/wp-json\/wp\/v2\/comments?post=940"}],"version-history":[{"count":2,"href":"https:\/\/lfv-oberholz.de\/cms\/wp-json\/wp\/v2\/pages\/940\/revisions"}],"predecessor-version":[{"id":22487,"href":"https:\/\/lfv-oberholz.de\/cms\/wp-json\/wp\/v2\/pages\/940\/revisions\/22487"}],"up":[{"embeddable":true,"href":"https:\/\/lfv-oberholz.de\/cms\/wp-json\/wp\/v2\/pages\/211"}],"wp:attachment":[{"href":"https:\/\/lfv-oberholz.de\/cms\/wp-json\/wp\/v2\/media?parent=940"}],"curies":[{"name":"wp","href":"https:\/\/api.w.org\/{rel}","templated":true}]}}