{"id":948,"date":"2015-12-04T21:35:35","date_gmt":"2015-12-04T20:35:35","guid":{"rendered":"http:\/\/lfv-oberholz.de\/cms\/?page_id=948"},"modified":"2025-02-22T11:07:09","modified_gmt":"2025-02-22T10:07:09","slug":"ski","status":"publish","type":"page","link":"https:\/\/lfv-oberholz.de\/cms\/verein\/ski\/","title":{"rendered":"Ski"},"content":{"rendered":"<h2>Skilanglauf<\/h2>\n<p>\u2026 die zentrale Abteilung unserer Trainer \/ \u00dcbungsleiter. Skilanglauf ist neben dem Interesse am Laufsport der Ursprung des LFV Oberholz.<\/p>\n<p>Hier gibt es Trainings-, Freizeit- und Wettkampfangebote bzw. die Teilnahme an solchen.<\/p>\n<p><img loading=\"lazy\" decoding=\"async\" class=\"alignnone size-medium wp-image-959\" src=\"https:\/\/lfv-oberholz.de\/cms\/wp-content\/uploads\/051-300x200.jpg\" alt=\"05\" width=\"300\" height=\"200\" srcset=\"https:\/\/lfv-oberholz.de\/cms\/wp-content\/uploads\/051-300x200.jpg 300w, https:\/\/lfv-oberholz.de\/cms\/wp-content\/uploads\/051.jpg 448w\" sizes=\"auto, (max-width: 300px) 100vw, 300px\" \/><\/p>\n<p>Im Winter wird versucht, durch Tagesfahrten in die Mittelgebirge, so oft wie m\u00f6glich auf den Schnee zu kommen.<br \/>\nIm Sommer beschr\u00e4nken sich die Aktivit\u00e4ten auf die alternativen Sportarten Rollski-, Skiroller- und Inlinerlauf. Zudem versuchen sich die Langl\u00e4ufer im Triathlon oder dessen Einzeldisziplinen um vielseitig \u00fcber die warmen Monate zu kommen.<\/p>\n<h3>Trainingszeiten<\/h3>\n<p>In der Turnhalle im B\u00fcrger- und Vereinshaus Gro\u00dfp\u00f6sna (nahe P\u00f6snaPark)<\/p>\n<p>&#8212; nur an Schultagen &#8212;\u00a0\u00a0\u00a0\u00a0\u00a0\u00a0\u00a0\u00a0\u00a0\u00a0\u00a0\u00a0\u00a0\u00a0\u00a0\u00a0\u00a0\u00a0\u00a0\u00a0\u00a0\u00a0\u00a0\u00a0\u00a0\u00a0\u00a0\u00a0\u00a0\u00a0\u00a0\u00a0\u00a0\u00a0\u00a0\u00a0\u00a0\u00a0\u00a0\u00a0\u00a0 &#8212; allgem. Athletik + Kraft &#8212;<br \/>\nKinder (3) 4-7 Jahre\u00a0\u00a0\u00a0\u00a0\u00a0\u00a0\u00a0\u00a0\u00a0\u00a0\u00a0\u00a0\u00a0\u00a0\u00a0\u00a0\u00a0\u00a0\u00a0\u00a0\u00a0\u00a0\u00a0\u00a0\u00a0\u00a0\u00a0\u00a0\u00a0\u00a0\u00a0\u00a0\u00a0\u00a0\u00a0\u00a0\u00a0\u00a0\u00a0\u00a0\u00a0 montags 17.00-18.00 Uhr<br \/>\nKinder ab 8 Jahre, Jugend, Erwachsene\u00a0\u00a0\u00a0\u00a0\u00a0\u00a0 \u00a0\u00a0 montags 18.00-19.15 (19.30) Uhr<\/p>\n<p>P\u00f6snaPark, Parkplatz SCONTO M\u00f6bel SB<br \/>\n&#8212; nur an Schultagen &#8212;\u00a0\u00a0\u00a0\u00a0\u00a0\u00a0\u00a0\u00a0\u00a0\u00a0\u00a0\u00a0\u00a0\u00a0\u00a0\u00a0\u00a0\u00a0\u00a0\u00a0\u00a0\u00a0\u00a0\u00a0\u00a0\u00a0\u00a0\u00a0\u00a0\u00a0\u00a0\u00a0\u00a0\u00a0\u00a0\u00a0\u00a0\u00a0\u00a0\u00a0\u00a0 &#8212; Inlieskating + Sommerski &#8212;<br \/>\nAnf\u00e4ngerkurse alle Altersklassen\u00a0\u00a0\u00a0\u00a0\u00a0\u00a0\u00a0\u00a0\u00a0\u00a0\u00a0\u00a0\u00a0\u00a0\u00a0\u00a0\u00a0\u00a0\u00a0 \u00a0\u00a0 mittwochs Treff 17.00 Uhr \/ 17.15-18.15 Uhr<br \/>\nfortgeschrittene alle Klassen\u00a0\u00a0\u00a0\u00a0\u00a0\u00a0\u00a0\u00a0\u00a0\u00a0\u00a0\u00a0\u00a0\u00a0\u00a0\u00a0\u00a0\u00a0\u00a0\u00a0\u00a0\u00a0\u00a0\u00a0\u00a0\u00a0\u00a0\u00a0\u00a0 mittwochs Treff 17.00 Uhr \/ 17.15-18.45 Uhr<br \/>\nweitere Trainingsorte \/-zeiten in Absprache mit den Trainern<\/p>\n<p>Gro\u00dfp\u00f6sna, M\u00fchlweg 4 (Lauftreff Oberholz)\u00a0\u00a0\u00a0\u00a0\u00a0\u00a0\u00a0 &#8212; Alternativ- und Ausdauertraining &#8212;<br \/>\nalle Altersklassen\u00a0\u00a0\u00a0\u00a0\u00a0\u00a0\u00a0\u00a0\u00a0\u00a0\u00a0\u00a0\u00a0\u00a0\u00a0\u00a0\u00a0\u00a0\u00a0\u00a0\u00a0\u00a0\u00a0\u00a0\u00a0\u00a0\u00a0\u00a0\u00a0\u00a0\u00a0\u00a0\u00a0\u00a0\u00a0\u00a0\u00a0\u00a0\u00a0\u00a0\u00a0\u00a0\u00a0\u00a0\u00a0\u00a0\u00a0\u00a0\u00a0\u00a0\u00a0 sonntags ab 10.00 Uhr<\/p>\n<h3>Trainer \/ \u00dcbungsleiter:<\/h3>\n<p><a href=\"https:\/\/lfv-oberholz.de\/cms\/athleten\/bauer-joerg\/\">J\u00f6rg Bauer<\/a>\u00a0\u00a0\u00a0\u00a0\u00a0\u00a0\u00a0\u00a0\u00a0\u00a0\u00a0\u00a0\u00a0\u00a0\u00a0\u00a0\u00a0 (Ski)<br \/>\nKathrin Herrmann\u00a0\u00a0\u00a0 \u00a0 (Ski)<br \/>\nJens Herrmann\u00a0\u00a0\u00a0\u00a0\u00a0\u00a0\u00a0 \u00a0 (Ski)<br \/>\nDavid Kleinig\u00a0\u00a0\u00a0\u00a0\u00a0\u00a0\u00a0\u00a0\u00a0 \u00a0 \u00a0 (Ski)<br \/>\n<a href=\"https:\/\/lfv-oberholz.de\/cms\/athleten\/noack-katja\/\">Katja Noack<\/a>\u00a0\u00a0\u00a0\u00a0\u00a0 \u00a0 \u00a0 \u00a0 \u00a0\u00a0 \u00a0 (Ski)<\/p>\n<h3>Materialwart<\/h3>\n<p><a href=\"https:\/\/lfv-oberholz.de\/cms\/athleten\/koitz-andreas\/\">Andreas Koitz<\/a><\/p>\n<h3>Athleten<\/h3>\n<p>Andreas Bauer<br \/>\nJanine Bauer<br \/>\n<a href=\"https:\/\/lfv-oberholz.de\/cms\/athleten\/bauer-joerg\/\">J\u00f6rg Bauer<\/a><br \/>\n<a href=\"https:\/\/lfv-oberholz.de\/cms\/athleten\/bogen-bianca\/\">Bianca Bogen<\/a><br \/>\n<a href=\"https:\/\/lfv-oberholz.de\/cms\/athleten\/bogen-gregor\/\">Gregor Bogen<\/a><br \/>\n<a href=\"https:\/\/lfv-oberholz.de\/cms\/athleten\/bogen-kathrin\/\">Kathrin Bogen<\/a><br \/>\n<a href=\"https:\/\/lfv-oberholz.de\/cms\/athleten\/bogen-rico\/\">Rico Bogen<\/a><br \/>\nTessa Etzold<br \/>\nFelix Fache<br \/>\nJens Herrmann<br \/>\nKathrin Herrmann<br \/>\nDavid Kleinig<br \/>\nCarolin Lieder<br \/>\nCarolin Miersch<br \/>\nIsabel Miersch<br \/>\nCharlotte-Sophie Noack<br \/>\n<a href=\"https:\/\/lfv-oberholz.de\/cms\/athleten\/noack-katja\/\">Katja Noack<\/a><br \/>\nJ\u00f6rg Starke<\/p>\n<h3>Weitere Allgemeinsport, Rollski, Skiwandern (Abteilung Ski)<\/h3>\n<p><a href=\"https:\/\/lfv-oberholz.de\/cms\/athleten\/bauer-pascal\/\">Pascal Bauer<\/a><br \/>\nHelena Dietrich<br \/>\nKatharina Dietrich<br \/>\nTessa Etzold<br \/>\nMarco Fischer<br \/>\nMarcus Gebhardt<br \/>\nStephan Golatowski<br \/>\nThomas Gross<br \/>\nCornelia Klee<br \/>\nAlexander Klemm<br \/>\nHenri Leuschner<br \/>\nMichael Loth<br \/>\nSebastian Pfl\u00fcger<br \/>\nChristiane Rabe<br \/>\nAlexander Reinsch<br \/>\nJohn Maarten Reiprich<br \/>\nSaskia Reiprich<br \/>\nWim Sander Reiprich<br \/>\nMaria Schneider<br \/>\nMathilda Schneider<br \/>\nChristian Schricker<br \/>\nThomas Sch\u00f6der<br \/>\nKarsten Schubert<br \/>\nPaulina Schug<br \/>\nChristiane Swoboda<br \/>\nEmma Swoboda<br \/>\nFranz Swoboda<br \/>\nMichael Swoboda<br \/>\nChris Timmler<br \/>\nDr. Ina Uebersch\u00e4r<br \/>\nTilo Ulbrecht<br \/>\nMartin Wei\u00dfbach<br \/>\nS\u00f6ren Wenner<br \/>\nDiana Werner<br \/>\nElias M. Werner<br \/>\nMarc Werner<\/p>\n","protected":false},"excerpt":{"rendered":"<p>Skilanglauf \u2026 die zentrale Abteilung unserer Trainer \/ \u00dcbungsleiter. Skilanglauf ist neben dem Interesse am Laufsport der Ursprung des LFV Oberholz. Hier gibt es Trainings-, Freizeit- und Wettkampfangebote bzw. die Teilnahme an solchen. Im Winter wird versucht, durch Tagesfahrten in &hellip; <a href=\"https:\/\/lfv-oberholz.de\/cms\/verein\/ski\/\">Weiterlesen <span class=\"meta-nav\">&rarr;<\/span><\/a><\/p>\n","protected":false},"author":6,"featured_media":958,"parent":211,"menu_order":0,"comment_status":"closed","ping_status":"closed","template":"","meta":{"pgc_sgb_lightbox_settings":"","footnotes":""},"class_list":["post-948","page","type-page","status-publish","has-post-thumbnail","hentry"],"_links":{"self":[{"href":"https:\/\/lfv-oberholz.de\/cms\/wp-json\/wp\/v2\/pages\/948","targetHints":{"allow":["GET"]}}],"collection":[{"href":"https:\/\/lfv-oberholz.de\/cms\/wp-json\/wp\/v2\/pages"}],"about":[{"href":"https:\/\/lfv-oberholz.de\/cms\/wp-json\/wp\/v2\/types\/page"}],"author":[{"embeddable":true,"href":"https:\/\/lfv-oberholz.de\/cms\/wp-json\/wp\/v2\/users\/6"}],"replies":[{"embeddable":true,"href":"https:\/\/lfv-oberholz.de\/cms\/wp-json\/wp\/v2\/comments?post=948"}],"version-history":[{"count":2,"href":"https:\/\/lfv-oberholz.de\/cms\/wp-json\/wp\/v2\/pages\/948\/revisions"}],"predecessor-version":[{"id":21004,"href":"https:\/\/lfv-oberholz.de\/cms\/wp-json\/wp\/v2\/pages\/948\/revisions\/21004"}],"up":[{"embeddable":true,"href":"https:\/\/lfv-oberholz.de\/cms\/wp-json\/wp\/v2\/pages\/211"}],"wp:featuredmedia":[{"embeddable":true,"href":"https:\/\/lfv-oberholz.de\/cms\/wp-json\/wp\/v2\/media\/958"}],"wp:attachment":[{"href":"https:\/\/lfv-oberholz.de\/cms\/wp-json\/wp\/v2\/media?parent=948"}],"curies":[{"name":"wp","href":"https:\/\/api.w.org\/{rel}","templated":true}]}}