{"id":9758,"date":"2021-10-18T21:31:24","date_gmt":"2021-10-18T19:31:24","guid":{"rendered":"http:\/\/lfv-oberholz.de\/cms\/?page_id=9758"},"modified":"2021-10-18T21:35:32","modified_gmt":"2021-10-18T19:35:32","slug":"vereinsinterne-vorzugs-anmeldung-zum-leipzig-marathon","status":"publish","type":"page","link":"https:\/\/lfv-oberholz.de\/cms\/vereinsinterne-vorzugs-anmeldung-zum-leipzig-marathon\/","title":{"rendered":"Vereinsinterne Vorzugs-Anmeldung zum Leipzig Marathon"},"content":{"rendered":"<p>&nbsp;<\/p>\n<p>Auch in 2022 haben Mitglieder des LFV Oberholz e.V. die M\u00f6glichkeit, sich zu Sonderkonditionen bis mitte M\u00e4rz f\u00fcr den Leipzig Marathon anzumelden. Dies sollte mit folgenden Angaben an Sigrid Koitz geschehen:<br \/>\nName, Vorname, Verein (LFV Oberholz), Geburtsdatum, Disziplin\/Strecke, Mailadresse, aktuelle Telefonnummer<\/p>\n<p>Kontakt via Mail an: org (at) lfv-oberholz.de<\/p>\n<p>&nbsp;<\/p>\n","protected":false},"excerpt":{"rendered":"<p>&nbsp; Auch in 2022 haben Mitglieder des LFV Oberholz e.V. die M\u00f6glichkeit, sich zu Sonderkonditionen bis mitte M\u00e4rz f\u00fcr den Leipzig Marathon anzumelden. Dies sollte mit folgenden Angaben an Sigrid Koitz geschehen: Name, Vorname, Verein (LFV Oberholz), Geburtsdatum, Disziplin\/Strecke, Mailadresse, &hellip; <a href=\"https:\/\/lfv-oberholz.de\/cms\/vereinsinterne-vorzugs-anmeldung-zum-leipzig-marathon\/\">Weiterlesen <span class=\"meta-nav\">&rarr;<\/span><\/a><\/p>\n","protected":false},"author":6,"featured_media":0,"parent":0,"menu_order":0,"comment_status":"closed","ping_status":"closed","template":"","meta":{"pgc_sgb_lightbox_settings":"","footnotes":""},"class_list":["post-9758","page","type-page","status-publish","hentry"],"_links":{"self":[{"href":"https:\/\/lfv-oberholz.de\/cms\/wp-json\/wp\/v2\/pages\/9758","targetHints":{"allow":["GET"]}}],"collection":[{"href":"https:\/\/lfv-oberholz.de\/cms\/wp-json\/wp\/v2\/pages"}],"about":[{"href":"https:\/\/lfv-oberholz.de\/cms\/wp-json\/wp\/v2\/types\/page"}],"author":[{"embeddable":true,"href":"https:\/\/lfv-oberholz.de\/cms\/wp-json\/wp\/v2\/users\/6"}],"replies":[{"embeddable":true,"href":"https:\/\/lfv-oberholz.de\/cms\/wp-json\/wp\/v2\/comments?post=9758"}],"version-history":[{"count":0,"href":"https:\/\/lfv-oberholz.de\/cms\/wp-json\/wp\/v2\/pages\/9758\/revisions"}],"wp:attachment":[{"href":"https:\/\/lfv-oberholz.de\/cms\/wp-json\/wp\/v2\/media?parent=9758"}],"curies":[{"name":"wp","href":"https:\/\/api.w.org\/{rel}","templated":true}]}}