{"id":999,"date":"2016-01-03T18:51:01","date_gmt":"2016-01-03T17:51:01","guid":{"rendered":"http:\/\/lfv-oberholz.de\/cms\/?page_id=999"},"modified":"2018-05-23T15:18:47","modified_gmt":"2018-05-23T13:18:47","slug":"pflueger-sebastian","status":"publish","type":"page","link":"https:\/\/lfv-oberholz.de\/cms\/athleten\/pflueger-sebastian\/","title":{"rendered":"Pfl\u00fcger, Sebastian"},"content":{"rendered":"<h2>Sebastian Pfl\u00fcger<\/h2>\n<p>(Dieses Seite wurde mit Einwilligung der betreffenden Person erstellt und ver\u00f6ffentlicht.)<\/p>\n<ul>\n<li style=\"text-align: justify;\">Mitglied seit:<strong> \u00a0\u00a0\u00a0\u00a0\u00a0 <\/strong>September 1999<img loading=\"lazy\" decoding=\"async\" class=\" wp-image-1001 alignright\" src=\"https:\/\/lfv-oberholz.de\/cms\/wp-content\/uploads\/Sebastian_Triathlonbild-300x219.jpg\" alt=\"Sebastian_Triathlonbild\" width=\"286\" height=\"209\" srcset=\"https:\/\/lfv-oberholz.de\/cms\/wp-content\/uploads\/Sebastian_Triathlonbild-300x219.jpg 300w, https:\/\/lfv-oberholz.de\/cms\/wp-content\/uploads\/Sebastian_Triathlonbild.jpg 547w\" sizes=\"auto, (max-width: 286px) 100vw, 286px\" \/><\/li>\n<li>Beruf:\u00a0\u00a0\u00a0\u00a0\u00a0\u00a0\u00a0\u00a0\u00a0\u00a0\u00a0\u00a0\u00a0\u00a0\u00a0\u00a0 \u00a0 Wirtschaftsingenieur<\/li>\n<li style=\"text-align: justify;\">Wohnort:\u00a0\u00a0\u00a0\u00a0\u00a0\u00a0\u00a0\u00a0\u00a0\u00a0\u00a0\u00a0 Leipzig<\/li>\n<li style=\"text-align: justify;\">Jahrgang:\u00a0\u00a0\u00a0\u00a0\u00a0\u00a0\u00a0\u00a0\u00a0\u00a0 1988<\/li>\n<li style=\"text-align: justify;\">Sportarten:\u00a0\u00a0\u00a0\u00a0\u00a0\u00a0\u00a0\u00a0\u00a0 Lauf, Ski, Triathlon<\/li>\n<li>Motivation:\u00a0\u00a0\u00a0\u00a0\u00a0\u00a0\u00a0\u00a0\u00a0 Pers\u00f6nlich bedeutet Triathlon f\u00fcr mich mehr als die blo\u00dfe Aneinanderreihung von 3 Ausdauersportarten, vielmehr verbinde ich mit dem Dreikampf Leidenschaft und eine gewisse Art von Lifestyle. Die Sportart ist gepr\u00e4gt durch eine unglaublich hohe Vielseitigkeit im Trainingsalltag und schult gleichzeitig eine gewisse Zielstrebigkeit und den notwendigen Ehrgeiz auch im Alltag zu bestehen. Die k\u00f6rperlich grenzwertigen Anstrengungen auf der einen Seite und die unglaublich vielen positiven Hormonaussch\u00fcttungen motivieren mich Jahr f\u00fcr Jahr weiter an meiner Leistung zu arbeiten um mich kontinuierlich zu verbessern<\/li>\n<li>pers\u00f6nliche Erfolge im Triathlon:<img loading=\"lazy\" decoding=\"async\" class=\"alignnone size-medium wp-image-1080 alignright\" src=\"https:\/\/lfv-oberholz.de\/cms\/wp-content\/uploads\/Triathlon-Grimma-203x300.jpg\" alt=\"Triathlon Grimma\" width=\"203\" height=\"300\" srcset=\"https:\/\/lfv-oberholz.de\/cms\/wp-content\/uploads\/Triathlon-Grimma-203x300.jpg 203w, https:\/\/lfv-oberholz.de\/cms\/wp-content\/uploads\/Triathlon-Grimma.jpg 696w\" sizes=\"auto, (max-width: 203px) 100vw, 203px\" \/><br \/>\nEinzel:<\/p>\n<ul style=\"list-style-type: circle;\">\n<li>1.Platz &#8222;NeuseenMAN&#8220; Triathlon 2016<\/li>\n<li>2.Platz Sachsenmeisterschaft 2016 (M25)<\/li>\n<li>Top 10 LVB Triathlon 2014 (02:03:31)<\/li>\n<li>Top 10 Halbdistanz Moritzburg 2014 + 2015(Bestzeit:04:13:52)<\/li>\n<li>3.Platz -3Cup Th\u00fcringen- 2013 (M\u00e4nner gesamt)<\/li>\n<li>2.Platz Th\u00fcr. Meisterschaft olympisch 2013 (M\u00e4nner gesamt)<\/li>\n<li>1.Platz Th\u00fcr. Duathlon Meisterschaft 2012 (M20)\/ 2013 (M25)<\/li>\n<li style=\"text-align: justify;\">2.Platz Th\u00fcr. Meisterschaft olympisch 2012 (M20)<\/li>\n<li style=\"text-align: justify;\">3.Platz S\u00e4chs. Meisterschaften 2009 (M\u00e4nner gesamt)<\/li>\n<li style=\"text-align: justify;\">2.Platz S\u00e4chs. Meisterschaften 2007 (Junioren)<\/li>\n<li style=\"text-align: justify;\">Sportler des Jahres Landkreis Leipzig 2007 (M\u00e4nner gesamt)<\/li>\n<li style=\"text-align: justify;\">Zwischen 2006-14 insgesamt 8 Teilnahmen an der Triathlon Regionalliga Ost: \u25ba 2006-2008: Team Bella Vista Leipzig \/ LFV Oberholz\u00a0\u00a0\u00a0\u00a0\u00a0\u00a0\u00a0 \u25ba\u00a0 2010-2014: Triathlon Team Jena<\/li>\n<\/ul>\n<\/li>\n<\/ul>\n<p>Team:<br \/>\nPlatz 3 Regionalliga Ost; Saison 2011<br \/>\nPlatz 4 Regionalliga Ost; Saison 2007, 2008, 2010, 2012<\/p>\n<ul>\n<li>pers\u00f6nliche Erfolge im Laufen:\n<ul style=\"list-style-type: circle;\">\n<li>Finsher Halbmarathon 1:20:18 h<\/li>\n<li>Finsher Leipzig Marathon 2014: 3:12:43<\/li>\n<li>Finisher Leipzig Marathon 2016: 2:58:48 h<\/li>\n<li>Vielfache Teilnahmen und Podestpl\u00e4tzen (AK) bei regionalen und \u00fcberregionalen L\u00e4ufen<\/li>\n<\/ul>\n<\/li>\n<\/ul>\n<ul>\n<li>Skilanglauf\n<ul style=\"list-style-type: circle;\">\n<li>Teilnahme an Regionalmeisterschaften und Skirollerwettk\u00e4mpfen w\u00e4hrend meiner Jugend<\/li>\n<\/ul>\n<\/li>\n<\/ul>\n<p><img loading=\"lazy\" decoding=\"async\" class=\"alignnone size-medium wp-image-4029\" src=\"https:\/\/lfv-oberholz.de\/cms\/wp-content\/uploads\/FB_IMG_1504488946422-300x200.jpg\" alt=\"FB_IMG_1504488946422\" width=\"300\" height=\"200\" srcset=\"https:\/\/lfv-oberholz.de\/cms\/wp-content\/uploads\/FB_IMG_1504488946422-300x200.jpg 300w, https:\/\/lfv-oberholz.de\/cms\/wp-content\/uploads\/FB_IMG_1504488946422-1024x682.jpg 1024w, https:\/\/lfv-oberholz.de\/cms\/wp-content\/uploads\/FB_IMG_1504488946422.jpg 1080w\" sizes=\"auto, (max-width: 300px) 100vw, 300px\" \/> <img loading=\"lazy\" decoding=\"async\" class=\"alignnone  wp-image-4031\" src=\"https:\/\/lfv-oberholz.de\/cms\/wp-content\/uploads\/FB_IMG_1504489856422-300x200.jpg\" alt=\"FB_IMG_1504489856422\" width=\"335\" height=\"223\" srcset=\"https:\/\/lfv-oberholz.de\/cms\/wp-content\/uploads\/FB_IMG_1504489856422-300x200.jpg 300w, https:\/\/lfv-oberholz.de\/cms\/wp-content\/uploads\/FB_IMG_1504489856422-1024x682.jpg 1024w, https:\/\/lfv-oberholz.de\/cms\/wp-content\/uploads\/FB_IMG_1504489856422.jpg 1080w\" sizes=\"auto, (max-width: 335px) 100vw, 335px\" \/> <img loading=\"lazy\" decoding=\"async\" class=\"alignnone  wp-image-1078\" src=\"https:\/\/lfv-oberholz.de\/cms\/wp-content\/uploads\/LVB-Triathlon-300x206.jpg\" alt=\"???????????????????????????????\" width=\"314\" height=\"215\" srcset=\"https:\/\/lfv-oberholz.de\/cms\/wp-content\/uploads\/LVB-Triathlon-300x206.jpg 300w, https:\/\/lfv-oberholz.de\/cms\/wp-content\/uploads\/LVB-Triathlon-1024x706.jpg 1024w\" sizes=\"auto, (max-width: 314px) 100vw, 314px\" \/> <img loading=\"lazy\" decoding=\"async\" class=\"alignnone  wp-image-1079\" src=\"https:\/\/lfv-oberholz.de\/cms\/wp-content\/uploads\/Marathon-Leipzig-300x200.jpg\" alt=\"Marathon Leipzig\" width=\"321\" height=\"214\" srcset=\"https:\/\/lfv-oberholz.de\/cms\/wp-content\/uploads\/Marathon-Leipzig-300x200.jpg 300w, https:\/\/lfv-oberholz.de\/cms\/wp-content\/uploads\/Marathon-Leipzig-1024x683.jpg 1024w\" sizes=\"auto, (max-width: 321px) 100vw, 321px\" \/> <img loading=\"lazy\" decoding=\"async\" class=\"alignnone  wp-image-1082\" src=\"https:\/\/lfv-oberholz.de\/cms\/wp-content\/uploads\/Triathlon-Rackwitz-300x168.jpg\" alt=\"Triathlon Rackwitz\" width=\"315\" height=\"177\" srcset=\"https:\/\/lfv-oberholz.de\/cms\/wp-content\/uploads\/Triathlon-Rackwitz-300x168.jpg 300w, https:\/\/lfv-oberholz.de\/cms\/wp-content\/uploads\/Triathlon-Rackwitz-1024x576.jpg 1024w, https:\/\/lfv-oberholz.de\/cms\/wp-content\/uploads\/Triathlon-Rackwitz.jpg 1280w\" sizes=\"auto, (max-width: 315px) 100vw, 315px\" \/> <img loading=\"lazy\" decoding=\"async\" class=\"alignnone  wp-image-1081\" src=\"https:\/\/lfv-oberholz.de\/cms\/wp-content\/uploads\/Triathlon-Moritzburg-300x168.jpg\" alt=\"???????????\" width=\"319\" height=\"178\" srcset=\"https:\/\/lfv-oberholz.de\/cms\/wp-content\/uploads\/Triathlon-Moritzburg-300x168.jpg 300w, https:\/\/lfv-oberholz.de\/cms\/wp-content\/uploads\/Triathlon-Moritzburg.jpg 1024w\" sizes=\"auto, (max-width: 319px) 100vw, 319px\" \/><\/p>\n<p>&nbsp;<\/p>\n","protected":false},"excerpt":{"rendered":"<p>Sebastian Pfl\u00fcger (Dieses Seite wurde mit Einwilligung der betreffenden Person erstellt und ver\u00f6ffentlicht.) Mitglied seit: \u00a0\u00a0\u00a0\u00a0\u00a0 September 1999 Beruf:\u00a0\u00a0\u00a0\u00a0\u00a0\u00a0\u00a0\u00a0\u00a0\u00a0\u00a0\u00a0\u00a0\u00a0\u00a0\u00a0 \u00a0 Wirtschaftsingenieur Wohnort:\u00a0\u00a0\u00a0\u00a0\u00a0\u00a0\u00a0\u00a0\u00a0\u00a0\u00a0\u00a0 Leipzig Jahrgang:\u00a0\u00a0\u00a0\u00a0\u00a0\u00a0\u00a0\u00a0\u00a0\u00a0 1988 Sportarten:\u00a0\u00a0\u00a0\u00a0\u00a0\u00a0\u00a0\u00a0\u00a0 Lauf, Ski, Triathlon Motivation:\u00a0\u00a0\u00a0\u00a0\u00a0\u00a0\u00a0\u00a0\u00a0 Pers\u00f6nlich bedeutet Triathlon f\u00fcr mich mehr als die blo\u00dfe Aneinanderreihung &hellip; <a href=\"https:\/\/lfv-oberholz.de\/cms\/athleten\/pflueger-sebastian\/\">Weiterlesen <span class=\"meta-nav\">&rarr;<\/span><\/a><\/p>\n","protected":false},"author":10,"featured_media":0,"parent":257,"menu_order":0,"comment_status":"closed","ping_status":"closed","template":"","meta":{"pgc_sgb_lightbox_settings":"","footnotes":""},"class_list":["post-999","page","type-page","status-publish","hentry"],"_links":{"self":[{"href":"https:\/\/lfv-oberholz.de\/cms\/wp-json\/wp\/v2\/pages\/999","targetHints":{"allow":["GET"]}}],"collection":[{"href":"https:\/\/lfv-oberholz.de\/cms\/wp-json\/wp\/v2\/pages"}],"about":[{"href":"https:\/\/lfv-oberholz.de\/cms\/wp-json\/wp\/v2\/types\/page"}],"author":[{"embeddable":true,"href":"https:\/\/lfv-oberholz.de\/cms\/wp-json\/wp\/v2\/users\/10"}],"replies":[{"embeddable":true,"href":"https:\/\/lfv-oberholz.de\/cms\/wp-json\/wp\/v2\/comments?post=999"}],"version-history":[{"count":0,"href":"https:\/\/lfv-oberholz.de\/cms\/wp-json\/wp\/v2\/pages\/999\/revisions"}],"up":[{"embeddable":true,"href":"https:\/\/lfv-oberholz.de\/cms\/wp-json\/wp\/v2\/pages\/257"}],"wp:attachment":[{"href":"https:\/\/lfv-oberholz.de\/cms\/wp-json\/wp\/v2\/media?parent=999"}],"curies":[{"name":"wp","href":"https:\/\/api.w.org\/{rel}","templated":true}]}}